{"id":654,"date":"2024-10-08T11:14:43","date_gmt":"2024-10-08T09:14:43","guid":{"rendered":"https:\/\/nv-aalborg.dk\/?page_id=654"},"modified":"2025-01-23T10:56:47","modified_gmt":"2025-01-23T09:56:47","slug":"akutte-opgaver","status":"publish","type":"page","link":"https:\/\/nv-aalborg.dk\/index.php\/akutte-opgaver\/","title":{"rendered":"Akutte opgaver"},"content":{"rendered":"\t\t<div data-elementor-type=\"wp-page\" data-elementor-id=\"654\" class=\"elementor elementor-654\" data-elementor-post-type=\"page\">\n\t\t\t\t<div class=\"elementor-element elementor-element-784f191 e-con-full e-flex e-con e-parent\" data-id=\"784f191\" data-element_type=\"container\" data-settings=\"{&quot;background_background&quot;:&quot;classic&quot;}\">\n\t\t<div class=\"elementor-element elementor-element-113df60 e-con-full e-flex e-con e-child\" data-id=\"113df60\" data-element_type=\"container\">\n\t\t\t\t<div class=\"elementor-element elementor-element-6712981 elementor-widget elementor-widget-heading\" data-id=\"6712981\" data-element_type=\"widget\" data-widget_type=\"heading.default\">\n\t\t\t\t<div class=\"elementor-widget-container\">\n\t\t\t\t\t<h1 class=\"elementor-heading-title elementor-size-default\">Akutte opgaver<\/h1>\t\t\t\t<\/div>\n\t\t\t\t<\/div>\n\t\t<div class=\"elementor-element elementor-element-a35b4fa e-con-full e-flex e-con e-child\" data-id=\"a35b4fa\" data-element_type=\"container\">\n\t\t\t\t<div class=\"elementor-element elementor-element-223a6bc elementor-invisible elementor-widget elementor-widget-button\" data-id=\"223a6bc\" data-element_type=\"widget\" data-settings=\"{&quot;_animation&quot;:&quot;fadeInUp&quot;,&quot;_animation_delay&quot;:500}\" data-widget_type=\"button.default\">\n\t\t\t\t<div class=\"elementor-widget-container\">\n\t\t\t\t\t\t\t\t\t<div class=\"elementor-button-wrapper\">\n\t\t\t\t\t<a class=\"elementor-button elementor-button-link elementor-size-sm elementor-animation-shrink\" href=\"https:\/\/nv-aalborg.dk\/index.php\/kontakt\/\">\n\t\t\t\t\t\t<span class=\"elementor-button-content-wrapper\">\n\t\t\t\t\t\t\t\t\t<span class=\"elementor-button-text\">Kontakt os<\/span>\n\t\t\t\t\t<\/span>\n\t\t\t\t\t<\/a>\n\t\t\t\t<\/div>\n\t\t\t\t\t\t\t\t<\/div>\n\t\t\t\t<\/div>\n\t\t\t\t<\/div>\n\t\t\t\t<\/div>\n\t\t<div class=\"elementor-element elementor-element-f6c59ae e-con-full e-flex e-con e-child\" data-id=\"f6c59ae\" data-element_type=\"container\" data-settings=\"{&quot;background_background&quot;:&quot;classic&quot;,&quot;animation_mobile&quot;:&quot;fadeInUp&quot;,&quot;background_motion_fx_motion_fx_scrolling&quot;:&quot;yes&quot;,&quot;background_motion_fx_translateY_effect&quot;:&quot;yes&quot;,&quot;background_motion_fx_translateY_speed&quot;:{&quot;unit&quot;:&quot;px&quot;,&quot;size&quot;:4,&quot;sizes&quot;:[]},&quot;background_motion_fx_translateY_affectedRange&quot;:{&quot;unit&quot;:&quot;%&quot;,&quot;size&quot;:&quot;&quot;,&quot;sizes&quot;:{&quot;start&quot;:0,&quot;end&quot;:100}},&quot;background_motion_fx_devices&quot;:[&quot;widescreen&quot;,&quot;desktop&quot;,&quot;laptop&quot;,&quot;tablet_extra&quot;,&quot;tablet&quot;,&quot;mobile&quot;]}\">\n\t\t\t\t<\/div>\n\t\t\t\t<\/div>\n\t\t<div class=\"elementor-element elementor-element-85b339d e-flex e-con-boxed elementor-invisible e-con e-parent\" data-id=\"85b339d\" data-element_type=\"container\" data-settings=\"{&quot;animation&quot;:&quot;fadeInUp&quot;,&quot;background_background&quot;:&quot;classic&quot;}\">\n\t\t\t\t\t<div class=\"e-con-inner\">\n\t\t<div class=\"elementor-element elementor-element-5132c07 e-con-full e-flex e-con e-child\" data-id=\"5132c07\" data-element_type=\"container\">\n\t\t\t\t<div class=\"elementor-element elementor-element-0e2953b elementor-widget elementor-widget-image\" data-id=\"0e2953b\" data-element_type=\"widget\" data-widget_type=\"image.default\">\n\t\t\t\t<div class=\"elementor-widget-container\">\n\t\t\t\t\t\t\t\t\t\t\t\t\t\t\t<img fetchpriority=\"high\" decoding=\"async\" width=\"800\" height=\"534\" src=\"https:\/\/nv-aalborg.dk\/wp-content\/uploads\/2024\/12\/unposed-group-of-creative-business-people-in-an-op-2024-09-14-06-31-33-utc-1024x683.jpg\" class=\"attachment-large size-large wp-image-1476\" alt=\"\" srcset=\"https:\/\/nv-aalborg.dk\/wp-content\/uploads\/2024\/12\/unposed-group-of-creative-business-people-in-an-op-2024-09-14-06-31-33-utc-1024x683.jpg 1024w, https:\/\/nv-aalborg.dk\/wp-content\/uploads\/2024\/12\/unposed-group-of-creative-business-people-in-an-op-2024-09-14-06-31-33-utc-300x200.jpg 300w, https:\/\/nv-aalborg.dk\/wp-content\/uploads\/2024\/12\/unposed-group-of-creative-business-people-in-an-op-2024-09-14-06-31-33-utc-768x513.jpg 768w, https:\/\/nv-aalborg.dk\/wp-content\/uploads\/2024\/12\/unposed-group-of-creative-business-people-in-an-op-2024-09-14-06-31-33-utc.jpg 1500w\" sizes=\"(max-width: 800px) 100vw, 800px\" \/>\t\t\t\t\t\t\t\t\t\t\t\t\t\t\t<\/div>\n\t\t\t\t<\/div>\n\t\t\t\t<\/div>\n\t\t<div class=\"elementor-element elementor-element-33ec00d e-con-full e-flex e-con e-child\" data-id=\"33ec00d\" data-element_type=\"container\">\n\t\t\t\t<div class=\"elementor-element elementor-element-c2ffd1f elementor-widget elementor-widget-heading\" data-id=\"c2ffd1f\" data-element_type=\"widget\" data-widget_type=\"heading.default\">\n\t\t\t\t<div class=\"elementor-widget-container\">\n\t\t\t\t\t<h3 class=\"elementor-heading-title elementor-size-default\">Hurtig Indsats: Netv\u00e6rkets Rolle i Akutte Situationer<\/h3>\t\t\t\t<\/div>\n\t\t\t\t<\/div>\n\t\t\t\t<div class=\"elementor-element elementor-element-8e1d54f elementor-widget elementor-widget-text-editor\" data-id=\"8e1d54f\" data-element_type=\"widget\" data-widget_type=\"text-editor.default\">\n\t\t\t\t<div class=\"elementor-widget-container\">\n\t\t\t\t\t\t\t\t\t<p>NETV\u00c6RKET har mulighed for at stille op til akut opgavel\u00f8sning, eksempelvis ved sammenbrud i anbringelser, akut opst\u00e5ede problemer i familier mm. Der vil v\u00e6re mulighed for at stille med medarbejdere i kortere eller l\u00e6ngere perioder for at arbejde p\u00e5 for eksempel at genoptage en anbringelse, s\u00f8ge alternative anbringelsesmuligheder eller genetablere en mere stabil situation i en familie.<\/p>\t\t\t\t\t\t\t\t<\/div>\n\t\t\t\t<\/div>\n\t\t\t\t<div class=\"elementor-element elementor-element-73a6fc7 elementor-invisible elementor-widget elementor-widget-button\" data-id=\"73a6fc7\" data-element_type=\"widget\" data-settings=\"{&quot;_animation&quot;:&quot;fadeInUp&quot;,&quot;_animation_delay&quot;:400}\" data-widget_type=\"button.default\">\n\t\t\t\t<div class=\"elementor-widget-container\">\n\t\t\t\t\t\t\t\t\t<div class=\"elementor-button-wrapper\">\n\t\t\t\t\t<a class=\"elementor-button elementor-button-link elementor-size-sm elementor-animation-shrink\" href=\"https:\/\/nv-aalborg.dk\/index.php\/kontakt\/\">\n\t\t\t\t\t\t<span class=\"elementor-button-content-wrapper\">\n\t\t\t\t\t\t\t\t\t<span class=\"elementor-button-text\">Kontakt os<\/span>\n\t\t\t\t\t<\/span>\n\t\t\t\t\t<\/a>\n\t\t\t\t<\/div>\n\t\t\t\t\t\t\t\t<\/div>\n\t\t\t\t<\/div>\n\t\t\t\t<\/div>\n\t\t\t\t\t<\/div>\n\t\t\t\t<\/div>\n\t\t\t\t<\/div>\n\t\t","protected":false},"excerpt":{"rendered":"<p>Akutte opgaver Kontakt os Hurtig Indsats: Netv\u00e6rkets Rolle i Akutte Situationer NETV\u00c6RKET har mulighed for at stille op til akut opgavel\u00f8sning, eksempelvis ved sammenbrud i anbringelser, akut opst\u00e5ede problemer i familier mm. Der vil v\u00e6re mulighed for at stille med medarbejdere i kortere eller l\u00e6ngere perioder for at arbejde p\u00e5 for eksempel at genoptage en [&hellip;]<\/p>\n","protected":false},"author":2,"featured_media":0,"parent":0,"menu_order":0,"comment_status":"closed","ping_status":"closed","template":"","meta":{"_acf_changed":false,"footnotes":""},"class_list":["post-654","page","type-page","status-publish","hentry"],"acf":[],"_links":{"self":[{"href":"https:\/\/nv-aalborg.dk\/index.php\/wp-json\/wp\/v2\/pages\/654","targetHints":{"allow":["GET"]}}],"collection":[{"href":"https:\/\/nv-aalborg.dk\/index.php\/wp-json\/wp\/v2\/pages"}],"about":[{"href":"https:\/\/nv-aalborg.dk\/index.php\/wp-json\/wp\/v2\/types\/page"}],"author":[{"embeddable":true,"href":"https:\/\/nv-aalborg.dk\/index.php\/wp-json\/wp\/v2\/users\/2"}],"replies":[{"embeddable":true,"href":"https:\/\/nv-aalborg.dk\/index.php\/wp-json\/wp\/v2\/comments?post=654"}],"version-history":[{"count":16,"href":"https:\/\/nv-aalborg.dk\/index.php\/wp-json\/wp\/v2\/pages\/654\/revisions"}],"predecessor-version":[{"id":2329,"href":"https:\/\/nv-aalborg.dk\/index.php\/wp-json\/wp\/v2\/pages\/654\/revisions\/2329"}],"wp:attachment":[{"href":"https:\/\/nv-aalborg.dk\/index.php\/wp-json\/wp\/v2\/media?parent=654"}],"curies":[{"name":"wp","href":"https:\/\/api.w.org\/{rel}","templated":true}]}}