{"id":581,"date":"2024-10-07T15:46:31","date_gmt":"2024-10-07T13:46:31","guid":{"rendered":"https:\/\/nv-aalborg.dk\/?page_id=581"},"modified":"2025-01-23T11:46:07","modified_gmt":"2025-01-23T10:46:07","slug":"specialopgaver-inden-for-autisme-og-adhd","status":"publish","type":"page","link":"https:\/\/nv-aalborg.dk\/index.php\/specialopgaver-inden-for-autisme-og-adhd\/","title":{"rendered":"Specialopgaver inden for autisme og ADHD"},"content":{"rendered":"\t\t<div data-elementor-type=\"wp-page\" data-elementor-id=\"581\" class=\"elementor elementor-581\" data-elementor-post-type=\"page\">\n\t\t\t\t<div class=\"elementor-element elementor-element-4dd0dc7 e-con-full e-flex e-con e-parent\" data-id=\"4dd0dc7\" data-element_type=\"container\" data-settings=\"{&quot;background_background&quot;:&quot;classic&quot;}\">\n\t\t<div class=\"elementor-element elementor-element-809b6a1 e-con-full e-flex e-con e-child\" data-id=\"809b6a1\" data-element_type=\"container\">\n\t\t\t\t<div class=\"elementor-element elementor-element-a6f5bad elementor-widget elementor-widget-heading\" data-id=\"a6f5bad\" data-element_type=\"widget\" data-widget_type=\"heading.default\">\n\t\t\t\t<div class=\"elementor-widget-container\">\n\t\t\t\t\t<h1 class=\"elementor-heading-title elementor-size-default\">Specialopgaver inden for autisme og ADHD<\/h1>\t\t\t\t<\/div>\n\t\t\t\t<\/div>\n\t\t<div class=\"elementor-element elementor-element-4e180cd e-con-full e-flex e-con e-child\" data-id=\"4e180cd\" data-element_type=\"container\">\n\t\t\t\t<div class=\"elementor-element elementor-element-d13bfe7 elementor-invisible elementor-widget elementor-widget-button\" data-id=\"d13bfe7\" data-element_type=\"widget\" data-settings=\"{&quot;_animation&quot;:&quot;fadeInUp&quot;,&quot;_animation_delay&quot;:500}\" data-widget_type=\"button.default\">\n\t\t\t\t<div class=\"elementor-widget-container\">\n\t\t\t\t\t\t\t\t\t<div class=\"elementor-button-wrapper\">\n\t\t\t\t\t<a class=\"elementor-button elementor-button-link elementor-size-sm elementor-animation-shrink\" href=\"https:\/\/nv-aalborg.dk\/index.php\/kontakt\/\">\n\t\t\t\t\t\t<span class=\"elementor-button-content-wrapper\">\n\t\t\t\t\t\t\t\t\t<span class=\"elementor-button-text\">Kontakt os<\/span>\n\t\t\t\t\t<\/span>\n\t\t\t\t\t<\/a>\n\t\t\t\t<\/div>\n\t\t\t\t\t\t\t\t<\/div>\n\t\t\t\t<\/div>\n\t\t\t\t<\/div>\n\t\t\t\t<\/div>\n\t\t<div class=\"elementor-element elementor-element-af43b06 e-con-full e-flex e-con e-child\" data-id=\"af43b06\" data-element_type=\"container\" data-settings=\"{&quot;background_background&quot;:&quot;classic&quot;,&quot;animation_mobile&quot;:&quot;fadeInUp&quot;,&quot;background_motion_fx_motion_fx_scrolling&quot;:&quot;yes&quot;,&quot;background_motion_fx_translateY_effect&quot;:&quot;yes&quot;,&quot;background_motion_fx_translateY_speed&quot;:{&quot;unit&quot;:&quot;px&quot;,&quot;size&quot;:4,&quot;sizes&quot;:[]},&quot;background_motion_fx_translateY_affectedRange&quot;:{&quot;unit&quot;:&quot;%&quot;,&quot;size&quot;:&quot;&quot;,&quot;sizes&quot;:{&quot;start&quot;:0,&quot;end&quot;:100}},&quot;background_motion_fx_devices&quot;:[&quot;widescreen&quot;,&quot;desktop&quot;,&quot;laptop&quot;,&quot;tablet_extra&quot;,&quot;tablet&quot;,&quot;mobile&quot;]}\">\n\t\t\t\t<\/div>\n\t\t\t\t<\/div>\n\t\t<div class=\"elementor-element elementor-element-e14cca0 e-flex e-con-boxed e-con e-parent\" data-id=\"e14cca0\" data-element_type=\"container\" data-settings=\"{&quot;animation&quot;:&quot;none&quot;,&quot;background_background&quot;:&quot;classic&quot;}\">\n\t\t\t\t\t<div class=\"e-con-inner\">\n\t\t<div class=\"elementor-element elementor-element-32a8989 e-con-full e-flex elementor-invisible e-con e-child\" data-id=\"32a8989\" data-element_type=\"container\" data-settings=\"{&quot;animation&quot;:&quot;fadeInUp&quot;}\">\n\t\t\t\t<div class=\"elementor-element elementor-element-bc734ed elementor-widget elementor-widget-heading\" data-id=\"bc734ed\" data-element_type=\"widget\" data-widget_type=\"heading.default\">\n\t\t\t\t<div class=\"elementor-widget-container\">\n\t\t\t\t\t<h2 class=\"elementor-heading-title elementor-size-default\">Styrket Samspil: St\u00f8tte til Familier og F\u00e6llesskaber<\/h2>\t\t\t\t<\/div>\n\t\t\t\t<\/div>\n\t\t<div class=\"elementor-element elementor-element-0f37970 e-con-full elementor-hidden-mobile e-flex e-con e-child\" data-id=\"0f37970\" data-element_type=\"container\">\n\t\t<div class=\"elementor-element elementor-element-8e8c1e7 e-con-full e-flex e-con e-child\" data-id=\"8e8c1e7\" data-element_type=\"container\">\n\t\t<div class=\"elementor-element elementor-element-614e73c e-con-full e-flex elementor-invisible e-con e-child\" data-id=\"614e73c\" data-element_type=\"container\" data-settings=\"{&quot;animation&quot;:&quot;fadeInUp&quot;,&quot;background_background&quot;:&quot;classic&quot;,&quot;animation_delay&quot;:400}\">\n\t\t\t\t<div class=\"elementor-element elementor-element-b657a0b elementor-widget elementor-widget-text-editor\" data-id=\"b657a0b\" data-element_type=\"widget\" data-widget_type=\"text-editor.default\">\n\t\t\t\t<div class=\"elementor-widget-container\">\n\t\t\t\t\t\t\t\t\t<p><b>Individuelt Tilpassede Indsatser<\/b>: NETV\u00c6RKET udvikler skr\u00e6ddersyede planer, der tager h\u00f8jde for den enkeltes styrker og udfordringer. Dette kan inkludere specialp\u00e6dagogiske metoder, adf\u00e6rdsterapi og medicinsk behandling.<\/p>\t\t\t\t\t\t\t\t<\/div>\n\t\t\t\t<\/div>\n\t\t\t\t<div class=\"elementor-element elementor-element-f338267 elementor-absolute elementor-widget elementor-widget-text-editor\" data-id=\"f338267\" data-element_type=\"widget\" data-settings=\"{&quot;_position&quot;:&quot;absolute&quot;}\" data-widget_type=\"text-editor.default\">\n\t\t\t\t<div class=\"elementor-widget-container\">\n\t\t\t\t\t\t\t\t\t<p>1<\/p>\t\t\t\t\t\t\t\t<\/div>\n\t\t\t\t<\/div>\n\t\t\t\t<\/div>\n\t\t<div class=\"elementor-element elementor-element-9f2af89 e-con-full e-flex elementor-invisible e-con e-child\" data-id=\"9f2af89\" data-element_type=\"container\" data-settings=\"{&quot;animation&quot;:&quot;fadeInUp&quot;,&quot;background_background&quot;:&quot;classic&quot;,&quot;animation_delay&quot;:600}\">\n\t\t\t\t<div class=\"elementor-element elementor-element-e0b9079 elementor-widget elementor-widget-text-editor\" data-id=\"e0b9079\" data-element_type=\"widget\" data-widget_type=\"text-editor.default\">\n\t\t\t\t<div class=\"elementor-widget-container\">\n\t\t\t\t\t\t\t\t\t<p><b>Sociale F\u00e6rdigheder<\/b>: NETV\u00c6RKET tr\u00e6ner sociale f\u00e6rdigheder for at hj\u00e6lpe personer med autisme og ADHD med at navigere i sociale situationer og opbygge relationer.<\/p>\t\t\t\t\t\t\t\t<\/div>\n\t\t\t\t<\/div>\n\t\t\t\t<div class=\"elementor-element elementor-element-6737643 elementor-absolute elementor-widget elementor-widget-text-editor\" data-id=\"6737643\" data-element_type=\"widget\" data-settings=\"{&quot;_position&quot;:&quot;absolute&quot;}\" data-widget_type=\"text-editor.default\">\n\t\t\t\t<div class=\"elementor-widget-container\">\n\t\t\t\t\t\t\t\t\t<p>4<\/p>\t\t\t\t\t\t\t\t<\/div>\n\t\t\t\t<\/div>\n\t\t\t\t<\/div>\n\t\t\t\t<\/div>\n\t\t<div class=\"elementor-element elementor-element-8e9dd7e e-con-full e-flex e-con e-child\" data-id=\"8e9dd7e\" data-element_type=\"container\">\n\t\t<div class=\"elementor-element elementor-element-a4e2519 e-con-full e-flex elementor-invisible e-con e-child\" data-id=\"a4e2519\" data-element_type=\"container\" data-settings=\"{&quot;animation&quot;:&quot;fadeInUp&quot;,&quot;background_background&quot;:&quot;classic&quot;,&quot;animation_delay&quot;:600}\">\n\t\t\t\t<div class=\"elementor-element elementor-element-4d6320c elementor-widget elementor-widget-text-editor\" data-id=\"4d6320c\" data-element_type=\"widget\" data-widget_type=\"text-editor.default\">\n\t\t\t\t<div class=\"elementor-widget-container\">\n\t\t\t\t\t\t\t\t\t<p><b>Familie- og Samspilsorienterede Indsatser<\/b>: NETV\u00c6RKET st\u00f8tter familier gennem r\u00e5dgivning, terapi og tr\u00e6ning i at h\u00e5ndtere daglige udfordringer. Dette kan ogs\u00e5 omfatte st\u00f8tte til s\u00f8skende og andre n\u00e6re relationer.<\/p>\t\t\t\t\t\t\t\t<\/div>\n\t\t\t\t<\/div>\n\t\t\t\t<div class=\"elementor-element elementor-element-c4cba3a elementor-absolute elementor-widget elementor-widget-text-editor\" data-id=\"c4cba3a\" data-element_type=\"widget\" data-settings=\"{&quot;_position&quot;:&quot;absolute&quot;}\" data-widget_type=\"text-editor.default\">\n\t\t\t\t<div class=\"elementor-widget-container\">\n\t\t\t\t\t\t\t\t\t<p>2<\/p>\t\t\t\t\t\t\t\t<\/div>\n\t\t\t\t<\/div>\n\t\t\t\t<\/div>\n\t\t<div class=\"elementor-element elementor-element-91df46f e-con-full e-flex elementor-invisible e-con e-child\" data-id=\"91df46f\" data-element_type=\"container\" data-settings=\"{&quot;animation&quot;:&quot;fadeInUp&quot;,&quot;background_background&quot;:&quot;classic&quot;,&quot;animation_delay&quot;:700}\">\n\t\t\t\t<div class=\"elementor-element elementor-element-64cb417 elementor-widget elementor-widget-text-editor\" data-id=\"64cb417\" data-element_type=\"widget\" data-widget_type=\"text-editor.default\">\n\t\t\t\t<div class=\"elementor-widget-container\">\n\t\t\t\t\t\t\t\t\t<p><b>Overgang til Voksenlivet<\/b>: NETV\u00c6RKET st\u00f8tter unge i overgangen fra skole til voksenliv, herunder hj\u00e6lp til uddannelse, besk\u00e6ftigelse og selvst\u00e6ndig livsf\u00f8relse.<\/p>\t\t\t\t\t\t\t\t<\/div>\n\t\t\t\t<\/div>\n\t\t\t\t<div class=\"elementor-element elementor-element-0f9a51b elementor-absolute elementor-widget elementor-widget-text-editor\" data-id=\"0f9a51b\" data-element_type=\"widget\" data-settings=\"{&quot;_position&quot;:&quot;absolute&quot;}\" data-widget_type=\"text-editor.default\">\n\t\t\t\t<div class=\"elementor-widget-container\">\n\t\t\t\t\t\t\t\t\t<p>5<\/p>\t\t\t\t\t\t\t\t<\/div>\n\t\t\t\t<\/div>\n\t\t\t\t<\/div>\n\t\t\t\t<\/div>\n\t\t<div class=\"elementor-element elementor-element-26191ba e-con-full e-flex e-con e-child\" data-id=\"26191ba\" data-element_type=\"container\">\n\t\t<div class=\"elementor-element elementor-element-2ac25ad e-con-full e-flex elementor-invisible e-con e-child\" data-id=\"2ac25ad\" data-element_type=\"container\" data-settings=\"{&quot;animation&quot;:&quot;fadeInUp&quot;,&quot;background_background&quot;:&quot;classic&quot;,&quot;animation_delay&quot;:800}\">\n\t\t\t\t<div class=\"elementor-element elementor-element-e5ea0fd elementor-widget elementor-widget-text-editor\" data-id=\"e5ea0fd\" data-element_type=\"widget\" data-widget_type=\"text-editor.default\">\n\t\t\t\t<div class=\"elementor-widget-container\">\n\t\t\t\t\t\t\t\t\t<p><b>Uddannelsesst\u00f8tte<\/b>: NETV\u00c6RKET implementerer specialp\u00e6dagogiske tiltag i skoler og uddannelsesinstitutioner for at sikre, at b\u00f8rn og unge med autisme og ADHD f\u00e5r den n\u00f8dvendige st\u00f8tte til at trives og l\u00e6re.<\/p>\t\t\t\t\t\t\t\t<\/div>\n\t\t\t\t<\/div>\n\t\t\t\t<div class=\"elementor-element elementor-element-6ca70d2 elementor-absolute elementor-widget elementor-widget-text-editor\" data-id=\"6ca70d2\" data-element_type=\"widget\" data-settings=\"{&quot;_position&quot;:&quot;absolute&quot;}\" data-widget_type=\"text-editor.default\">\n\t\t\t\t<div class=\"elementor-widget-container\">\n\t\t\t\t\t\t\t\t\t<p>3<\/p>\t\t\t\t\t\t\t\t<\/div>\n\t\t\t\t<\/div>\n\t\t\t\t<\/div>\n\t\t<div class=\"elementor-element elementor-element-a6ad2b0 e-con-full e-flex elementor-invisible e-con e-child\" data-id=\"a6ad2b0\" data-element_type=\"container\" data-settings=\"{&quot;animation&quot;:&quot;fadeInUp&quot;,&quot;background_background&quot;:&quot;classic&quot;,&quot;animation_delay&quot;:800}\">\n\t\t\t\t<div class=\"elementor-element elementor-element-3fde8d2 elementor-widget elementor-widget-text-editor\" data-id=\"3fde8d2\" data-element_type=\"widget\" data-widget_type=\"text-editor.default\">\n\t\t\t\t<div class=\"elementor-widget-container\">\n\t\t\t\t\t\t\t\t\t<p><b>Tv\u00e6rfagligt Samarbejde<\/b>: NETV\u00c6RKET samarbejder mellem forskellige faggrupper som psykologer, p\u00e6dagoger, l\u00e6ger og socialr\u00e5dgivere for at sikre en sammenh\u00e6ngende og effektiv indsats.<\/p>\t\t\t\t\t\t\t\t<\/div>\n\t\t\t\t<\/div>\n\t\t\t\t<div class=\"elementor-element elementor-element-7a80466 elementor-absolute elementor-widget elementor-widget-text-editor\" data-id=\"7a80466\" data-element_type=\"widget\" data-settings=\"{&quot;_position&quot;:&quot;absolute&quot;}\" data-widget_type=\"text-editor.default\">\n\t\t\t\t<div class=\"elementor-widget-container\">\n\t\t\t\t\t\t\t\t\t<p>6<\/p>\t\t\t\t\t\t\t\t<\/div>\n\t\t\t\t<\/div>\n\t\t\t\t<\/div>\n\t\t\t\t<\/div>\n\t\t\t\t<\/div>\n\t\t<div class=\"elementor-element elementor-element-260d699 e-con-full elementor-hidden-widescreen elementor-hidden-desktop elementor-hidden-laptop elementor-hidden-tablet_extra elementor-hidden-tablet e-flex e-con e-child\" data-id=\"260d699\" data-element_type=\"container\">\n\t\t<div class=\"elementor-element elementor-element-e4939d5 e-con-full e-flex elementor-invisible e-con e-child\" data-id=\"e4939d5\" data-element_type=\"container\" data-settings=\"{&quot;animation&quot;:&quot;fadeInUp&quot;,&quot;background_background&quot;:&quot;classic&quot;,&quot;animation_delay&quot;:400}\">\n\t\t\t\t<div class=\"elementor-element elementor-element-d82168a elementor-widget elementor-widget-text-editor\" data-id=\"d82168a\" data-element_type=\"widget\" data-widget_type=\"text-editor.default\">\n\t\t\t\t<div class=\"elementor-widget-container\">\n\t\t\t\t\t\t\t\t\t<p><b>Individuelt Tilpassede Indsatser<\/b>: NETV\u00c6RKET udvikler skr\u00e6ddersyede planer, der tager h\u00f8jde for den enkeltes styrker og udfordringer. Dette kan inkludere specialp\u00e6dagogiske metoder, adf\u00e6rdsterapi og medicinsk behandling.<\/p>\t\t\t\t\t\t\t\t<\/div>\n\t\t\t\t<\/div>\n\t\t\t\t<div class=\"elementor-element elementor-element-3183821 elementor-absolute elementor-widget elementor-widget-text-editor\" data-id=\"3183821\" data-element_type=\"widget\" data-settings=\"{&quot;_position&quot;:&quot;absolute&quot;}\" data-widget_type=\"text-editor.default\">\n\t\t\t\t<div class=\"elementor-widget-container\">\n\t\t\t\t\t\t\t\t\t<p>1<\/p>\t\t\t\t\t\t\t\t<\/div>\n\t\t\t\t<\/div>\n\t\t\t\t<\/div>\n\t\t<div class=\"elementor-element elementor-element-6d211bb e-con-full e-flex elementor-invisible e-con e-child\" data-id=\"6d211bb\" data-element_type=\"container\" data-settings=\"{&quot;animation&quot;:&quot;fadeInUp&quot;,&quot;background_background&quot;:&quot;classic&quot;,&quot;animation_delay&quot;:600}\">\n\t\t\t\t<div class=\"elementor-element elementor-element-1c5ff98 elementor-widget elementor-widget-text-editor\" data-id=\"1c5ff98\" data-element_type=\"widget\" data-widget_type=\"text-editor.default\">\n\t\t\t\t<div class=\"elementor-widget-container\">\n\t\t\t\t\t\t\t\t\t<p><b>Familie- og Samspilsorienterede Indsatser<\/b>: NETV\u00c6RKET st\u00f8tter familier gennem r\u00e5dgivning, terapi og tr\u00e6ning i at h\u00e5ndtere daglige udfordringer. Dette kan ogs\u00e5 omfatte st\u00f8tte til s\u00f8skende og andre n\u00e6re relationer.<\/p>\t\t\t\t\t\t\t\t<\/div>\n\t\t\t\t<\/div>\n\t\t\t\t<div class=\"elementor-element elementor-element-ad25cdb elementor-absolute elementor-widget elementor-widget-text-editor\" data-id=\"ad25cdb\" data-element_type=\"widget\" data-settings=\"{&quot;_position&quot;:&quot;absolute&quot;}\" data-widget_type=\"text-editor.default\">\n\t\t\t\t<div class=\"elementor-widget-container\">\n\t\t\t\t\t\t\t\t\t<p>2<\/p>\t\t\t\t\t\t\t\t<\/div>\n\t\t\t\t<\/div>\n\t\t\t\t<\/div>\n\t\t<div class=\"elementor-element elementor-element-2cd127e e-con-full e-flex elementor-invisible e-con e-child\" data-id=\"2cd127e\" data-element_type=\"container\" data-settings=\"{&quot;animation&quot;:&quot;fadeInUp&quot;,&quot;background_background&quot;:&quot;classic&quot;,&quot;animation_delay&quot;:800}\">\n\t\t\t\t<div class=\"elementor-element elementor-element-4a4291e elementor-widget elementor-widget-text-editor\" data-id=\"4a4291e\" data-element_type=\"widget\" data-widget_type=\"text-editor.default\">\n\t\t\t\t<div class=\"elementor-widget-container\">\n\t\t\t\t\t\t\t\t\t<p><b>Uddannelsesst\u00f8tte<\/b>: NETV\u00c6RKET implementerer specialp\u00e6dagogiske tiltag i skoler og uddannelsesinstitutioner for at sikre, at b\u00f8rn og unge med autisme og ADHD f\u00e5r den n\u00f8dvendige st\u00f8tte til at trives og l\u00e6re.<\/p>\t\t\t\t\t\t\t\t<\/div>\n\t\t\t\t<\/div>\n\t\t\t\t<div class=\"elementor-element elementor-element-b97667b elementor-absolute elementor-widget elementor-widget-text-editor\" data-id=\"b97667b\" data-element_type=\"widget\" data-settings=\"{&quot;_position&quot;:&quot;absolute&quot;}\" data-widget_type=\"text-editor.default\">\n\t\t\t\t<div class=\"elementor-widget-container\">\n\t\t\t\t\t\t\t\t\t<p>3<\/p>\t\t\t\t\t\t\t\t<\/div>\n\t\t\t\t<\/div>\n\t\t\t\t<\/div>\n\t\t<div class=\"elementor-element elementor-element-0d6adbc e-con-full e-flex elementor-invisible e-con e-child\" data-id=\"0d6adbc\" data-element_type=\"container\" data-settings=\"{&quot;animation&quot;:&quot;fadeInUp&quot;,&quot;background_background&quot;:&quot;classic&quot;,&quot;animation_delay&quot;:600}\">\n\t\t\t\t<div class=\"elementor-element elementor-element-c573d9f elementor-widget elementor-widget-text-editor\" data-id=\"c573d9f\" data-element_type=\"widget\" data-widget_type=\"text-editor.default\">\n\t\t\t\t<div class=\"elementor-widget-container\">\n\t\t\t\t\t\t\t\t\t<p><b>Sociale F\u00e6rdigheder<\/b>: NETV\u00c6RKET tr\u00e6ner sociale f\u00e6rdigheder for at hj\u00e6lpe personer med autisme og ADHD med at navigere i sociale situationer og opbygge relationer.<\/p>\t\t\t\t\t\t\t\t<\/div>\n\t\t\t\t<\/div>\n\t\t\t\t<div class=\"elementor-element elementor-element-010c471 elementor-absolute elementor-widget elementor-widget-text-editor\" data-id=\"010c471\" data-element_type=\"widget\" data-settings=\"{&quot;_position&quot;:&quot;absolute&quot;}\" data-widget_type=\"text-editor.default\">\n\t\t\t\t<div class=\"elementor-widget-container\">\n\t\t\t\t\t\t\t\t\t<p>4<\/p>\t\t\t\t\t\t\t\t<\/div>\n\t\t\t\t<\/div>\n\t\t\t\t<\/div>\n\t\t<div class=\"elementor-element elementor-element-11f5134 e-con-full e-flex elementor-invisible e-con e-child\" data-id=\"11f5134\" data-element_type=\"container\" data-settings=\"{&quot;animation&quot;:&quot;fadeInUp&quot;,&quot;background_background&quot;:&quot;classic&quot;,&quot;animation_delay&quot;:700}\">\n\t\t\t\t<div class=\"elementor-element elementor-element-1ae46f4 elementor-widget elementor-widget-text-editor\" data-id=\"1ae46f4\" data-element_type=\"widget\" data-widget_type=\"text-editor.default\">\n\t\t\t\t<div class=\"elementor-widget-container\">\n\t\t\t\t\t\t\t\t\t<p><b>Overgang til Voksenlivet<\/b>: NETV\u00c6RKET st\u00f8tter unge i overgangen fra skole til voksenliv, herunder hj\u00e6lp til uddannelse, besk\u00e6ftigelse og selvst\u00e6ndig livsf\u00f8relse.<\/p>\t\t\t\t\t\t\t\t<\/div>\n\t\t\t\t<\/div>\n\t\t\t\t<div class=\"elementor-element elementor-element-4bae048 elementor-absolute elementor-widget elementor-widget-text-editor\" data-id=\"4bae048\" data-element_type=\"widget\" data-settings=\"{&quot;_position&quot;:&quot;absolute&quot;}\" data-widget_type=\"text-editor.default\">\n\t\t\t\t<div class=\"elementor-widget-container\">\n\t\t\t\t\t\t\t\t\t<p>5<\/p>\t\t\t\t\t\t\t\t<\/div>\n\t\t\t\t<\/div>\n\t\t\t\t<\/div>\n\t\t<div class=\"elementor-element elementor-element-27be7fa e-con-full e-flex elementor-invisible e-con e-child\" data-id=\"27be7fa\" data-element_type=\"container\" data-settings=\"{&quot;animation&quot;:&quot;fadeInUp&quot;,&quot;background_background&quot;:&quot;classic&quot;,&quot;animation_delay&quot;:800}\">\n\t\t\t\t<div class=\"elementor-element elementor-element-ecad54e elementor-widget elementor-widget-text-editor\" data-id=\"ecad54e\" data-element_type=\"widget\" data-widget_type=\"text-editor.default\">\n\t\t\t\t<div class=\"elementor-widget-container\">\n\t\t\t\t\t\t\t\t\t<p><b>Tv\u00e6rfagligt Samarbejde<\/b>: NETV\u00c6RKET samarbejder mellem forskellige faggrupper som psykologer, p\u00e6dagoger, l\u00e6ger og socialr\u00e5dgivere for at sikre en sammenh\u00e6ngende og effektiv indsats.<\/p>\t\t\t\t\t\t\t\t<\/div>\n\t\t\t\t<\/div>\n\t\t\t\t<div class=\"elementor-element elementor-element-fafe686 elementor-absolute elementor-widget elementor-widget-text-editor\" data-id=\"fafe686\" data-element_type=\"widget\" data-settings=\"{&quot;_position&quot;:&quot;absolute&quot;}\" data-widget_type=\"text-editor.default\">\n\t\t\t\t<div class=\"elementor-widget-container\">\n\t\t\t\t\t\t\t\t\t<p>6<\/p>\t\t\t\t\t\t\t\t<\/div>\n\t\t\t\t<\/div>\n\t\t\t\t<\/div>\n\t\t\t\t<\/div>\n\t\t\t\t<div class=\"elementor-element elementor-element-73d4cf8 elementor-invisible elementor-widget elementor-widget-text-editor\" data-id=\"73d4cf8\" data-element_type=\"widget\" data-settings=\"{&quot;_animation&quot;:&quot;fadeInUp&quot;,&quot;_animation_delay&quot;:300}\" data-widget_type=\"text-editor.default\">\n\t\t\t\t<div class=\"elementor-widget-container\">\n\t\t\t\t\t\t\t\t\t<p class=\"p1\">Disse opgaver kr\u00e6ver en h\u00f8j grad af specialisering og viden om autisme og ADHD for at kunne tilbyde den bedst mulige st\u00f8tte og behandling.<\/p>\t\t\t\t\t\t\t\t<\/div>\n\t\t\t\t<\/div>\n\t\t\t\t<\/div>\n\t\t\t\t\t<\/div>\n\t\t\t\t<\/div>\n\t\t\t\t<\/div>\n\t\t","protected":false},"excerpt":{"rendered":"<p>Specialopgaver inden for autisme og ADHD Kontakt os Styrket Samspil: St\u00f8tte til Familier og F\u00e6llesskaber Individuelt Tilpassede Indsatser: NETV\u00c6RKET udvikler skr\u00e6ddersyede planer, der tager h\u00f8jde for den enkeltes styrker og udfordringer. Dette kan inkludere specialp\u00e6dagogiske metoder, adf\u00e6rdsterapi og medicinsk behandling. 1 Sociale F\u00e6rdigheder: NETV\u00c6RKET tr\u00e6ner sociale f\u00e6rdigheder for at hj\u00e6lpe personer med autisme og ADHD [&hellip;]<\/p>\n","protected":false},"author":2,"featured_media":0,"parent":0,"menu_order":0,"comment_status":"closed","ping_status":"closed","template":"","meta":{"_acf_changed":false,"footnotes":""},"class_list":["post-581","page","type-page","status-publish","hentry"],"acf":[],"_links":{"self":[{"href":"https:\/\/nv-aalborg.dk\/index.php\/wp-json\/wp\/v2\/pages\/581","targetHints":{"allow":["GET"]}}],"collection":[{"href":"https:\/\/nv-aalborg.dk\/index.php\/wp-json\/wp\/v2\/pages"}],"about":[{"href":"https:\/\/nv-aalborg.dk\/index.php\/wp-json\/wp\/v2\/types\/page"}],"author":[{"embeddable":true,"href":"https:\/\/nv-aalborg.dk\/index.php\/wp-json\/wp\/v2\/users\/2"}],"replies":[{"embeddable":true,"href":"https:\/\/nv-aalborg.dk\/index.php\/wp-json\/wp\/v2\/comments?post=581"}],"version-history":[{"count":16,"href":"https:\/\/nv-aalborg.dk\/index.php\/wp-json\/wp\/v2\/pages\/581\/revisions"}],"predecessor-version":[{"id":2420,"href":"https:\/\/nv-aalborg.dk\/index.php\/wp-json\/wp\/v2\/pages\/581\/revisions\/2420"}],"wp:attachment":[{"href":"https:\/\/nv-aalborg.dk\/index.php\/wp-json\/wp\/v2\/media?parent=581"}],"curies":[{"name":"wp","href":"https:\/\/api.w.org\/{rel}","templated":true}]}}