{"id":579,"date":"2024-10-07T15:46:23","date_gmt":"2024-10-07T13:46:23","guid":{"rendered":"https:\/\/nv-aalborg.dk\/?page_id=579"},"modified":"2025-01-23T11:58:51","modified_gmt":"2025-01-23T10:58:51","slug":"uledsaget-flygtninge-special-indsatser","status":"publish","type":"page","link":"https:\/\/nv-aalborg.dk\/index.php\/uledsaget-flygtninge-special-indsatser\/","title":{"rendered":"Uledsaget flygtninge Special indsatser"},"content":{"rendered":"\t\t<div data-elementor-type=\"wp-page\" data-elementor-id=\"579\" class=\"elementor elementor-579\" data-elementor-post-type=\"page\">\n\t\t\t\t<div class=\"elementor-element elementor-element-e77c405 e-con-full e-flex e-con e-parent\" data-id=\"e77c405\" data-element_type=\"container\" data-settings=\"{&quot;background_background&quot;:&quot;classic&quot;}\">\n\t\t<div class=\"elementor-element elementor-element-a38461c e-con-full e-flex e-con e-child\" data-id=\"a38461c\" data-element_type=\"container\">\n\t\t\t\t<div class=\"elementor-element elementor-element-c627e50 elementor-widget elementor-widget-heading\" data-id=\"c627e50\" data-element_type=\"widget\" data-widget_type=\"heading.default\">\n\t\t\t\t<div class=\"elementor-widget-container\">\n\t\t\t\t\t<h1 class=\"elementor-heading-title elementor-size-default\">Uledsaget flygtninge<\/h1>\t\t\t\t<\/div>\n\t\t\t\t<\/div>\n\t\t<div class=\"elementor-element elementor-element-9e7c4bf e-con-full e-flex e-con e-child\" data-id=\"9e7c4bf\" data-element_type=\"container\">\n\t\t\t\t<div class=\"elementor-element elementor-element-1a6a6e8 elementor-invisible elementor-widget elementor-widget-button\" data-id=\"1a6a6e8\" data-element_type=\"widget\" data-settings=\"{&quot;_animation&quot;:&quot;fadeInUp&quot;,&quot;_animation_delay&quot;:500}\" data-widget_type=\"button.default\">\n\t\t\t\t<div class=\"elementor-widget-container\">\n\t\t\t\t\t\t\t\t\t<div class=\"elementor-button-wrapper\">\n\t\t\t\t\t<a class=\"elementor-button elementor-button-link elementor-size-sm elementor-animation-shrink\" href=\"https:\/\/nv-aalborg.dk\/index.php\/kontakt\/\">\n\t\t\t\t\t\t<span class=\"elementor-button-content-wrapper\">\n\t\t\t\t\t\t\t\t\t<span class=\"elementor-button-text\">Kontakt os<\/span>\n\t\t\t\t\t<\/span>\n\t\t\t\t\t<\/a>\n\t\t\t\t<\/div>\n\t\t\t\t\t\t\t\t<\/div>\n\t\t\t\t<\/div>\n\t\t\t\t<\/div>\n\t\t\t\t<\/div>\n\t\t<div class=\"elementor-element elementor-element-c9fda49 e-con-full e-flex e-con e-child\" data-id=\"c9fda49\" data-element_type=\"container\" data-settings=\"{&quot;background_background&quot;:&quot;classic&quot;,&quot;animation_mobile&quot;:&quot;fadeInUp&quot;,&quot;background_motion_fx_motion_fx_scrolling&quot;:&quot;yes&quot;,&quot;background_motion_fx_translateY_effect&quot;:&quot;yes&quot;,&quot;background_motion_fx_translateY_speed&quot;:{&quot;unit&quot;:&quot;px&quot;,&quot;size&quot;:4,&quot;sizes&quot;:[]},&quot;background_motion_fx_translateY_affectedRange&quot;:{&quot;unit&quot;:&quot;%&quot;,&quot;size&quot;:&quot;&quot;,&quot;sizes&quot;:{&quot;start&quot;:0,&quot;end&quot;:100}},&quot;background_motion_fx_devices&quot;:[&quot;widescreen&quot;,&quot;desktop&quot;,&quot;laptop&quot;,&quot;tablet_extra&quot;,&quot;tablet&quot;,&quot;mobile&quot;]}\">\n\t\t\t\t<\/div>\n\t\t\t\t<\/div>\n\t\t<div class=\"elementor-element elementor-element-8072374 e-flex e-con-boxed elementor-invisible e-con e-parent\" data-id=\"8072374\" data-element_type=\"container\" data-settings=\"{&quot;animation&quot;:&quot;fadeInUp&quot;,&quot;background_background&quot;:&quot;classic&quot;}\">\n\t\t\t\t\t<div class=\"e-con-inner\">\n\t\t<div class=\"elementor-element elementor-element-c21dd70 e-con-full e-flex e-con e-child\" data-id=\"c21dd70\" data-element_type=\"container\">\n\t\t\t\t<div class=\"elementor-element elementor-element-9299e7a elementor-widget elementor-widget-image\" data-id=\"9299e7a\" data-element_type=\"widget\" data-widget_type=\"image.default\">\n\t\t\t\t<div class=\"elementor-widget-container\">\n\t\t\t\t\t\t\t\t\t\t\t\t\t\t\t<img fetchpriority=\"high\" decoding=\"async\" width=\"800\" height=\"534\" src=\"https:\/\/nv-aalborg.dk\/wp-content\/uploads\/2024\/12\/female-psychologist-talking-with-teenage-girl-15-2023-11-27-05-12-51-utc-1024x683.jpg\" class=\"attachment-large size-large wp-image-1419\" alt=\"\" srcset=\"https:\/\/nv-aalborg.dk\/wp-content\/uploads\/2024\/12\/female-psychologist-talking-with-teenage-girl-15-2023-11-27-05-12-51-utc-1024x683.jpg 1024w, https:\/\/nv-aalborg.dk\/wp-content\/uploads\/2024\/12\/female-psychologist-talking-with-teenage-girl-15-2023-11-27-05-12-51-utc-300x200.jpg 300w, https:\/\/nv-aalborg.dk\/wp-content\/uploads\/2024\/12\/female-psychologist-talking-with-teenage-girl-15-2023-11-27-05-12-51-utc-768x512.jpg 768w, https:\/\/nv-aalborg.dk\/wp-content\/uploads\/2024\/12\/female-psychologist-talking-with-teenage-girl-15-2023-11-27-05-12-51-utc.jpg 1200w\" sizes=\"(max-width: 800px) 100vw, 800px\" \/>\t\t\t\t\t\t\t\t\t\t\t\t\t\t\t<\/div>\n\t\t\t\t<\/div>\n\t\t\t\t<\/div>\n\t\t<div class=\"elementor-element elementor-element-af350ff e-con-full e-flex e-con e-child\" data-id=\"af350ff\" data-element_type=\"container\">\n\t\t\t\t<div class=\"elementor-element elementor-element-1d560e4 elementor-widget elementor-widget-heading\" data-id=\"1d560e4\" data-element_type=\"widget\" data-widget_type=\"heading.default\">\n\t\t\t\t<div class=\"elementor-widget-container\">\n\t\t\t\t\t<h3 class=\"elementor-heading-title elementor-size-default\">Tilpasset hj\u00e6lp til uledsagede unge flygtninge i Danmark<\/h3>\t\t\t\t<\/div>\n\t\t\t\t<\/div>\n\t\t\t\t<div class=\"elementor-element elementor-element-f5e0948 elementor-widget elementor-widget-text-editor\" data-id=\"f5e0948\" data-element_type=\"widget\" data-widget_type=\"text-editor.default\">\n\t\t\t\t<div class=\"elementor-widget-container\">\n\t\t\t\t\t\t\t\t\t<p class=\"p1\">Vi tilbyder kommuner specialiserede p\u00e6dagogiske ydelser til unge, uledsagede flygtninge. Vores erfarne team har mange \u00e5rs erfaring i at arbejde med b\u00f8rn og unge, som kommer til Danmark med eller uden familie. Vores tilgang er recovery-orienteret og anerkendende, hvor vi altid tager udgangspunkt i den enkelte unges unikke situation.<\/p>\t\t\t\t\t\t\t\t<\/div>\n\t\t\t\t<\/div>\n\t\t\t\t<div class=\"elementor-element elementor-element-994922e elementor-invisible elementor-widget elementor-widget-button\" data-id=\"994922e\" data-element_type=\"widget\" data-settings=\"{&quot;_animation&quot;:&quot;fadeInUp&quot;,&quot;_animation_delay&quot;:400}\" data-widget_type=\"button.default\">\n\t\t\t\t<div class=\"elementor-widget-container\">\n\t\t\t\t\t\t\t\t\t<div class=\"elementor-button-wrapper\">\n\t\t\t\t\t<a class=\"elementor-button elementor-button-link elementor-size-sm elementor-animation-shrink\" href=\"https:\/\/nv-aalborg.dk\/index.php\/kontakt\/\">\n\t\t\t\t\t\t<span class=\"elementor-button-content-wrapper\">\n\t\t\t\t\t\t\t\t\t<span class=\"elementor-button-text\">Kontakt os<\/span>\n\t\t\t\t\t<\/span>\n\t\t\t\t\t<\/a>\n\t\t\t\t<\/div>\n\t\t\t\t\t\t\t\t<\/div>\n\t\t\t\t<\/div>\n\t\t\t\t<\/div>\n\t\t\t\t\t<\/div>\n\t\t\t\t<\/div>\n\t\t<div class=\"elementor-element elementor-element-3d677c8 e-flex e-con-boxed e-con e-parent\" data-id=\"3d677c8\" data-element_type=\"container\" data-settings=\"{&quot;animation&quot;:&quot;none&quot;,&quot;background_background&quot;:&quot;classic&quot;}\">\n\t\t\t\t\t<div class=\"e-con-inner\">\n\t\t<div class=\"elementor-element elementor-element-800df71 e-con-full e-flex elementor-invisible e-con e-child\" data-id=\"800df71\" data-element_type=\"container\" data-settings=\"{&quot;animation&quot;:&quot;fadeInUp&quot;}\">\n\t\t\t\t<div class=\"elementor-element elementor-element-22b4193 elementor-widget elementor-widget-heading\" data-id=\"22b4193\" data-element_type=\"widget\" data-widget_type=\"heading.default\">\n\t\t\t\t<div class=\"elementor-widget-container\">\n\t\t\t\t\t<h2 class=\"elementor-heading-title elementor-size-default\">Akut hj\u00e6lp ved ankomst til Danmark<\/h2>\t\t\t\t<\/div>\n\t\t\t\t<\/div>\n\t\t\t\t<div class=\"elementor-element elementor-element-55e5f5e elementor-widget elementor-widget-text-editor\" data-id=\"55e5f5e\" data-element_type=\"widget\" data-widget_type=\"text-editor.default\">\n\t\t\t\t<div class=\"elementor-widget-container\">\n\t\t\t\t\t\t\t\t\t<p class=\"p1\">Vi kan hurtigt s\u00e6tte en indsats i gang, og vores team st\u00e5r klar til at tage imod unge flygtninge ved ankomst. Vi tilbyder praktisk hj\u00e6lp, s\u00e5som:<\/p>\t\t\t\t\t\t\t\t<\/div>\n\t\t\t\t<\/div>\n\t\t<div class=\"elementor-element elementor-element-5bb4b45 e-con-full e-flex e-con e-child\" data-id=\"5bb4b45\" data-element_type=\"container\">\n\t\t<div class=\"elementor-element elementor-element-fb9cdbe e-con-full e-flex elementor-invisible e-con e-child\" data-id=\"fb9cdbe\" data-element_type=\"container\" data-settings=\"{&quot;animation&quot;:&quot;fadeInUp&quot;}\">\n\t\t\t\t<div class=\"elementor-element elementor-element-ec18fc9 elementor-widget elementor-widget-icon-box\" data-id=\"ec18fc9\" data-element_type=\"widget\" data-widget_type=\"icon-box.default\">\n\t\t\t\t<div class=\"elementor-widget-container\">\n\t\t\t\t\t\t\t<div class=\"elementor-icon-box-wrapper\">\n\n\t\t\t\n\t\t\t\t\t\t<div class=\"elementor-icon-box-content\">\n\n\t\t\t\t\t\t\t\t\t<h4 class=\"elementor-icon-box-title\">\n\t\t\t\t\t\t<span  >\n\t\t\t\t\t\t\tEtablering i bolig\t\t\t\t\t\t<\/span>\n\t\t\t\t\t<\/h4>\n\t\t\t\t\n\t\t\t\t\n\t\t\t<\/div>\n\t\t\t\n\t\t<\/div>\n\t\t\t\t\t\t<\/div>\n\t\t\t\t<\/div>\n\t\t\t\t<\/div>\n\t\t<div class=\"elementor-element elementor-element-f7184fc e-con-full e-flex elementor-invisible e-con e-child\" data-id=\"f7184fc\" data-element_type=\"container\" data-settings=\"{&quot;animation&quot;:&quot;fadeInUp&quot;,&quot;animation_delay&quot;:300}\">\n\t\t\t\t<div class=\"elementor-element elementor-element-28fa6e6 elementor-widget elementor-widget-icon-box\" data-id=\"28fa6e6\" data-element_type=\"widget\" data-widget_type=\"icon-box.default\">\n\t\t\t\t<div class=\"elementor-widget-container\">\n\t\t\t\t\t\t\t<div class=\"elementor-icon-box-wrapper\">\n\n\t\t\t\n\t\t\t\t\t\t<div class=\"elementor-icon-box-content\">\n\n\t\t\t\t\t\t\t\t\t<h4 class=\"elementor-icon-box-title\">\n\t\t\t\t\t\t<span  >\n\t\t\t\t\t\t\tAns\u00f8gning om fors\u00f8rgelse\t\t\t\t\t\t<\/span>\n\t\t\t\t\t<\/h4>\n\t\t\t\t\n\t\t\t\t\n\t\t\t<\/div>\n\t\t\t\n\t\t<\/div>\n\t\t\t\t\t\t<\/div>\n\t\t\t\t<\/div>\n\t\t\t\t<\/div>\n\t\t<div class=\"elementor-element elementor-element-1629b78 e-con-full e-flex elementor-invisible e-con e-child\" data-id=\"1629b78\" data-element_type=\"container\" data-settings=\"{&quot;animation&quot;:&quot;fadeInUp&quot;,&quot;animation_delay&quot;:300}\">\n\t\t\t\t<div class=\"elementor-element elementor-element-c314e61 elementor-widget elementor-widget-icon-box\" data-id=\"c314e61\" data-element_type=\"widget\" data-widget_type=\"icon-box.default\">\n\t\t\t\t<div class=\"elementor-widget-container\">\n\t\t\t\t\t\t\t<div class=\"elementor-icon-box-wrapper\">\n\n\t\t\t\n\t\t\t\t\t\t<div class=\"elementor-icon-box-content\">\n\n\t\t\t\t\t\t\t\t\t<h4 class=\"elementor-icon-box-title\">\n\t\t\t\t\t\t<span  >\n\t\t\t\t\t\t\tSocialp\u00e6dagogisk st\u00f8tte med fokus p\u00e5 resocialisering\t\t\t\t\t\t<\/span>\n\t\t\t\t\t<\/h4>\n\t\t\t\t\n\t\t\t\t\n\t\t\t<\/div>\n\t\t\t\n\t\t<\/div>\n\t\t\t\t\t\t<\/div>\n\t\t\t\t<\/div>\n\t\t\t\t<\/div>\n\t\t\t\t<\/div>\n\t\t\t\t<div class=\"elementor-element elementor-element-a167b0e elementor-widget elementor-widget-text-editor\" data-id=\"a167b0e\" data-element_type=\"widget\" data-widget_type=\"text-editor.default\">\n\t\t\t\t<div class=\"elementor-widget-container\">\n\t\t\t\t\t\t\t\t\t<p class=\"p1\">Vi hj\u00e6lper ogs\u00e5 med at skabe kontakt til n\u00e6rsamfundet, sikre l\u00e6gelig behandling og opbygge en tryg og respektfuld tilknytning til vores p\u00e6dagogiske personale.<\/p>\t\t\t\t\t\t\t\t<\/div>\n\t\t\t\t<\/div>\n\t\t\t\t<\/div>\n\t\t\t\t\t<\/div>\n\t\t\t\t<\/div>\n\t\t\t\t<div class=\"unlimited-elements-background-overlay\" data-forid=\"3d677c8\" data-location=\"back\" style=\"display:none\">\n\t\t\t<template>\n\t\t\t\n<!-- start Animated Gradient Background -->\n<style>\/* widget: Animated Gradient Background *\/\n\n#uc_gradient_animation_bg_addon28526 {\n\tbackground: linear-gradient(-45deg, #112C47, #112C47, #133A61, #133A61);\n\tbackground-size: 400% 400%;\n\tanimation: uc_gradient_animation_bg_addon28526gradient 100s ease infinite;\n\tposition:absolute;\n\ttop:0px;\n\tleft:0px;\n\tbottom:0px;\n\tright:0px;\n}\n\n@keyframes uc_gradient_animation_bg_addon28526gradient {\n\t0% {\n\t\tbackground-position: 0% 50%;\n\t}\n\t50% {\n\t\tbackground-position: 100% 50%;\n\t}\n\t100% {\n\t\tbackground-position: 0% 50%;\n\t}\n}\n\n<\/style>\n\n<div id=\"uc_gradient_animation_bg_addon28526\">\n<\/div>\n<script type=\"text\/javascript\"  id=\"ue_script_gradient_animation\">\n\n\/* Animated Gradient Background scripts: *\/ \n\n\n<\/script>\n<!-- end Animated Gradient Background -->\t\t\t<\/template>\n\t\t<\/div>\n\t\t\n\t\t\t\t<\/div>\n\t\t","protected":false},"excerpt":{"rendered":"<p>Uledsaget flygtninge Kontakt os Tilpasset hj\u00e6lp til uledsagede unge flygtninge i Danmark Vi tilbyder kommuner specialiserede p\u00e6dagogiske ydelser til unge, uledsagede flygtninge. Vores erfarne team har mange \u00e5rs erfaring i at arbejde med b\u00f8rn og unge, som kommer til Danmark med eller uden familie. Vores tilgang er recovery-orienteret og anerkendende, hvor vi altid tager udgangspunkt [&hellip;]<\/p>\n","protected":false},"author":2,"featured_media":0,"parent":0,"menu_order":0,"comment_status":"closed","ping_status":"closed","template":"","meta":{"_acf_changed":false,"footnotes":""},"class_list":["post-579","page","type-page","status-publish","hentry"],"acf":[],"_links":{"self":[{"href":"https:\/\/nv-aalborg.dk\/index.php\/wp-json\/wp\/v2\/pages\/579","targetHints":{"allow":["GET"]}}],"collection":[{"href":"https:\/\/nv-aalborg.dk\/index.php\/wp-json\/wp\/v2\/pages"}],"about":[{"href":"https:\/\/nv-aalborg.dk\/index.php\/wp-json\/wp\/v2\/types\/page"}],"author":[{"embeddable":true,"href":"https:\/\/nv-aalborg.dk\/index.php\/wp-json\/wp\/v2\/users\/2"}],"replies":[{"embeddable":true,"href":"https:\/\/nv-aalborg.dk\/index.php\/wp-json\/wp\/v2\/comments?post=579"}],"version-history":[{"count":17,"href":"https:\/\/nv-aalborg.dk\/index.php\/wp-json\/wp\/v2\/pages\/579\/revisions"}],"predecessor-version":[{"id":2438,"href":"https:\/\/nv-aalborg.dk\/index.php\/wp-json\/wp\/v2\/pages\/579\/revisions\/2438"}],"wp:attachment":[{"href":"https:\/\/nv-aalborg.dk\/index.php\/wp-json\/wp\/v2\/media?parent=579"}],"curies":[{"name":"wp","href":"https:\/\/api.w.org\/{rel}","templated":true}]}}