{"id":577,"date":"2024-10-07T15:46:07","date_gmt":"2024-10-07T13:46:07","guid":{"rendered":"https:\/\/nv-aalborg.dk\/?page_id=577"},"modified":"2025-10-24T13:31:51","modified_gmt":"2025-10-24T11:31:51","slug":"kombinationsydelser","status":"publish","type":"page","link":"https:\/\/nv-aalborg.dk\/index.php\/kombinationsydelser\/","title":{"rendered":"Kombinationsydelser"},"content":{"rendered":"\t\t<div data-elementor-type=\"wp-page\" data-elementor-id=\"577\" class=\"elementor elementor-577\" data-elementor-post-type=\"page\">\n\t\t\t\t<div class=\"elementor-element elementor-element-60d7eb3 e-con-full e-flex e-con e-parent\" data-id=\"60d7eb3\" data-element_type=\"container\" data-settings=\"{&quot;background_background&quot;:&quot;classic&quot;}\">\n\t\t<div class=\"elementor-element elementor-element-f08c7b5 e-con-full e-flex e-con e-child\" data-id=\"f08c7b5\" data-element_type=\"container\">\n\t\t\t\t<div class=\"elementor-element elementor-element-da642e9 elementor-widget elementor-widget-heading\" data-id=\"da642e9\" data-element_type=\"widget\" data-widget_type=\"heading.default\">\n\t\t\t\t<div class=\"elementor-widget-container\">\n\t\t\t\t\t<h1 class=\"elementor-heading-title elementor-size-default\">Kombinations tilbud \u00a783 og \u00a785<\/h1>\t\t\t\t<\/div>\n\t\t\t\t<\/div>\n\t\t<div class=\"elementor-element elementor-element-92be0b7 e-con-full e-flex e-con e-child\" data-id=\"92be0b7\" data-element_type=\"container\">\n\t\t\t\t<div class=\"elementor-element elementor-element-09dcd68 elementor-invisible elementor-widget elementor-widget-button\" data-id=\"09dcd68\" data-element_type=\"widget\" data-settings=\"{&quot;_animation&quot;:&quot;fadeInUp&quot;,&quot;_animation_delay&quot;:500}\" data-widget_type=\"button.default\">\n\t\t\t\t<div class=\"elementor-widget-container\">\n\t\t\t\t\t\t\t\t\t<div class=\"elementor-button-wrapper\">\n\t\t\t\t\t<a class=\"elementor-button elementor-button-link elementor-size-sm elementor-animation-shrink\" href=\"https:\/\/nv-aalborg.dk\/index.php\/kontakt\/\">\n\t\t\t\t\t\t<span class=\"elementor-button-content-wrapper\">\n\t\t\t\t\t\t\t\t\t<span class=\"elementor-button-text\">Kontakt os<\/span>\n\t\t\t\t\t<\/span>\n\t\t\t\t\t<\/a>\n\t\t\t\t<\/div>\n\t\t\t\t\t\t\t\t<\/div>\n\t\t\t\t<\/div>\n\t\t\t\t<\/div>\n\t\t\t\t<\/div>\n\t\t<div class=\"elementor-element elementor-element-8b9b862 e-con-full e-flex e-con e-child\" data-id=\"8b9b862\" data-element_type=\"container\" data-settings=\"{&quot;background_background&quot;:&quot;classic&quot;,&quot;animation_mobile&quot;:&quot;fadeInUp&quot;,&quot;background_motion_fx_motion_fx_scrolling&quot;:&quot;yes&quot;,&quot;background_motion_fx_translateY_effect&quot;:&quot;yes&quot;,&quot;background_motion_fx_translateY_speed&quot;:{&quot;unit&quot;:&quot;px&quot;,&quot;size&quot;:4,&quot;sizes&quot;:[]},&quot;background_motion_fx_translateY_affectedRange&quot;:{&quot;unit&quot;:&quot;%&quot;,&quot;size&quot;:&quot;&quot;,&quot;sizes&quot;:{&quot;start&quot;:0,&quot;end&quot;:100}},&quot;background_motion_fx_devices&quot;:[&quot;widescreen&quot;,&quot;desktop&quot;,&quot;laptop&quot;,&quot;tablet_extra&quot;,&quot;tablet&quot;,&quot;mobile&quot;]}\">\n\t\t\t\t<\/div>\n\t\t\t\t<\/div>\n\t\t<div class=\"elementor-element elementor-element-b2baac2 e-flex e-con-boxed e-con e-parent\" data-id=\"b2baac2\" data-element_type=\"container\" data-settings=\"{&quot;animation&quot;:&quot;none&quot;,&quot;background_background&quot;:&quot;classic&quot;}\">\n\t\t\t\t\t<div class=\"e-con-inner\">\n\t\t<div class=\"elementor-element elementor-element-072b77b e-con-full e-flex elementor-invisible e-con e-child\" data-id=\"072b77b\" data-element_type=\"container\" data-settings=\"{&quot;animation&quot;:&quot;fadeInUp&quot;}\">\n\t\t\t\t<div class=\"elementor-element elementor-element-65d46da elementor-widget elementor-widget-heading\" data-id=\"65d46da\" data-element_type=\"widget\" data-widget_type=\"heading.default\">\n\t\t\t\t<div class=\"elementor-widget-container\">\n\t\t\t\t\t<h2 class=\"elementor-heading-title elementor-size-default\">Samarbejde mellem NETV\u00c6RKET og Frit Valg Svane Pleje<\/h2>\t\t\t\t<\/div>\n\t\t\t\t<\/div>\n\t\t\t\t<div class=\"elementor-element elementor-element-1c6750f elementor-widget elementor-widget-text-editor\" data-id=\"1c6750f\" data-element_type=\"widget\" data-widget_type=\"text-editor.default\">\n\t\t\t\t<div class=\"elementor-widget-container\">\n\t\t\t\t\t\t\t\t\t<p class=\"p1\">NETV\u00c6RKET og Frit Valg Svane Pleje samarbejder om at levere helhedsorienterede l\u00f8sninger til borgere med komplekse psykiske og somatiske diagnoser. Gennem en koordineret og m\u00e5lrettet indsats sikrer vi, at hj\u00e6lpen er sammenh\u00e6ngende og effektiv \u2013 til gavn for b\u00e5de borgeren og myndighederne.<\/p>\t\t\t\t\t\t\t\t<\/div>\n\t\t\t\t<\/div>\n\t\t<div class=\"elementor-element elementor-element-6afa1c2 e-con-full e-flex e-con e-child\" data-id=\"6afa1c2\" data-element_type=\"container\">\n\t\t<div class=\"elementor-element elementor-element-92e2f1c e-con-full e-flex elementor-invisible e-con e-child\" data-id=\"92e2f1c\" data-element_type=\"container\" data-settings=\"{&quot;animation&quot;:&quot;fadeInUp&quot;}\">\n\t\t\t\t<div class=\"elementor-element elementor-element-2500a5b elementor-widget elementor-widget-icon-box\" data-id=\"2500a5b\" data-element_type=\"widget\" data-widget_type=\"icon-box.default\">\n\t\t\t\t<div class=\"elementor-widget-container\">\n\t\t\t\t\t\t\t<div class=\"elementor-icon-box-wrapper\">\n\n\t\t\t\n\t\t\t\t\t\t<div class=\"elementor-icon-box-content\">\n\n\t\t\t\t\t\t\t\t\t<h4 class=\"elementor-icon-box-title\">\n\t\t\t\t\t\t<span  >\n\t\t\t\t\t\t\tFrit Valg Svane Pleje\t\t\t\t\t\t<\/span>\n\t\t\t\t\t<\/h4>\n\t\t\t\t\n\t\t\t\t\t\t\t\t\t<p class=\"elementor-icon-box-description\">\n\t\t\t\t\t\tFrit Valg Svane Pleje er en godkendt privatleverand\u00f8r af hjemmepleje i Aalborg Kommune. Med fokus p\u00e5 h\u00f8j kvalitet og individuel tilpasning leverer de praktisk hj\u00e6lp og personlig pleje til borgerne.\n\t\t\t\t\t<\/p>\n\t\t\t\t\n\t\t\t<\/div>\n\t\t\t\n\t\t<\/div>\n\t\t\t\t\t\t<\/div>\n\t\t\t\t<\/div>\n\t\t\t\t<\/div>\n\t\t<div class=\"elementor-element elementor-element-65ee8ba e-con-full e-flex elementor-invisible e-con e-child\" data-id=\"65ee8ba\" data-element_type=\"container\" data-settings=\"{&quot;animation&quot;:&quot;fadeInUp&quot;,&quot;animation_delay&quot;:300}\">\n\t\t\t\t<div class=\"elementor-element elementor-element-e124734 elementor-widget elementor-widget-icon-box\" data-id=\"e124734\" data-element_type=\"widget\" data-widget_type=\"icon-box.default\">\n\t\t\t\t<div class=\"elementor-widget-container\">\n\t\t\t\t\t\t\t<div class=\"elementor-icon-box-wrapper\">\n\n\t\t\t\n\t\t\t\t\t\t<div class=\"elementor-icon-box-content\">\n\n\t\t\t\t\t\t\t\t\t<h4 class=\"elementor-icon-box-title\">\n\t\t\t\t\t\t<span  >\n\t\t\t\t\t\t\tNETV\u00c6RKET\t\t\t\t\t\t<\/span>\n\t\t\t\t\t<\/h4>\n\t\t\t\t\n\t\t\t\t\t\t\t\t\t<p class=\"elementor-icon-box-description\">\n\t\t\t\t\t\tNETV\u00c6RKET er et privat socialp\u00e6dagogisk tilbud, der siden 2003 har arbejdet bredt med forskellige opgaver inden for socialp\u00e6dagogisk st\u00f8tte. Som godkendt underleverand\u00f8r til Frit Valg Svane Pleje tilbyder vi b\u00e5de socialp\u00e6dagogiske ydelser og praktisk hj\u00e6lp efter Servicelovens \u00a7 83.\n\t\t\t\t\t<\/p>\n\t\t\t\t\n\t\t\t<\/div>\n\t\t\t\n\t\t<\/div>\n\t\t\t\t\t\t<\/div>\n\t\t\t\t<\/div>\n\t\t\t\t<\/div>\n\t\t\t\t<\/div>\n\t\t\t\t<\/div>\n\t\t\t\t\t<\/div>\n\t\t\t\t<\/div>\n\t\t\t\t<div class=\"unlimited-elements-background-overlay\" data-forid=\"b2baac2\" data-location=\"back\" style=\"display:none\">\n\t\t\t<template>\n\t\t\t\n<!-- start Animated Gradient Background -->\n<style>\/* widget: Animated Gradient Background *\/\n\n#uc_gradient_animation_bg_addon26115 {\n\tbackground: linear-gradient(-45deg, #112C47, #112C47, #133A61, #133A61);\n\tbackground-size: 400% 400%;\n\tanimation: uc_gradient_animation_bg_addon26115gradient 100s ease infinite;\n\tposition:absolute;\n\ttop:0px;\n\tleft:0px;\n\tbottom:0px;\n\tright:0px;\n}\n\n@keyframes uc_gradient_animation_bg_addon26115gradient {\n\t0% {\n\t\tbackground-position: 0% 50%;\n\t}\n\t50% {\n\t\tbackground-position: 100% 50%;\n\t}\n\t100% {\n\t\tbackground-position: 0% 50%;\n\t}\n}\n\n<\/style>\n\n<div id=\"uc_gradient_animation_bg_addon26115\">\n<\/div>\n<script type=\"text\/javascript\"  id=\"ue_script_gradient_animation\">\n\n\/* Animated Gradient Background scripts: *\/ \n\n\n<\/script>\n<!-- end Animated Gradient Background -->\t\t\t<\/template>\n\t\t<\/div>\n\t\t\n\t\t<div class=\"elementor-element elementor-element-b14554c e-flex e-con-boxed elementor-invisible e-con e-parent\" data-id=\"b14554c\" data-element_type=\"container\" data-settings=\"{&quot;animation&quot;:&quot;fadeInUp&quot;,&quot;background_background&quot;:&quot;classic&quot;}\">\n\t\t\t\t\t<div class=\"e-con-inner\">\n\t\t<div class=\"elementor-element elementor-element-75b6b3f e-con-full e-flex e-con e-child\" data-id=\"75b6b3f\" data-element_type=\"container\">\n\t\t\t\t<div class=\"elementor-element elementor-element-c65d6e0 elementor-widget elementor-widget-image\" data-id=\"c65d6e0\" data-element_type=\"widget\" data-widget_type=\"image.default\">\n\t\t\t\t<div class=\"elementor-widget-container\">\n\t\t\t\t\t\t\t\t\t\t\t\t\t\t\t<img fetchpriority=\"high\" decoding=\"async\" width=\"800\" height=\"534\" src=\"https:\/\/nv-aalborg.dk\/wp-content\/uploads\/2024\/12\/female-psychologist-talking-with-teenage-girl-15-2023-11-27-05-12-51-utc-1024x683.jpg\" class=\"attachment-large size-large wp-image-1419\" alt=\"\" srcset=\"https:\/\/nv-aalborg.dk\/wp-content\/uploads\/2024\/12\/female-psychologist-talking-with-teenage-girl-15-2023-11-27-05-12-51-utc-1024x683.jpg 1024w, https:\/\/nv-aalborg.dk\/wp-content\/uploads\/2024\/12\/female-psychologist-talking-with-teenage-girl-15-2023-11-27-05-12-51-utc-300x200.jpg 300w, https:\/\/nv-aalborg.dk\/wp-content\/uploads\/2024\/12\/female-psychologist-talking-with-teenage-girl-15-2023-11-27-05-12-51-utc-768x512.jpg 768w, https:\/\/nv-aalborg.dk\/wp-content\/uploads\/2024\/12\/female-psychologist-talking-with-teenage-girl-15-2023-11-27-05-12-51-utc.jpg 1200w\" sizes=\"(max-width: 800px) 100vw, 800px\" \/>\t\t\t\t\t\t\t\t\t\t\t\t\t\t\t<\/div>\n\t\t\t\t<\/div>\n\t\t\t\t<\/div>\n\t\t<div class=\"elementor-element elementor-element-82c38a6 e-con-full e-flex e-con e-child\" data-id=\"82c38a6\" data-element_type=\"container\">\n\t\t\t\t<div class=\"elementor-element elementor-element-7b4fd07 elementor-widget elementor-widget-heading\" data-id=\"7b4fd07\" data-element_type=\"widget\" data-widget_type=\"heading.default\">\n\t\t\t\t<div class=\"elementor-widget-container\">\n\t\t\t\t\t<h2 class=\"elementor-heading-title elementor-size-default\">Koordinerede indsatser<\/h2>\t\t\t\t<\/div>\n\t\t\t\t<\/div>\n\t\t\t\t<div class=\"elementor-element elementor-element-14728a8 elementor-widget elementor-widget-heading\" data-id=\"14728a8\" data-element_type=\"widget\" data-widget_type=\"heading.default\">\n\t\t\t\t<div class=\"elementor-widget-container\">\n\t\t\t\t\t<h4 class=\"elementor-heading-title elementor-size-default\">Vi l\u00e6gger stor v\u00e6gt p\u00e5, at indsatsen er helhedsorienteret og koordineret:\n<\/h4>\t\t\t\t<\/div>\n\t\t\t\t<\/div>\n\t\t\t\t<div class=\"elementor-element elementor-element-7552389 elementor-icon-list--layout-traditional elementor-list-item-link-full_width elementor-widget elementor-widget-icon-list\" data-id=\"7552389\" data-element_type=\"widget\" data-widget_type=\"icon-list.default\">\n\t\t\t\t<div class=\"elementor-widget-container\">\n\t\t\t\t\t\t\t<ul class=\"elementor-icon-list-items\">\n\t\t\t\t\t\t\t<li class=\"elementor-icon-list-item\">\n\t\t\t\t\t\t\t\t\t\t\t<span class=\"elementor-icon-list-icon\">\n\t\t\t\t\t\t\t<i aria-hidden=\"true\" class=\"fas fa-circle\"><\/i>\t\t\t\t\t\t<\/span>\n\t\t\t\t\t\t\t\t\t\t<span class=\"elementor-icon-list-text\"><b>Samarbejde p\u00e5 tv\u00e6rs:<\/b> Vi skaber sammenh\u00e6ng mellem de socialp\u00e6dagogiske og praktiske indsatser, s\u00e5 borgeren oplever en samlet st\u00f8tte.<\/span>\n\t\t\t\t\t\t\t\t\t<\/li>\n\t\t\t\t\t\t\t\t<li class=\"elementor-icon-list-item\">\n\t\t\t\t\t\t\t\t\t\t\t<span class=\"elementor-icon-list-icon\">\n\t\t\t\t\t\t\t<i aria-hidden=\"true\" class=\"fas fa-circle\"><\/i>\t\t\t\t\t\t<\/span>\n\t\t\t\t\t\t\t\t\t\t<span class=\"elementor-icon-list-text\"><b>F\u00e6lles m\u00e5l: <\/b>Vores team arbejder t\u00e6t sammen med borgeren, p\u00e5r\u00f8rende og relevante myndigheder for at sikre, at indsatsen matcher borgerens behov og m\u00e5l.<\/span>\n\t\t\t\t\t\t\t\t\t<\/li>\n\t\t\t\t\t\t\t\t<li class=\"elementor-icon-list-item\">\n\t\t\t\t\t\t\t\t\t\t\t<span class=\"elementor-icon-list-icon\">\n\t\t\t\t\t\t\t<i aria-hidden=\"true\" class=\"fas fa-circle\"><\/i>\t\t\t\t\t\t<\/span>\n\t\t\t\t\t\t\t\t\t\t<span class=\"elementor-icon-list-text\"><b>Effektiv kommunikation:<\/b> Gennem l\u00f8bende dialog og samarbejde sikrer vi, at hj\u00e6lpen er b\u00e5de m\u00e5lrettet og fleksibel.<\/span>\n\t\t\t\t\t\t\t\t\t<\/li>\n\t\t\t\t\t\t<\/ul>\n\t\t\t\t\t\t<\/div>\n\t\t\t\t<\/div>\n\t\t\t\t<\/div>\n\t\t\t\t\t<\/div>\n\t\t\t\t<\/div>\n\t\t<div class=\"elementor-element elementor-element-d26bafb e-flex e-con-boxed elementor-invisible e-con e-parent\" data-id=\"d26bafb\" data-element_type=\"container\" data-settings=\"{&quot;animation&quot;:&quot;fadeInUp&quot;,&quot;background_background&quot;:&quot;classic&quot;}\">\n\t\t\t\t\t<div class=\"e-con-inner\">\n\t\t<div class=\"elementor-element elementor-element-db6ef82 e-con-full e-flex e-con e-child\" data-id=\"db6ef82\" data-element_type=\"container\">\n\t\t\t\t<div class=\"elementor-element elementor-element-ff57d5e elementor-widget elementor-widget-image\" data-id=\"ff57d5e\" data-element_type=\"widget\" data-widget_type=\"image.default\">\n\t\t\t\t<div class=\"elementor-widget-container\">\n\t\t\t\t\t\t\t\t\t\t\t\t\t\t\t<img decoding=\"async\" width=\"800\" height=\"534\" src=\"https:\/\/nv-aalborg.dk\/wp-content\/uploads\/2025\/01\/students-working-study-group-1024x683.jpg\" class=\"attachment-large size-large wp-image-2228\" alt=\"\" srcset=\"https:\/\/nv-aalborg.dk\/wp-content\/uploads\/2025\/01\/students-working-study-group-1024x683.jpg 1024w, https:\/\/nv-aalborg.dk\/wp-content\/uploads\/2025\/01\/students-working-study-group-300x200.jpg 300w, https:\/\/nv-aalborg.dk\/wp-content\/uploads\/2025\/01\/students-working-study-group-768x512.jpg 768w, https:\/\/nv-aalborg.dk\/wp-content\/uploads\/2025\/01\/students-working-study-group.jpg 1417w\" sizes=\"(max-width: 800px) 100vw, 800px\" \/>\t\t\t\t\t\t\t\t\t\t\t\t\t\t\t<\/div>\n\t\t\t\t<\/div>\n\t\t\t\t<\/div>\n\t\t<div class=\"elementor-element elementor-element-c79fabc e-con-full e-flex e-con e-child\" data-id=\"c79fabc\" data-element_type=\"container\">\n\t\t\t\t<div class=\"elementor-element elementor-element-0b03da6 elementor-widget elementor-widget-heading\" data-id=\"0b03da6\" data-element_type=\"widget\" data-widget_type=\"heading.default\">\n\t\t\t\t<div class=\"elementor-widget-container\">\n\t\t\t\t\t<h3 class=\"elementor-heading-title elementor-size-default\">Fordele for borgeren og myndigheden<\/h3>\t\t\t\t<\/div>\n\t\t\t\t<\/div>\n\t\t\t\t<div class=\"elementor-element elementor-element-caf7e58 elementor-icon-list--layout-traditional elementor-list-item-link-full_width elementor-widget elementor-widget-icon-list\" data-id=\"caf7e58\" data-element_type=\"widget\" data-widget_type=\"icon-list.default\">\n\t\t\t\t<div class=\"elementor-widget-container\">\n\t\t\t\t\t\t\t<ul class=\"elementor-icon-list-items\">\n\t\t\t\t\t\t\t<li class=\"elementor-icon-list-item\">\n\t\t\t\t\t\t\t\t\t\t\t<span class=\"elementor-icon-list-icon\">\n\t\t\t\t\t\t\t<i aria-hidden=\"true\" class=\"fas fa-circle\"><\/i>\t\t\t\t\t\t<\/span>\n\t\t\t\t\t\t\t\t\t\t<span class=\"elementor-icon-list-text\"><b>Helhedsorienteret st\u00f8tte: <\/b>Sammenh\u00e6ngende hj\u00e6lp, der tager udgangspunkt i borgerens unikke situation.<\/span>\n\t\t\t\t\t\t\t\t\t<\/li>\n\t\t\t\t\t\t\t\t<li class=\"elementor-icon-list-item\">\n\t\t\t\t\t\t\t\t\t\t\t<span class=\"elementor-icon-list-icon\">\n\t\t\t\t\t\t\t<i aria-hidden=\"true\" class=\"fas fa-circle\"><\/i>\t\t\t\t\t\t<\/span>\n\t\t\t\t\t\t\t\t\t\t<span class=\"elementor-icon-list-text\"><b>Tydelig struktur: <\/b>En samlet indsats skaber overblik og styrker samarbejdet mellem alle parter.<\/span>\n\t\t\t\t\t\t\t\t\t<\/li>\n\t\t\t\t\t\t\t\t<li class=\"elementor-icon-list-item\">\n\t\t\t\t\t\t\t\t\t\t\t<span class=\"elementor-icon-list-icon\">\n\t\t\t\t\t\t\t<i aria-hidden=\"true\" class=\"fas fa-circle\"><\/i>\t\t\t\t\t\t<\/span>\n\t\t\t\t\t\t\t\t\t\t<span class=\"elementor-icon-list-text\"><b>\u00d8get trivsel: <\/b>Borgeren oplever st\u00f8rre selvst\u00e6ndighed og livskvalitet gennem en tilpasset indsats.<\/span>\n\t\t\t\t\t\t\t\t\t<\/li>\n\t\t\t\t\t\t<\/ul>\n\t\t\t\t\t\t<\/div>\n\t\t\t\t<\/div>\n\t\t\t\t<\/div>\n\t\t\t\t\t<\/div>\n\t\t\t\t<\/div>\n\t\t<div class=\"elementor-element elementor-element-d919a8f e-flex e-con-boxed e-con e-parent\" data-id=\"d919a8f\" data-element_type=\"container\">\n\t\t\t\t\t<div class=\"e-con-inner\">\n\t\t<div class=\"elementor-element elementor-element-1fa9756 e-con-full e-flex elementor-invisible e-con e-child\" data-id=\"1fa9756\" data-element_type=\"container\" data-settings=\"{&quot;background_background&quot;:&quot;classic&quot;,&quot;animation&quot;:&quot;fadeInUp&quot;}\">\n\t\t<div class=\"elementor-element elementor-element-62d6c94 e-con-full e-flex e-con e-child\" data-id=\"62d6c94\" data-element_type=\"container\" data-settings=\"{&quot;animation&quot;:&quot;none&quot;}\">\n\t\t\t\t<div class=\"elementor-element elementor-element-75a2fa1 elementor-widget elementor-widget-text-editor\" data-id=\"75a2fa1\" data-element_type=\"widget\" data-widget_type=\"text-editor.default\">\n\t\t\t\t<div class=\"elementor-widget-container\">\n\t\t\t\t\t\t\t\t\t<p class=\"p1\">Kontakt os for at h\u00f8re mere om, hvordan vi arbejder med koordinerede indsatser for borgere med s\u00e6rlige behov eller se vores brochure <b><span style=\"color: #112c47;\"><a style=\"color: #112c47;\" href=\"https:\/\/nv-aalborg.dk\/wp-content\/uploads\/2025\/01\/C20230976460.pdf\" target=\"_blank\" rel=\"noopener\">her<\/a><\/span>.<\/b><b><\/b><\/p>\t\t\t\t\t\t\t\t<\/div>\n\t\t\t\t<\/div>\n\t\t<div class=\"elementor-element elementor-element-8294172 e-con-full e-flex e-con e-child\" data-id=\"8294172\" data-element_type=\"container\">\n\t\t\t\t<div class=\"elementor-element elementor-element-5669a34 elementor-invisible elementor-widget elementor-widget-button\" data-id=\"5669a34\" data-element_type=\"widget\" data-settings=\"{&quot;_animation&quot;:&quot;fadeInUp&quot;}\" data-widget_type=\"button.default\">\n\t\t\t\t<div class=\"elementor-widget-container\">\n\t\t\t\t\t\t\t\t\t<div class=\"elementor-button-wrapper\">\n\t\t\t\t\t<a class=\"elementor-button elementor-button-link elementor-size-sm elementor-animation-shrink\" href=\"tel:+4598123004\">\n\t\t\t\t\t\t<span class=\"elementor-button-content-wrapper\">\n\t\t\t\t\t\t\t\t\t<span class=\"elementor-button-text\">98 12 30 04<\/span>\n\t\t\t\t\t<\/span>\n\t\t\t\t\t<\/a>\n\t\t\t\t<\/div>\n\t\t\t\t\t\t\t\t<\/div>\n\t\t\t\t<\/div>\n\t\t\t\t<div class=\"elementor-element elementor-element-abcc30f elementor-invisible elementor-widget elementor-widget-button\" data-id=\"abcc30f\" data-element_type=\"widget\" data-settings=\"{&quot;_animation&quot;:&quot;fadeInUp&quot;}\" data-widget_type=\"button.default\">\n\t\t\t\t<div class=\"elementor-widget-container\">\n\t\t\t\t\t\t\t\t\t<div class=\"elementor-button-wrapper\">\n\t\t\t\t\t<a class=\"elementor-button elementor-button-link elementor-size-sm elementor-animation-shrink\" href=\"mailto:info@netvaerketaalborg.dk\">\n\t\t\t\t\t\t<span class=\"elementor-button-content-wrapper\">\n\t\t\t\t\t\t\t\t\t<span class=\"elementor-button-text\">info@netvaerketaalborg.dk<\/span>\n\t\t\t\t\t<\/span>\n\t\t\t\t\t<\/a>\n\t\t\t\t<\/div>\n\t\t\t\t\t\t\t\t<\/div>\n\t\t\t\t<\/div>\n\t\t<div class=\"elementor-element elementor-element-548de15 e-con-full e-flex elementor-invisible e-con e-child\" data-id=\"548de15\" data-element_type=\"container\" data-settings=\"{&quot;animation&quot;:&quot;fadeInUp&quot;,&quot;animation_delay&quot;:400}\">\n\t\t\t\t<div class=\"elementor-element elementor-element-ab0136a e-transform elementor-view-default elementor-widget elementor-widget-icon\" data-id=\"ab0136a\" data-element_type=\"widget\" data-settings=\"{&quot;_transform_flipX_effect&quot;:&quot;transform&quot;}\" data-widget_type=\"icon.default\">\n\t\t\t\t<div class=\"elementor-widget-container\">\n\t\t\t\t\t\t\t<div class=\"elementor-icon-wrapper\">\n\t\t\t<div class=\"elementor-icon\">\n\t\t\t<svg xmlns=\"http:\/\/www.w3.org\/2000\/svg\" height=\"48px\" viewBox=\"0 -960 960 960\" width=\"48px\" fill=\"#5f6368\"><path d=\"M549.54-793q-81 50.92-127.42 133.1-46.43 82.18-46.43 178.44 0 100.86 50.43 185.74 50.43 84.87 138.03 133.49 6.39 3.15 9.58 9.88 3.19 6.73-.35 12.35-3.53 6.38-11.31 7.08-7.77.69-14.84-2.46-93.38-53.08-147.85-145.04-54.46-91.96-54.46-199.27 0-99.37 47-186.91 47-87.55 130.16-142.63h-167q-6.58 0-10.98-4.46-4.41-4.46-4.41-11.11 0-6.66 4.41-10.93 4.4-4.27 10.98-4.27h197.54q11.96 0 19.82 7.87 7.87 7.86 7.87 19.82V-614q0 6.58-4.46 10.98t-11.12 4.4q-6.65 0-10.92-4.4T549.54-614v-179Z\"><\/path><\/svg>\t\t\t<\/div>\n\t\t<\/div>\n\t\t\t\t\t\t<\/div>\n\t\t\t\t<\/div>\n\t\t\t\t<div class=\"elementor-element elementor-element-056c9ff elementor-widget elementor-widget-text-editor\" data-id=\"056c9ff\" data-element_type=\"widget\" data-widget_type=\"text-editor.default\">\n\t\t\t\t<div class=\"elementor-widget-container\">\n\t\t\t\t\t\t\t\t\t<p>Et sikker mail<\/p>\t\t\t\t\t\t\t\t<\/div>\n\t\t\t\t<\/div>\n\t\t\t\t<\/div>\n\t\t\t\t<\/div>\n\t\t\t\t<\/div>\n\t\t<div class=\"elementor-element elementor-element-918b187 e-con-full e-flex e-con e-child\" data-id=\"918b187\" data-element_type=\"container\" data-settings=\"{&quot;background_background&quot;:&quot;classic&quot;,&quot;background_motion_fx_motion_fx_scrolling&quot;:&quot;yes&quot;,&quot;background_motion_fx_translateY_effect&quot;:&quot;yes&quot;,&quot;background_motion_fx_translateY_speed&quot;:{&quot;unit&quot;:&quot;px&quot;,&quot;size&quot;:2.5,&quot;sizes&quot;:[]},&quot;background_motion_fx_translateY_affectedRange&quot;:{&quot;unit&quot;:&quot;%&quot;,&quot;size&quot;:&quot;&quot;,&quot;sizes&quot;:{&quot;start&quot;:0,&quot;end&quot;:100}},&quot;background_motion_fx_devices&quot;:[&quot;widescreen&quot;,&quot;desktop&quot;,&quot;laptop&quot;,&quot;tablet_extra&quot;,&quot;tablet&quot;,&quot;mobile&quot;]}\">\n\t\t\t\t<\/div>\n\t\t\t\t<\/div>\n\t\t\t\t\t<\/div>\n\t\t\t\t<\/div>\n\t\t\t\t<\/div>\n\t\t","protected":false},"excerpt":{"rendered":"<p>Kombinations tilbud \u00a783 og \u00a785 Kontakt os Samarbejde mellem NETV\u00c6RKET og Frit Valg Svane Pleje NETV\u00c6RKET og Frit Valg Svane Pleje samarbejder om at levere helhedsorienterede l\u00f8sninger til borgere med komplekse psykiske og somatiske diagnoser. Gennem en koordineret og m\u00e5lrettet indsats sikrer vi, at hj\u00e6lpen er sammenh\u00e6ngende og effektiv \u2013 til gavn for b\u00e5de borgeren [&hellip;]<\/p>\n","protected":false},"author":2,"featured_media":0,"parent":0,"menu_order":0,"comment_status":"closed","ping_status":"closed","template":"","meta":{"_acf_changed":false,"footnotes":""},"class_list":["post-577","page","type-page","status-publish","hentry"],"acf":[],"_links":{"self":[{"href":"https:\/\/nv-aalborg.dk\/index.php\/wp-json\/wp\/v2\/pages\/577","targetHints":{"allow":["GET"]}}],"collection":[{"href":"https:\/\/nv-aalborg.dk\/index.php\/wp-json\/wp\/v2\/pages"}],"about":[{"href":"https:\/\/nv-aalborg.dk\/index.php\/wp-json\/wp\/v2\/types\/page"}],"author":[{"embeddable":true,"href":"https:\/\/nv-aalborg.dk\/index.php\/wp-json\/wp\/v2\/users\/2"}],"replies":[{"embeddable":true,"href":"https:\/\/nv-aalborg.dk\/index.php\/wp-json\/wp\/v2\/comments?post=577"}],"version-history":[{"count":34,"href":"https:\/\/nv-aalborg.dk\/index.php\/wp-json\/wp\/v2\/pages\/577\/revisions"}],"predecessor-version":[{"id":2743,"href":"https:\/\/nv-aalborg.dk\/index.php\/wp-json\/wp\/v2\/pages\/577\/revisions\/2743"}],"wp:attachment":[{"href":"https:\/\/nv-aalborg.dk\/index.php\/wp-json\/wp\/v2\/media?parent=577"}],"curies":[{"name":"wp","href":"https:\/\/api.w.org\/{rel}","templated":true}]}}