{"id":575,"date":"2024-10-07T15:45:59","date_gmt":"2024-10-07T13:45:59","guid":{"rendered":"https:\/\/nv-aalborg.dk\/?page_id=575"},"modified":"2025-01-23T11:47:24","modified_gmt":"2025-01-23T10:47:24","slug":"spiseforstyrrelse","status":"publish","type":"page","link":"https:\/\/nv-aalborg.dk\/index.php\/spiseforstyrrelse\/","title":{"rendered":"Spiseforstyrrelse"},"content":{"rendered":"\t\t<div data-elementor-type=\"wp-page\" data-elementor-id=\"575\" class=\"elementor elementor-575\" data-elementor-post-type=\"page\">\n\t\t\t\t<div class=\"elementor-element elementor-element-6926037 e-con-full e-flex e-con e-parent\" data-id=\"6926037\" data-element_type=\"container\" data-settings=\"{&quot;background_background&quot;:&quot;classic&quot;}\">\n\t\t<div class=\"elementor-element elementor-element-fecf161 e-con-full e-flex e-con e-child\" data-id=\"fecf161\" data-element_type=\"container\">\n\t\t\t\t<div class=\"elementor-element elementor-element-a273fa6 elementor-widget elementor-widget-heading\" data-id=\"a273fa6\" data-element_type=\"widget\" data-widget_type=\"heading.default\">\n\t\t\t\t<div class=\"elementor-widget-container\">\n\t\t\t\t\t<h1 class=\"elementor-heading-title elementor-size-default\">Spiseforstyrrelse<\/h1>\t\t\t\t<\/div>\n\t\t\t\t<\/div>\n\t\t<div class=\"elementor-element elementor-element-6431a47 e-con-full e-flex e-con e-child\" data-id=\"6431a47\" data-element_type=\"container\">\n\t\t\t\t<div class=\"elementor-element elementor-element-0c14c39 elementor-invisible elementor-widget elementor-widget-button\" data-id=\"0c14c39\" data-element_type=\"widget\" data-settings=\"{&quot;_animation&quot;:&quot;fadeInUp&quot;,&quot;_animation_delay&quot;:500}\" data-widget_type=\"button.default\">\n\t\t\t\t<div class=\"elementor-widget-container\">\n\t\t\t\t\t\t\t\t\t<div class=\"elementor-button-wrapper\">\n\t\t\t\t\t<a class=\"elementor-button elementor-button-link elementor-size-sm elementor-animation-shrink\" href=\"https:\/\/nv-aalborg.dk\/index.php\/kontakt\/\">\n\t\t\t\t\t\t<span class=\"elementor-button-content-wrapper\">\n\t\t\t\t\t\t\t\t\t<span class=\"elementor-button-text\">Kontakt os<\/span>\n\t\t\t\t\t<\/span>\n\t\t\t\t\t<\/a>\n\t\t\t\t<\/div>\n\t\t\t\t\t\t\t\t<\/div>\n\t\t\t\t<\/div>\n\t\t\t\t<\/div>\n\t\t\t\t<\/div>\n\t\t<div class=\"elementor-element elementor-element-4c642e4 e-con-full e-flex e-con e-child\" data-id=\"4c642e4\" data-element_type=\"container\" data-settings=\"{&quot;background_background&quot;:&quot;classic&quot;,&quot;animation_mobile&quot;:&quot;fadeInUp&quot;,&quot;background_motion_fx_motion_fx_scrolling&quot;:&quot;yes&quot;,&quot;background_motion_fx_translateY_effect&quot;:&quot;yes&quot;,&quot;background_motion_fx_translateY_speed&quot;:{&quot;unit&quot;:&quot;px&quot;,&quot;size&quot;:4,&quot;sizes&quot;:[]},&quot;background_motion_fx_translateY_affectedRange&quot;:{&quot;unit&quot;:&quot;%&quot;,&quot;size&quot;:&quot;&quot;,&quot;sizes&quot;:{&quot;start&quot;:0,&quot;end&quot;:100}},&quot;background_motion_fx_devices&quot;:[&quot;widescreen&quot;,&quot;desktop&quot;,&quot;laptop&quot;,&quot;tablet_extra&quot;,&quot;tablet&quot;,&quot;mobile&quot;]}\">\n\t\t\t\t<\/div>\n\t\t\t\t<\/div>\n\t\t<div class=\"elementor-element elementor-element-17feb5e e-flex e-con-boxed e-con e-parent\" data-id=\"17feb5e\" data-element_type=\"container\" data-settings=\"{&quot;animation&quot;:&quot;none&quot;,&quot;background_background&quot;:&quot;classic&quot;}\">\n\t\t\t\t\t<div class=\"e-con-inner\">\n\t\t<div class=\"elementor-element elementor-element-6bf8195 e-con-full e-flex elementor-invisible e-con e-child\" data-id=\"6bf8195\" data-element_type=\"container\" data-settings=\"{&quot;animation&quot;:&quot;fadeInUp&quot;}\">\n\t\t\t\t<div class=\"elementor-element elementor-element-91e69fd elementor-widget elementor-widget-heading\" data-id=\"91e69fd\" data-element_type=\"widget\" data-widget_type=\"heading.default\">\n\t\t\t\t<div class=\"elementor-widget-container\">\n\t\t\t\t\t<h2 class=\"elementor-heading-title elementor-size-default\">NETV\u00c6RKET tilbyder<\/h2>\t\t\t\t<\/div>\n\t\t\t\t<\/div>\n\t\t<div class=\"elementor-element elementor-element-f5b4195 e-con-full e-flex e-con e-child\" data-id=\"f5b4195\" data-element_type=\"container\">\n\t\t<div class=\"elementor-element elementor-element-7340031 e-con-full e-flex e-con e-child\" data-id=\"7340031\" data-element_type=\"container\">\n\t\t<div class=\"elementor-element elementor-element-44ea94f e-con-full e-flex elementor-invisible e-con e-child\" data-id=\"44ea94f\" data-element_type=\"container\" data-settings=\"{&quot;animation&quot;:&quot;fadeInUp&quot;,&quot;background_background&quot;:&quot;classic&quot;,&quot;animation_delay&quot;:400}\">\n\t\t\t\t<div class=\"elementor-element elementor-element-49aaccf elementor-widget elementor-widget-text-editor\" data-id=\"49aaccf\" data-element_type=\"widget\" data-widget_type=\"text-editor.default\">\n\t\t\t\t<div class=\"elementor-widget-container\">\n\t\t\t\t\t\t\t\t\t<p><strong>Individuelt tilpassede behandlingsplaner<\/strong>, der tager h\u00f8jde for den enkeltes specifikke behov og udfordringer. Dette inkluderer terapi, medicinsk behandling og ern\u00e6ringsr\u00e5dgivning.<\/p>\t\t\t\t\t\t\t\t<\/div>\n\t\t\t\t<\/div>\n\t\t\t\t<\/div>\n\t\t<div class=\"elementor-element elementor-element-d880680 e-con-full e-flex elementor-invisible e-con e-child\" data-id=\"d880680\" data-element_type=\"container\" data-settings=\"{&quot;animation&quot;:&quot;fadeInUp&quot;,&quot;background_background&quot;:&quot;classic&quot;,&quot;animation_delay&quot;:600}\">\n\t\t\t\t<div class=\"elementor-element elementor-element-4647e38 elementor-widget elementor-widget-text-editor\" data-id=\"4647e38\" data-element_type=\"widget\" data-widget_type=\"text-editor.default\">\n\t\t\t\t<div class=\"elementor-widget-container\">\n\t\t\t\t\t\t\t\t\t<p><strong>Hj\u00e6lp til at genopbygge sociale liv og relationer<\/strong>, som ofte er blevet p\u00e5virket af lidelsen. Dette involverer samarbejde med sundhedsv\u00e6senet, skoler og andre relevante tjenester for at sikre en helhedsorienteret og sammenh\u00e6ngende indsats.<\/p>\t\t\t\t\t\t\t\t<\/div>\n\t\t\t\t<\/div>\n\t\t\t\t<\/div>\n\t\t\t\t<\/div>\n\t\t<div class=\"elementor-element elementor-element-a76d12b e-con-full e-flex e-con e-child\" data-id=\"a76d12b\" data-element_type=\"container\">\n\t\t<div class=\"elementor-element elementor-element-3e137fe e-con-full e-flex elementor-invisible e-con e-child\" data-id=\"3e137fe\" data-element_type=\"container\" data-settings=\"{&quot;animation&quot;:&quot;fadeInUp&quot;,&quot;background_background&quot;:&quot;classic&quot;,&quot;animation_delay&quot;:500}\">\n\t\t\t\t<div class=\"elementor-element elementor-element-adf7db7 elementor-widget elementor-widget-text-editor\" data-id=\"adf7db7\" data-element_type=\"widget\" data-widget_type=\"text-editor.default\">\n\t\t\t\t<div class=\"elementor-widget-container\">\n\t\t\t\t\t\t\t\t\t<p><strong>P\u00e6dagogisk st\u00f8tte<\/strong> og vejledning for at hj\u00e6lpe personer med at h\u00e5ndtere de underliggende psykiske problemer, der ofte ledsager spiseforstyrrelser.<\/p>\t\t\t\t\t\t\t\t<\/div>\n\t\t\t\t<\/div>\n\t\t\t\t<\/div>\n\t\t<div class=\"elementor-element elementor-element-c5fed25 e-con-full e-flex elementor-invisible e-con e-child\" data-id=\"c5fed25\" data-element_type=\"container\" data-settings=\"{&quot;animation&quot;:&quot;fadeInUp&quot;,&quot;background_background&quot;:&quot;classic&quot;,&quot;animation_delay&quot;:700}\">\n\t\t\t\t<div class=\"elementor-element elementor-element-13e27cf elementor-widget elementor-widget-text-editor\" data-id=\"13e27cf\" data-element_type=\"widget\" data-widget_type=\"text-editor.default\">\n\t\t\t\t<div class=\"elementor-widget-container\">\n\t\t\t\t\t\t\t\t\t<p><strong>H\u00f8j grad af specialisering<\/strong> og viden om spiseforstyrrelser for at kunne tilbyde den bedst mulige st\u00f8tte og behandling.<\/p>\t\t\t\t\t\t\t\t<\/div>\n\t\t\t\t<\/div>\n\t\t\t\t<\/div>\n\t\t\t\t<\/div>\n\t\t<div class=\"elementor-element elementor-element-1bc02ba e-con-full e-flex e-con e-child\" data-id=\"1bc02ba\" data-element_type=\"container\">\n\t\t<div class=\"elementor-element elementor-element-81b7b2e e-con-full e-flex elementor-invisible e-con e-child\" data-id=\"81b7b2e\" data-element_type=\"container\" data-settings=\"{&quot;animation&quot;:&quot;fadeInUp&quot;,&quot;background_background&quot;:&quot;classic&quot;,&quot;animation_delay&quot;:600}\">\n\t\t\t\t<div class=\"elementor-element elementor-element-818678b elementor-widget elementor-widget-text-editor\" data-id=\"818678b\" data-element_type=\"widget\" data-widget_type=\"text-editor.default\">\n\t\t\t\t<div class=\"elementor-widget-container\">\n\t\t\t\t\t\t\t\t\t<p><strong>Familieinddragelse<\/strong> for at sikre en st\u00f8ttende hjemmebase og forbedre familiens forst\u00e5else af spiseforstyrrelsen. Dette inkluderer uddannelse af b\u00e5de patienter og deres p\u00e5r\u00f8rende om spiseforstyrrelser og forebyggelsesstrategier for at reducere risikoen for tilbagefald.<\/p>\t\t\t\t\t\t\t\t<\/div>\n\t\t\t\t<\/div>\n\t\t\t\t<\/div>\n\t\t\t\t<\/div>\n\t\t\t\t<\/div>\n\t\t\t\t<\/div>\n\t\t\t\t\t<\/div>\n\t\t\t\t<\/div>\n\t\t\t\t<\/div>\n\t\t","protected":false},"excerpt":{"rendered":"<p>Spiseforstyrrelse Kontakt os NETV\u00c6RKET tilbyder Individuelt tilpassede behandlingsplaner, der tager h\u00f8jde for den enkeltes specifikke behov og udfordringer. Dette inkluderer terapi, medicinsk behandling og ern\u00e6ringsr\u00e5dgivning. Hj\u00e6lp til at genopbygge sociale liv og relationer, som ofte er blevet p\u00e5virket af lidelsen. Dette involverer samarbejde med sundhedsv\u00e6senet, skoler og andre relevante tjenester for at sikre en helhedsorienteret [&hellip;]<\/p>\n","protected":false},"author":2,"featured_media":0,"parent":0,"menu_order":0,"comment_status":"closed","ping_status":"closed","template":"","meta":{"_acf_changed":false,"footnotes":""},"class_list":["post-575","page","type-page","status-publish","hentry"],"acf":[],"_links":{"self":[{"href":"https:\/\/nv-aalborg.dk\/index.php\/wp-json\/wp\/v2\/pages\/575","targetHints":{"allow":["GET"]}}],"collection":[{"href":"https:\/\/nv-aalborg.dk\/index.php\/wp-json\/wp\/v2\/pages"}],"about":[{"href":"https:\/\/nv-aalborg.dk\/index.php\/wp-json\/wp\/v2\/types\/page"}],"author":[{"embeddable":true,"href":"https:\/\/nv-aalborg.dk\/index.php\/wp-json\/wp\/v2\/users\/2"}],"replies":[{"embeddable":true,"href":"https:\/\/nv-aalborg.dk\/index.php\/wp-json\/wp\/v2\/comments?post=575"}],"version-history":[{"count":61,"href":"https:\/\/nv-aalborg.dk\/index.php\/wp-json\/wp\/v2\/pages\/575\/revisions"}],"predecessor-version":[{"id":2423,"href":"https:\/\/nv-aalborg.dk\/index.php\/wp-json\/wp\/v2\/pages\/575\/revisions\/2423"}],"wp:attachment":[{"href":"https:\/\/nv-aalborg.dk\/index.php\/wp-json\/wp\/v2\/media?parent=575"}],"curies":[{"name":"wp","href":"https:\/\/api.w.org\/{rel}","templated":true}]}}