{"id":565,"date":"2024-10-07T15:45:12","date_gmt":"2024-10-07T13:45:12","guid":{"rendered":"https:\/\/nv-aalborg.dk\/?page_id=565"},"modified":"2025-01-23T11:58:08","modified_gmt":"2025-01-23T10:58:08","slug":"uledsaget-flygtninge-boern-og-unge","status":"publish","type":"page","link":"https:\/\/nv-aalborg.dk\/index.php\/uledsaget-flygtninge-boern-og-unge\/","title":{"rendered":"Uledsaget flygtninge"},"content":{"rendered":"\t\t<div data-elementor-type=\"wp-page\" data-elementor-id=\"565\" class=\"elementor elementor-565\" data-elementor-post-type=\"page\">\n\t\t\t\t<div class=\"elementor-element elementor-element-b5a4fb3 e-con-full e-flex e-con e-parent\" data-id=\"b5a4fb3\" data-element_type=\"container\" data-settings=\"{&quot;background_background&quot;:&quot;classic&quot;}\">\n\t\t<div class=\"elementor-element elementor-element-3f8940f e-con-full e-flex e-con e-child\" data-id=\"3f8940f\" data-element_type=\"container\">\n\t\t\t\t<div class=\"elementor-element elementor-element-06a25f1 elementor-widget elementor-widget-heading\" data-id=\"06a25f1\" data-element_type=\"widget\" data-widget_type=\"heading.default\">\n\t\t\t\t<div class=\"elementor-widget-container\">\n\t\t\t\t\t<h1 class=\"elementor-heading-title elementor-size-default\">Uledsaget flygtninge<\/h1>\t\t\t\t<\/div>\n\t\t\t\t<\/div>\n\t\t<div class=\"elementor-element elementor-element-41cb9ef e-con-full e-flex e-con e-child\" data-id=\"41cb9ef\" data-element_type=\"container\">\n\t\t\t\t<div class=\"elementor-element elementor-element-26a63ec elementor-invisible elementor-widget elementor-widget-button\" data-id=\"26a63ec\" data-element_type=\"widget\" data-settings=\"{&quot;_animation&quot;:&quot;fadeInUp&quot;,&quot;_animation_delay&quot;:500}\" data-widget_type=\"button.default\">\n\t\t\t\t<div class=\"elementor-widget-container\">\n\t\t\t\t\t\t\t\t\t<div class=\"elementor-button-wrapper\">\n\t\t\t\t\t<a class=\"elementor-button elementor-button-link elementor-size-sm elementor-animation-shrink\" href=\"https:\/\/nv-aalborg.dk\/index.php\/kontakt\/\">\n\t\t\t\t\t\t<span class=\"elementor-button-content-wrapper\">\n\t\t\t\t\t\t\t\t\t<span class=\"elementor-button-text\">Kontakt os<\/span>\n\t\t\t\t\t<\/span>\n\t\t\t\t\t<\/a>\n\t\t\t\t<\/div>\n\t\t\t\t\t\t\t\t<\/div>\n\t\t\t\t<\/div>\n\t\t\t\t<\/div>\n\t\t\t\t<\/div>\n\t\t<div class=\"elementor-element elementor-element-6f04b61 e-con-full e-flex e-con e-child\" data-id=\"6f04b61\" data-element_type=\"container\" data-settings=\"{&quot;background_background&quot;:&quot;classic&quot;,&quot;animation_mobile&quot;:&quot;fadeInUp&quot;,&quot;background_motion_fx_motion_fx_scrolling&quot;:&quot;yes&quot;,&quot;background_motion_fx_translateY_effect&quot;:&quot;yes&quot;,&quot;background_motion_fx_translateY_speed&quot;:{&quot;unit&quot;:&quot;px&quot;,&quot;size&quot;:4,&quot;sizes&quot;:[]},&quot;background_motion_fx_translateY_affectedRange&quot;:{&quot;unit&quot;:&quot;%&quot;,&quot;size&quot;:&quot;&quot;,&quot;sizes&quot;:{&quot;start&quot;:0,&quot;end&quot;:100}},&quot;background_motion_fx_devices&quot;:[&quot;widescreen&quot;,&quot;desktop&quot;,&quot;laptop&quot;,&quot;tablet_extra&quot;,&quot;tablet&quot;,&quot;mobile&quot;]}\">\n\t\t\t\t<\/div>\n\t\t\t\t<\/div>\n\t\t<div class=\"elementor-element elementor-element-c81a6bb animated-slow e-flex e-con-boxed elementor-invisible e-con e-parent\" data-id=\"c81a6bb\" data-element_type=\"container\" data-settings=\"{&quot;animation&quot;:&quot;fadeInUp&quot;,&quot;animation_delay&quot;:600}\">\n\t\t\t\t\t<div class=\"e-con-inner\">\n\t\t<div class=\"elementor-element elementor-element-02d9f16 e-con-full e-flex e-con e-child\" data-id=\"02d9f16\" data-element_type=\"container\">\n\t\t\t\t<div class=\"elementor-element elementor-element-7c12c16 elementor-widget elementor-widget-image\" data-id=\"7c12c16\" data-element_type=\"widget\" data-widget_type=\"image.default\">\n\t\t\t\t<div class=\"elementor-widget-container\">\n\t\t\t\t\t\t\t\t\t\t\t\t\t\t\t<img fetchpriority=\"high\" decoding=\"async\" width=\"800\" height=\"534\" src=\"https:\/\/nv-aalborg.dk\/wp-content\/uploads\/2024\/12\/unposed-group-of-creative-business-people-in-an-op-2024-09-14-06-31-33-utc-1024x683.jpg\" class=\"attachment-large size-large wp-image-1476\" alt=\"\" srcset=\"https:\/\/nv-aalborg.dk\/wp-content\/uploads\/2024\/12\/unposed-group-of-creative-business-people-in-an-op-2024-09-14-06-31-33-utc-1024x683.jpg 1024w, https:\/\/nv-aalborg.dk\/wp-content\/uploads\/2024\/12\/unposed-group-of-creative-business-people-in-an-op-2024-09-14-06-31-33-utc-300x200.jpg 300w, https:\/\/nv-aalborg.dk\/wp-content\/uploads\/2024\/12\/unposed-group-of-creative-business-people-in-an-op-2024-09-14-06-31-33-utc-768x513.jpg 768w, https:\/\/nv-aalborg.dk\/wp-content\/uploads\/2024\/12\/unposed-group-of-creative-business-people-in-an-op-2024-09-14-06-31-33-utc.jpg 1500w\" sizes=\"(max-width: 800px) 100vw, 800px\" \/>\t\t\t\t\t\t\t\t\t\t\t\t\t\t\t<\/div>\n\t\t\t\t<\/div>\n\t\t\t\t<\/div>\n\t\t<div class=\"elementor-element elementor-element-2615d8b e-con-full e-flex e-con e-child\" data-id=\"2615d8b\" data-element_type=\"container\">\n\t\t\t\t<div class=\"elementor-element elementor-element-4fd7cf3 elementor-widget elementor-widget-text-editor\" data-id=\"4fd7cf3\" data-element_type=\"widget\" data-widget_type=\"text-editor.default\">\n\t\t\t\t<div class=\"elementor-widget-container\">\n\t\t\t\t\t\t\t\t\t<p class=\"p1\">Vi tilbyder kommuner specialiserede p\u00e6dagogiske ydelser til unge, uledsagede flygtninge. Vores erfarne team har mange \u00e5rs erfaring i at arbejde med b\u00f8rn og unge, som kommer til Danmark med eller uden familie. Vores tilgang er recovery-orienteret og anerkendende, hvor vi altid tager udgangspunkt i den enkelte unges unikke situation.<\/p>\t\t\t\t\t\t\t\t<\/div>\n\t\t\t\t<\/div>\n\t\t\t\t<div class=\"elementor-element elementor-element-dd87ccc elementor-invisible elementor-widget elementor-widget-button\" data-id=\"dd87ccc\" data-element_type=\"widget\" data-settings=\"{&quot;_animation&quot;:&quot;fadeInUp&quot;,&quot;_animation_delay&quot;:500}\" data-widget_type=\"button.default\">\n\t\t\t\t<div class=\"elementor-widget-container\">\n\t\t\t\t\t\t\t\t\t<div class=\"elementor-button-wrapper\">\n\t\t\t\t\t<a class=\"elementor-button elementor-size-sm elementor-animation-shrink\" role=\"button\">\n\t\t\t\t\t\t<span class=\"elementor-button-content-wrapper\">\n\t\t\t\t\t\t\t\t\t<span class=\"elementor-button-text\">Ring til aftale<\/span>\n\t\t\t\t\t<\/span>\n\t\t\t\t\t<\/a>\n\t\t\t\t<\/div>\n\t\t\t\t\t\t\t\t<\/div>\n\t\t\t\t<\/div>\n\t\t\t\t<\/div>\n\t\t\t\t\t<\/div>\n\t\t\t\t<\/div>\n\t\t<div class=\"elementor-element elementor-element-eeac7d8 animated-slow e-flex e-con-boxed elementor-invisible e-con e-parent\" data-id=\"eeac7d8\" data-element_type=\"container\" data-settings=\"{&quot;animation&quot;:&quot;fadeInUp&quot;,&quot;animation_delay&quot;:600}\">\n\t\t\t\t\t<div class=\"e-con-inner\">\n\t\t<div class=\"elementor-element elementor-element-b9655ee e-con-full e-flex e-con e-child\" data-id=\"b9655ee\" data-element_type=\"container\">\n\t\t\t\t<div class=\"elementor-element elementor-element-7fb83c5 elementor-widget elementor-widget-image\" data-id=\"7fb83c5\" data-element_type=\"widget\" data-widget_type=\"image.default\">\n\t\t\t\t<div class=\"elementor-widget-container\">\n\t\t\t\t\t\t\t\t\t\t\t\t\t\t\t<img decoding=\"async\" width=\"800\" height=\"267\" src=\"https:\/\/nv-aalborg.dk\/wp-content\/uploads\/2024\/10\/forside_top.jpeg\" class=\"attachment-large size-large wp-image-1017\" alt=\"\" srcset=\"https:\/\/nv-aalborg.dk\/wp-content\/uploads\/2024\/10\/forside_top.jpeg 900w, https:\/\/nv-aalborg.dk\/wp-content\/uploads\/2024\/10\/forside_top-300x100.jpeg 300w, https:\/\/nv-aalborg.dk\/wp-content\/uploads\/2024\/10\/forside_top-768x256.jpeg 768w\" sizes=\"(max-width: 800px) 100vw, 800px\" \/>\t\t\t\t\t\t\t\t\t\t\t\t\t\t\t<\/div>\n\t\t\t\t<\/div>\n\t\t\t\t<\/div>\n\t\t<div class=\"elementor-element elementor-element-24a455c e-con-full e-flex e-con e-child\" data-id=\"24a455c\" data-element_type=\"container\">\n\t\t\t\t<div class=\"elementor-element elementor-element-13fbea9 elementor-widget elementor-widget-heading\" data-id=\"13fbea9\" data-element_type=\"widget\" data-widget_type=\"heading.default\">\n\t\t\t\t<div class=\"elementor-widget-container\">\n\t\t\t\t\t<h2 class=\"elementor-heading-title elementor-size-default\">Akut hj\u00e6lp ved ankomst til Danmark<\/h2>\t\t\t\t<\/div>\n\t\t\t\t<\/div>\n\t\t\t\t<div class=\"elementor-element elementor-element-67139ca elementor-widget elementor-widget-text-editor\" data-id=\"67139ca\" data-element_type=\"widget\" data-widget_type=\"text-editor.default\">\n\t\t\t\t<div class=\"elementor-widget-container\">\n\t\t\t\t\t\t\t\t\t<p>Vi kan hurtigt s\u00e6tte en indsats i gang, og vores team st\u00e5r klar til at tage imod unge flygtninge ved ankomst. Vi tilbyder praktisk hj\u00e6lp, s\u00e5som:<\/p>\t\t\t\t\t\t\t\t<\/div>\n\t\t\t\t<\/div>\n\t\t\t\t<div class=\"elementor-element elementor-element-b214477 elementor-icon-list--layout-traditional elementor-list-item-link-full_width elementor-widget elementor-widget-icon-list\" data-id=\"b214477\" data-element_type=\"widget\" data-widget_type=\"icon-list.default\">\n\t\t\t\t<div class=\"elementor-widget-container\">\n\t\t\t\t\t\t\t<ul class=\"elementor-icon-list-items\">\n\t\t\t\t\t\t\t<li class=\"elementor-icon-list-item\">\n\t\t\t\t\t\t\t\t\t\t\t<span class=\"elementor-icon-list-icon\">\n\t\t\t\t\t\t\t<i aria-hidden=\"true\" class=\"fas fa-circle\"><\/i>\t\t\t\t\t\t<\/span>\n\t\t\t\t\t\t\t\t\t\t<span class=\"elementor-icon-list-text\">Etablering i bolig<\/span>\n\t\t\t\t\t\t\t\t\t<\/li>\n\t\t\t\t\t\t\t\t<li class=\"elementor-icon-list-item\">\n\t\t\t\t\t\t\t\t\t\t\t<span class=\"elementor-icon-list-icon\">\n\t\t\t\t\t\t\t<i aria-hidden=\"true\" class=\"fas fa-circle\"><\/i>\t\t\t\t\t\t<\/span>\n\t\t\t\t\t\t\t\t\t\t<span class=\"elementor-icon-list-text\">Ans\u00f8gning om fors\u00f8rgelse<\/span>\n\t\t\t\t\t\t\t\t\t<\/li>\n\t\t\t\t\t\t\t\t<li class=\"elementor-icon-list-item\">\n\t\t\t\t\t\t\t\t\t\t\t<span class=\"elementor-icon-list-icon\">\n\t\t\t\t\t\t\t<i aria-hidden=\"true\" class=\"fas fa-circle\"><\/i>\t\t\t\t\t\t<\/span>\n\t\t\t\t\t\t\t\t\t\t<span class=\"elementor-icon-list-text\">Socialp\u00e6dagogisk st\u00f8tte med fokus p\u00e5 resocialisering<\/span>\n\t\t\t\t\t\t\t\t\t<\/li>\n\t\t\t\t\t\t<\/ul>\n\t\t\t\t\t\t<\/div>\n\t\t\t\t<\/div>\n\t\t\t\t<div class=\"elementor-element elementor-element-60d4c0f elementor-widget elementor-widget-text-editor\" data-id=\"60d4c0f\" data-element_type=\"widget\" data-widget_type=\"text-editor.default\">\n\t\t\t\t<div class=\"elementor-widget-container\">\n\t\t\t\t\t\t\t\t\t<p class=\"p1\">Vi hj\u00e6lper ogs\u00e5 med at skabe kontakt til n\u00e6rsamfundet, sikre l\u00e6gelig behandling og opbygge en tryg og respektfuld tilknytning til vores p\u00e6dagogiske personale.<\/p>\t\t\t\t\t\t\t\t<\/div>\n\t\t\t\t<\/div>\n\t\t\t\t<div class=\"elementor-element elementor-element-abe590e elementor-invisible elementor-widget elementor-widget-button\" data-id=\"abe590e\" data-element_type=\"widget\" data-settings=\"{&quot;_animation&quot;:&quot;fadeInUp&quot;,&quot;_animation_delay&quot;:500}\" data-widget_type=\"button.default\">\n\t\t\t\t<div class=\"elementor-widget-container\">\n\t\t\t\t\t\t\t\t\t<div class=\"elementor-button-wrapper\">\n\t\t\t\t\t<a class=\"elementor-button elementor-button-link elementor-size-sm elementor-animation-shrink\" href=\"https:\/\/nv-aalborg.dk\/index.php\/kontakt\/\">\n\t\t\t\t\t\t<span class=\"elementor-button-content-wrapper\">\n\t\t\t\t\t\t\t\t\t<span class=\"elementor-button-text\">Skal vi hj\u00e6lpe jer?<\/span>\n\t\t\t\t\t<\/span>\n\t\t\t\t\t<\/a>\n\t\t\t\t<\/div>\n\t\t\t\t\t\t\t\t<\/div>\n\t\t\t\t<\/div>\n\t\t\t\t<\/div>\n\t\t\t\t\t<\/div>\n\t\t\t\t<\/div>\n\t\t\t\t<\/div>\n\t\t","protected":false},"excerpt":{"rendered":"<p>Uledsaget flygtninge Kontakt os Vi tilbyder kommuner specialiserede p\u00e6dagogiske ydelser til unge, uledsagede flygtninge. Vores erfarne team har mange \u00e5rs erfaring i at arbejde med b\u00f8rn og unge, som kommer til Danmark med eller uden familie. Vores tilgang er recovery-orienteret og anerkendende, hvor vi altid tager udgangspunkt i den enkelte unges unikke situation. Ring til [&hellip;]<\/p>\n","protected":false},"author":2,"featured_media":0,"parent":0,"menu_order":0,"comment_status":"closed","ping_status":"closed","template":"","meta":{"_acf_changed":false,"footnotes":""},"class_list":["post-565","page","type-page","status-publish","hentry"],"acf":[],"_links":{"self":[{"href":"https:\/\/nv-aalborg.dk\/index.php\/wp-json\/wp\/v2\/pages\/565","targetHints":{"allow":["GET"]}}],"collection":[{"href":"https:\/\/nv-aalborg.dk\/index.php\/wp-json\/wp\/v2\/pages"}],"about":[{"href":"https:\/\/nv-aalborg.dk\/index.php\/wp-json\/wp\/v2\/types\/page"}],"author":[{"embeddable":true,"href":"https:\/\/nv-aalborg.dk\/index.php\/wp-json\/wp\/v2\/users\/2"}],"replies":[{"embeddable":true,"href":"https:\/\/nv-aalborg.dk\/index.php\/wp-json\/wp\/v2\/comments?post=565"}],"version-history":[{"count":19,"href":"https:\/\/nv-aalborg.dk\/index.php\/wp-json\/wp\/v2\/pages\/565\/revisions"}],"predecessor-version":[{"id":2435,"href":"https:\/\/nv-aalborg.dk\/index.php\/wp-json\/wp\/v2\/pages\/565\/revisions\/2435"}],"wp:attachment":[{"href":"https:\/\/nv-aalborg.dk\/index.php\/wp-json\/wp\/v2\/media?parent=565"}],"curies":[{"name":"wp","href":"https:\/\/api.w.org\/{rel}","templated":true}]}}