{"id":551,"date":"2024-10-07T15:44:15","date_gmt":"2024-10-07T13:44:15","guid":{"rendered":"https:\/\/nv-aalborg.dk\/?page_id=551"},"modified":"2025-04-10T09:41:46","modified_gmt":"2025-04-10T07:41:46","slug":"mandagstilbud","status":"publish","type":"page","link":"https:\/\/nv-aalborg.dk\/index.php\/mandagstilbud\/","title":{"rendered":"Mandagstilbud"},"content":{"rendered":"\t\t<div data-elementor-type=\"wp-page\" data-elementor-id=\"551\" class=\"elementor elementor-551\" data-elementor-post-type=\"page\">\n\t\t\t\t<div class=\"elementor-element elementor-element-49a6e52 e-con-full e-flex e-con e-parent\" data-id=\"49a6e52\" data-element_type=\"container\" data-settings=\"{&quot;background_background&quot;:&quot;classic&quot;}\">\n\t\t<div class=\"elementor-element elementor-element-ebe2510 e-con-full e-flex e-con e-child\" data-id=\"ebe2510\" data-element_type=\"container\">\n\t\t\t\t<div class=\"elementor-element elementor-element-55c109e elementor-widget elementor-widget-heading\" data-id=\"55c109e\" data-element_type=\"widget\" data-widget_type=\"heading.default\">\n\t\t\t\t<div class=\"elementor-widget-container\">\n\t\t\t\t\t<h1 class=\"elementor-heading-title elementor-size-default\">Mandagstilbud<\/h1>\t\t\t\t<\/div>\n\t\t\t\t<\/div>\n\t\t<div class=\"elementor-element elementor-element-e5a440b e-con-full e-flex e-con e-child\" data-id=\"e5a440b\" data-element_type=\"container\">\n\t\t\t\t<div class=\"elementor-element elementor-element-a8f4263 elementor-invisible elementor-widget elementor-widget-button\" data-id=\"a8f4263\" data-element_type=\"widget\" data-settings=\"{&quot;_animation&quot;:&quot;fadeInUp&quot;,&quot;_animation_delay&quot;:500}\" data-widget_type=\"button.default\">\n\t\t\t\t<div class=\"elementor-widget-container\">\n\t\t\t\t\t\t\t\t\t<div class=\"elementor-button-wrapper\">\n\t\t\t\t\t<a class=\"elementor-button elementor-button-link elementor-size-sm elementor-animation-shrink\" href=\"https:\/\/nv-aalborg.dk\/index.php\/kontakt\/\">\n\t\t\t\t\t\t<span class=\"elementor-button-content-wrapper\">\n\t\t\t\t\t\t\t\t\t<span class=\"elementor-button-text\">Kontakt os<\/span>\n\t\t\t\t\t<\/span>\n\t\t\t\t\t<\/a>\n\t\t\t\t<\/div>\n\t\t\t\t\t\t\t\t<\/div>\n\t\t\t\t<\/div>\n\t\t\t\t<\/div>\n\t\t\t\t<\/div>\n\t\t<div class=\"elementor-element elementor-element-b45775f e-con-full e-flex e-con e-child\" data-id=\"b45775f\" data-element_type=\"container\" data-settings=\"{&quot;background_background&quot;:&quot;classic&quot;,&quot;animation_mobile&quot;:&quot;fadeInUp&quot;,&quot;background_motion_fx_motion_fx_scrolling&quot;:&quot;yes&quot;,&quot;background_motion_fx_translateY_effect&quot;:&quot;yes&quot;,&quot;background_motion_fx_translateY_speed&quot;:{&quot;unit&quot;:&quot;px&quot;,&quot;size&quot;:4,&quot;sizes&quot;:[]},&quot;background_motion_fx_translateY_affectedRange&quot;:{&quot;unit&quot;:&quot;%&quot;,&quot;size&quot;:&quot;&quot;,&quot;sizes&quot;:{&quot;start&quot;:0,&quot;end&quot;:100}},&quot;background_motion_fx_devices&quot;:[&quot;widescreen&quot;,&quot;desktop&quot;,&quot;laptop&quot;,&quot;tablet_extra&quot;,&quot;tablet&quot;,&quot;mobile&quot;]}\">\n\t\t\t\t<\/div>\n\t\t\t\t<\/div>\n\t\t<div class=\"elementor-element elementor-element-809ff3f e-flex e-con-boxed elementor-invisible e-con e-parent\" data-id=\"809ff3f\" data-element_type=\"container\" data-settings=\"{&quot;animation&quot;:&quot;fadeInUp&quot;,&quot;background_background&quot;:&quot;classic&quot;}\">\n\t\t\t\t\t<div class=\"e-con-inner\">\n\t\t<div class=\"elementor-element elementor-element-52ba5bd e-con-full e-flex e-con e-child\" data-id=\"52ba5bd\" data-element_type=\"container\">\n\t\t\t\t<div class=\"elementor-element elementor-element-f1c72c4 elementor-widget elementor-widget-image\" data-id=\"f1c72c4\" data-element_type=\"widget\" data-widget_type=\"image.default\">\n\t\t\t\t<div class=\"elementor-widget-container\">\n\t\t\t\t\t\t\t\t\t\t\t\t\t\t\t<img fetchpriority=\"high\" decoding=\"async\" width=\"800\" height=\"534\" src=\"https:\/\/nv-aalborg.dk\/wp-content\/uploads\/2025\/01\/students-table-with-notepads-1024x683.jpg\" class=\"attachment-large size-large wp-image-2219\" alt=\"\" srcset=\"https:\/\/nv-aalborg.dk\/wp-content\/uploads\/2025\/01\/students-table-with-notepads-1024x683.jpg 1024w, https:\/\/nv-aalborg.dk\/wp-content\/uploads\/2025\/01\/students-table-with-notepads-300x200.jpg 300w, https:\/\/nv-aalborg.dk\/wp-content\/uploads\/2025\/01\/students-table-with-notepads-768x513.jpg 768w, https:\/\/nv-aalborg.dk\/wp-content\/uploads\/2025\/01\/students-table-with-notepads.jpg 1500w\" sizes=\"(max-width: 800px) 100vw, 800px\" \/>\t\t\t\t\t\t\t\t\t\t\t\t\t\t\t<\/div>\n\t\t\t\t<\/div>\n\t\t\t\t<\/div>\n\t\t<div class=\"elementor-element elementor-element-ec9b9c9 e-con-full e-flex e-con e-child\" data-id=\"ec9b9c9\" data-element_type=\"container\">\n\t\t\t\t<div class=\"elementor-element elementor-element-afe1096 elementor-widget elementor-widget-heading\" data-id=\"afe1096\" data-element_type=\"widget\" data-widget_type=\"heading.default\">\n\t\t\t\t<div class=\"elementor-widget-container\">\n\t\t\t\t\t<h2 class=\"elementor-heading-title elementor-size-default\">Et frirum for unge i hjertet af Aalborg<\/h2>\t\t\t\t<\/div>\n\t\t\t\t<\/div>\n\t\t\t\t<div class=\"elementor-element elementor-element-b31b03e elementor-widget elementor-widget-text-editor\" data-id=\"b31b03e\" data-element_type=\"widget\" data-widget_type=\"text-editor.default\">\n\t\t\t\t<div class=\"elementor-widget-container\">\n\t\t\t\t\t\t\t\t\t<p class=\"p1\">NETV\u00c6RKET tilbyder et v\u00e6rested beliggende i hjertet af Aalborg. Vores v\u00e6rested har \u00e5bent hver mandag med f\u00e6llesspisning, og derudover har vi \u00e5bent efter aftale. Form\u00e5let med v\u00e6restedet p\u00e5 NETV\u00c6RKET er at skabe et trygt og inkluderende milj\u00f8, hvor unge mennesker kan m\u00f8des og deltage i forskellige sociale aktiviteter. Vores v\u00e6rested fungerer som et frirum, hvor unge har mulighed for at udvikle og styrke deres sociale f\u00e6rdigheder samt opbygge meningsfulde relationer til andre unge og til det professionelle personale.<\/p>\t\t\t\t\t\t\t\t<\/div>\n\t\t\t\t<\/div>\n\t\t\t\t<div class=\"elementor-element elementor-element-515e0cf elementor-invisible elementor-widget elementor-widget-button\" data-id=\"515e0cf\" data-element_type=\"widget\" data-settings=\"{&quot;_animation&quot;:&quot;fadeInUp&quot;,&quot;_animation_delay&quot;:200}\" data-widget_type=\"button.default\">\n\t\t\t\t<div class=\"elementor-widget-container\">\n\t\t\t\t\t\t\t\t\t<div class=\"elementor-button-wrapper\">\n\t\t\t\t\t<a class=\"elementor-button elementor-button-link elementor-size-sm elementor-animation-shrink\" href=\"https:\/\/nv-aalborg.dk\/index.php\/kontakt\/\">\n\t\t\t\t\t\t<span class=\"elementor-button-content-wrapper\">\n\t\t\t\t\t\t\t\t\t<span class=\"elementor-button-text\">Kontakt os for at aftale<\/span>\n\t\t\t\t\t<\/span>\n\t\t\t\t\t<\/a>\n\t\t\t\t<\/div>\n\t\t\t\t\t\t\t\t<\/div>\n\t\t\t\t<\/div>\n\t\t\t\t<\/div>\n\t\t\t\t\t<\/div>\n\t\t\t\t<\/div>\n\t\t<div class=\"elementor-element elementor-element-c28f6ca animated-slow e-flex e-con-boxed elementor-invisible e-con e-parent\" data-id=\"c28f6ca\" data-element_type=\"container\" data-settings=\"{&quot;animation&quot;:&quot;fadeInUp&quot;,&quot;animation_delay&quot;:600}\">\n\t\t\t\t\t<div class=\"e-con-inner\">\n\t\t<div class=\"elementor-element elementor-element-a6c6528 e-con-full e-flex e-con e-child\" data-id=\"a6c6528\" data-element_type=\"container\">\n\t\t\t\t<div class=\"elementor-element elementor-element-49be905 elementor-widget elementor-widget-image\" data-id=\"49be905\" data-element_type=\"widget\" data-widget_type=\"image.default\">\n\t\t\t\t<div class=\"elementor-widget-container\">\n\t\t\t\t\t\t\t\t\t\t\t\t\t\t\t<img decoding=\"async\" width=\"800\" height=\"534\" src=\"https:\/\/nv-aalborg.dk\/wp-content\/uploads\/2025\/01\/front-view-girls-talking-1024x683.jpg\" class=\"attachment-large size-large wp-image-2220\" alt=\"\" srcset=\"https:\/\/nv-aalborg.dk\/wp-content\/uploads\/2025\/01\/front-view-girls-talking-1024x683.jpg 1024w, https:\/\/nv-aalborg.dk\/wp-content\/uploads\/2025\/01\/front-view-girls-talking-300x200.jpg 300w, https:\/\/nv-aalborg.dk\/wp-content\/uploads\/2025\/01\/front-view-girls-talking-768x513.jpg 768w, https:\/\/nv-aalborg.dk\/wp-content\/uploads\/2025\/01\/front-view-girls-talking.jpg 1500w\" sizes=\"(max-width: 800px) 100vw, 800px\" \/>\t\t\t\t\t\t\t\t\t\t\t\t\t\t\t<\/div>\n\t\t\t\t<\/div>\n\t\t\t\t<\/div>\n\t\t<div class=\"elementor-element elementor-element-512cb57 e-con-full e-flex e-con e-child\" data-id=\"512cb57\" data-element_type=\"container\">\n\t\t\t\t<div class=\"elementor-element elementor-element-8c98bd2 elementor-widget elementor-widget-heading\" data-id=\"8c98bd2\" data-element_type=\"widget\" data-widget_type=\"heading.default\">\n\t\t\t\t<div class=\"elementor-widget-container\">\n\t\t\t\t\t<h3 class=\"elementor-heading-title elementor-size-default\">F\u00e6llesskab og Udvikling: NETV\u00c6RKETs Mission for Unge<\/h3>\t\t\t\t<\/div>\n\t\t\t\t<\/div>\n\t\t\t\t<div class=\"elementor-element elementor-element-c1c9ce3 elementor-widget elementor-widget-text-editor\" data-id=\"c1c9ce3\" data-element_type=\"widget\" data-widget_type=\"text-editor.default\">\n\t\t\t\t<div class=\"elementor-widget-container\">\n\t\t\t\t\t\t\t\t\t<p class=\"p1\">Gennem sociale aktiviteter s\u00e5som f\u00e6llesspisning, f\u00f8dselsdagsfejringer og andre arrangementer tilbyder v\u00e6restedet en platform, hvor unge kan f\u00f8le sig v\u00e6rdsatte og inkluderede. Form\u00e5let er ogs\u00e5 at skabe et trygt rum, hvor unge kan udtrykke sig frit, dele oplevelser og f\u00e5 st\u00f8tte og vejledning ved behov. NETV\u00c6RKET \u00f8nsker at bidrage til at fremme trivsel, samh\u00f8righed og personlig udvikling blandt de unge, der benytter sig af tilbuddet.<\/p>\t\t\t\t\t\t\t\t<\/div>\n\t\t\t\t<\/div>\n\t\t<div class=\"elementor-element elementor-element-fc6ecc5 e-con-full e-flex e-con e-child\" data-id=\"fc6ecc5\" data-element_type=\"container\">\n\t\t\t\t<div class=\"elementor-element elementor-element-89d4092 elementor-invisible elementor-widget elementor-widget-button\" data-id=\"89d4092\" data-element_type=\"widget\" data-settings=\"{&quot;_animation&quot;:&quot;fadeInUp&quot;}\" data-widget_type=\"button.default\">\n\t\t\t\t<div class=\"elementor-widget-container\">\n\t\t\t\t\t\t\t\t\t<div class=\"elementor-button-wrapper\">\n\t\t\t\t\t<a class=\"elementor-button elementor-button-link elementor-size-sm elementor-animation-shrink\" href=\"tel:+4598123004\">\n\t\t\t\t\t\t<span class=\"elementor-button-content-wrapper\">\n\t\t\t\t\t\t\t\t\t<span class=\"elementor-button-text\">98 12 30 04<\/span>\n\t\t\t\t\t<\/span>\n\t\t\t\t\t<\/a>\n\t\t\t\t<\/div>\n\t\t\t\t\t\t\t\t<\/div>\n\t\t\t\t<\/div>\n\t\t\t\t<div class=\"elementor-element elementor-element-077c56e elementor-invisible elementor-widget elementor-widget-button\" data-id=\"077c56e\" data-element_type=\"widget\" data-settings=\"{&quot;_animation&quot;:&quot;fadeInUp&quot;}\" data-widget_type=\"button.default\">\n\t\t\t\t<div class=\"elementor-widget-container\">\n\t\t\t\t\t\t\t\t\t<div class=\"elementor-button-wrapper\">\n\t\t\t\t\t<a class=\"elementor-button elementor-button-link elementor-size-sm elementor-animation-shrink\" href=\"mailto:info@nv-aalborg.dk\">\n\t\t\t\t\t\t<span class=\"elementor-button-content-wrapper\">\n\t\t\t\t\t\t\t\t\t<span class=\"elementor-button-text\">info@nv-aalborg.dk<\/span>\n\t\t\t\t\t<\/span>\n\t\t\t\t\t<\/a>\n\t\t\t\t<\/div>\n\t\t\t\t\t\t\t\t<\/div>\n\t\t\t\t<\/div>\n\t\t<div class=\"elementor-element elementor-element-68a4ebc e-con-full e-flex elementor-invisible e-con e-child\" data-id=\"68a4ebc\" data-element_type=\"container\" data-settings=\"{&quot;animation&quot;:&quot;fadeInUp&quot;,&quot;animation_delay&quot;:400}\">\n\t\t\t\t<div class=\"elementor-element elementor-element-5c32ba6 e-transform elementor-view-default elementor-widget elementor-widget-icon\" data-id=\"5c32ba6\" data-element_type=\"widget\" data-settings=\"{&quot;_transform_flipX_effect&quot;:&quot;transform&quot;}\" data-widget_type=\"icon.default\">\n\t\t\t\t<div class=\"elementor-widget-container\">\n\t\t\t\t\t\t\t<div class=\"elementor-icon-wrapper\">\n\t\t\t<div class=\"elementor-icon\">\n\t\t\t<svg xmlns=\"http:\/\/www.w3.org\/2000\/svg\" height=\"48px\" viewBox=\"0 -960 960 960\" width=\"48px\" fill=\"#5f6368\"><path d=\"M549.54-793q-81 50.92-127.42 133.1-46.43 82.18-46.43 178.44 0 100.86 50.43 185.74 50.43 84.87 138.03 133.49 6.39 3.15 9.58 9.88 3.19 6.73-.35 12.35-3.53 6.38-11.31 7.08-7.77.69-14.84-2.46-93.38-53.08-147.85-145.04-54.46-91.96-54.46-199.27 0-99.37 47-186.91 47-87.55 130.16-142.63h-167q-6.58 0-10.98-4.46-4.41-4.46-4.41-11.11 0-6.66 4.41-10.93 4.4-4.27 10.98-4.27h197.54q11.96 0 19.82 7.87 7.87 7.86 7.87 19.82V-614q0 6.58-4.46 10.98t-11.12 4.4q-6.65 0-10.92-4.4T549.54-614v-179Z\"><\/path><\/svg>\t\t\t<\/div>\n\t\t<\/div>\n\t\t\t\t\t\t<\/div>\n\t\t\t\t<\/div>\n\t\t\t\t<div class=\"elementor-element elementor-element-6780a2a elementor-widget elementor-widget-text-editor\" data-id=\"6780a2a\" data-element_type=\"widget\" data-widget_type=\"text-editor.default\">\n\t\t\t\t<div class=\"elementor-widget-container\">\n\t\t\t\t\t\t\t\t\t<p>Et sikker mail<\/p>\t\t\t\t\t\t\t\t<\/div>\n\t\t\t\t<\/div>\n\t\t\t\t<\/div>\n\t\t\t\t<\/div>\n\t\t\t\t<\/div>\n\t\t\t\t\t<\/div>\n\t\t\t\t<\/div>\n\t\t\t\t<\/div>\n\t\t","protected":false},"excerpt":{"rendered":"<p>Mandagstilbud Kontakt os Et frirum for unge i hjertet af Aalborg NETV\u00c6RKET tilbyder et v\u00e6rested beliggende i hjertet af Aalborg. Vores v\u00e6rested har \u00e5bent hver mandag med f\u00e6llesspisning, og derudover har vi \u00e5bent efter aftale. Form\u00e5let med v\u00e6restedet p\u00e5 NETV\u00c6RKET er at skabe et trygt og inkluderende milj\u00f8, hvor unge mennesker kan m\u00f8des og deltage [&hellip;]<\/p>\n","protected":false},"author":2,"featured_media":0,"parent":0,"menu_order":0,"comment_status":"closed","ping_status":"closed","template":"","meta":{"_acf_changed":false,"footnotes":""},"class_list":["post-551","page","type-page","status-publish","hentry"],"acf":[],"_links":{"self":[{"href":"https:\/\/nv-aalborg.dk\/index.php\/wp-json\/wp\/v2\/pages\/551","targetHints":{"allow":["GET"]}}],"collection":[{"href":"https:\/\/nv-aalborg.dk\/index.php\/wp-json\/wp\/v2\/pages"}],"about":[{"href":"https:\/\/nv-aalborg.dk\/index.php\/wp-json\/wp\/v2\/types\/page"}],"author":[{"embeddable":true,"href":"https:\/\/nv-aalborg.dk\/index.php\/wp-json\/wp\/v2\/users\/2"}],"replies":[{"embeddable":true,"href":"https:\/\/nv-aalborg.dk\/index.php\/wp-json\/wp\/v2\/comments?post=551"}],"version-history":[{"count":22,"href":"https:\/\/nv-aalborg.dk\/index.php\/wp-json\/wp\/v2\/pages\/551\/revisions"}],"predecessor-version":[{"id":2671,"href":"https:\/\/nv-aalborg.dk\/index.php\/wp-json\/wp\/v2\/pages\/551\/revisions\/2671"}],"wp:attachment":[{"href":"https:\/\/nv-aalborg.dk\/index.php\/wp-json\/wp\/v2\/media?parent=551"}],"curies":[{"name":"wp","href":"https:\/\/api.w.org\/{rel}","templated":true}]}}