{"id":543,"date":"2024-10-07T15:43:48","date_gmt":"2024-10-07T13:43:48","guid":{"rendered":"https:\/\/nv-aalborg.dk\/?page_id=543"},"modified":"2025-04-10T09:39:46","modified_gmt":"2025-04-10T07:39:46","slug":"wum-2-0","status":"publish","type":"page","link":"https:\/\/nv-aalborg.dk\/index.php\/wum-2-0\/","title":{"rendered":"Wum 2.0"},"content":{"rendered":"\t\t<div data-elementor-type=\"wp-page\" data-elementor-id=\"543\" class=\"elementor elementor-543\" data-elementor-post-type=\"page\">\n\t\t\t\t<div class=\"elementor-element elementor-element-f1af120 e-con-full e-flex e-con e-parent\" data-id=\"f1af120\" data-element_type=\"container\" data-settings=\"{&quot;background_background&quot;:&quot;classic&quot;,&quot;animation&quot;:&quot;none&quot;}\">\n\t\t<div class=\"elementor-element elementor-element-d8d548f e-con-full e-flex e-con e-child\" data-id=\"d8d548f\" data-element_type=\"container\">\n\t\t\t\t<div class=\"elementor-element elementor-element-2fee2a0 animated-slow elementor-invisible elementor-widget elementor-widget-heading\" data-id=\"2fee2a0\" data-element_type=\"widget\" data-settings=\"{&quot;_animation&quot;:&quot;fadeInUp&quot;}\" data-widget_type=\"heading.default\">\n\t\t\t\t<div class=\"elementor-widget-container\">\n\t\t\t\t\t<h1 class=\"elementor-heading-title elementor-size-default\">VUM 2.0 hos NETV\u00c6RKET<\/h1>\t\t\t\t<\/div>\n\t\t\t\t<\/div>\n\t\t<div class=\"elementor-element elementor-element-2b0b9db e-con-full animated-slow e-flex elementor-invisible e-con e-child\" data-id=\"2b0b9db\" data-element_type=\"container\" data-settings=\"{&quot;animation&quot;:&quot;fadeInUp&quot;}\">\n\t\t\t\t<div class=\"elementor-element elementor-element-c21ed58 elementor-invisible elementor-widget elementor-widget-button\" data-id=\"c21ed58\" data-element_type=\"widget\" data-settings=\"{&quot;_animation&quot;:&quot;fadeInUp&quot;,&quot;_animation_delay&quot;:500}\" data-widget_type=\"button.default\">\n\t\t\t\t<div class=\"elementor-widget-container\">\n\t\t\t\t\t\t\t\t\t<div class=\"elementor-button-wrapper\">\n\t\t\t\t\t<a class=\"elementor-button elementor-button-link elementor-size-sm elementor-animation-shrink\" href=\"#mere\">\n\t\t\t\t\t\t<span class=\"elementor-button-content-wrapper\">\n\t\t\t\t\t\t\t\t\t<span class=\"elementor-button-text\">L\u00e6s mere<\/span>\n\t\t\t\t\t<\/span>\n\t\t\t\t\t<\/a>\n\t\t\t\t<\/div>\n\t\t\t\t\t\t\t\t<\/div>\n\t\t\t\t<\/div>\n\t\t\t\t<div class=\"elementor-element elementor-element-17a6e53 elementor-invisible elementor-widget elementor-widget-button\" data-id=\"17a6e53\" data-element_type=\"widget\" data-settings=\"{&quot;_animation&quot;:&quot;fadeInUp&quot;,&quot;_animation_delay&quot;:500}\" data-widget_type=\"button.default\">\n\t\t\t\t<div class=\"elementor-widget-container\">\n\t\t\t\t\t\t\t\t\t<div class=\"elementor-button-wrapper\">\n\t\t\t\t\t<a class=\"elementor-button elementor-button-link elementor-size-sm elementor-animation-shrink\" href=\"https:\/\/nv-aalborg.dk\/index.php\/kontakt\/\">\n\t\t\t\t\t\t<span class=\"elementor-button-content-wrapper\">\n\t\t\t\t\t\t\t\t\t<span class=\"elementor-button-text\">Kontakt os<\/span>\n\t\t\t\t\t<\/span>\n\t\t\t\t\t<\/a>\n\t\t\t\t<\/div>\n\t\t\t\t\t\t\t\t<\/div>\n\t\t\t\t<\/div>\n\t\t<div class=\"elementor-element elementor-element-fbd2927 e-con-full e-flex elementor-invisible e-con e-child\" data-id=\"fbd2927\" data-element_type=\"container\" data-settings=\"{&quot;animation&quot;:&quot;fadeInUp&quot;,&quot;animation_delay&quot;:400}\">\n\t\t\t\t<div class=\"elementor-element elementor-element-ac888b2 e-transform elementor-view-default elementor-widget elementor-widget-icon\" data-id=\"ac888b2\" data-element_type=\"widget\" data-settings=\"{&quot;_transform_flipX_effect&quot;:&quot;transform&quot;}\" data-widget_type=\"icon.default\">\n\t\t\t\t<div class=\"elementor-widget-container\">\n\t\t\t\t\t\t\t<div class=\"elementor-icon-wrapper\">\n\t\t\t<div class=\"elementor-icon\">\n\t\t\t<svg xmlns=\"http:\/\/www.w3.org\/2000\/svg\" height=\"48px\" viewBox=\"0 -960 960 960\" width=\"48px\" fill=\"#5f6368\"><path d=\"M549.54-793q-81 50.92-127.42 133.1-46.43 82.18-46.43 178.44 0 100.86 50.43 185.74 50.43 84.87 138.03 133.49 6.39 3.15 9.58 9.88 3.19 6.73-.35 12.35-3.53 6.38-11.31 7.08-7.77.69-14.84-2.46-93.38-53.08-147.85-145.04-54.46-91.96-54.46-199.27 0-99.37 47-186.91 47-87.55 130.16-142.63h-167q-6.58 0-10.98-4.46-4.41-4.46-4.41-11.11 0-6.66 4.41-10.93 4.4-4.27 10.98-4.27h197.54q11.96 0 19.82 7.87 7.87 7.86 7.87 19.82V-614q0 6.58-4.46 10.98t-11.12 4.4q-6.65 0-10.92-4.4T549.54-614v-179Z\"><\/path><\/svg>\t\t\t<\/div>\n\t\t<\/div>\n\t\t\t\t\t\t<\/div>\n\t\t\t\t<\/div>\n\t\t\t\t<div class=\"elementor-element elementor-element-1bee789 elementor-widget elementor-widget-text-editor\" data-id=\"1bee789\" data-element_type=\"widget\" data-widget_type=\"text-editor.default\">\n\t\t\t\t<div class=\"elementor-widget-container\">\n\t\t\t\t\t\t\t\t\t<p>Et sikker mail<\/p>\t\t\t\t\t\t\t\t<\/div>\n\t\t\t\t<\/div>\n\t\t\t\t<\/div>\n\t\t\t\t<\/div>\n\t\t\t\t<\/div>\n\t\t<div class=\"elementor-element elementor-element-7531c45 e-con-full e-flex e-con e-child\" data-id=\"7531c45\" data-element_type=\"container\" data-settings=\"{&quot;background_background&quot;:&quot;classic&quot;}\">\n\t\t\t\t<\/div>\n\t\t\t\t<\/div>\n\t\t<div class=\"elementor-element elementor-element-24b441e e-con-full e-flex e-con e-parent\" data-id=\"24b441e\" data-element_type=\"container\" data-settings=\"{&quot;background_background&quot;:&quot;classic&quot;}\">\n\t\t\t\t<div class=\"elementor-element elementor-element-2178df4 elementor-widget elementor-widget-html\" data-id=\"2178df4\" data-element_type=\"widget\" data-widget_type=\"html.default\">\n\t\t\t\t<div class=\"elementor-widget-container\">\n\t\t\t\t\t<div class=\"outer\">\n    <div>\n        <div class=\"loop\"><div class=\"content\"> \n        Kombiforl\u00f8b \u00a783\/\u00a785<span style=\"padding: 0px 30px;\">\u27ad<\/span>\n        St\u00f8ttet samv\u00e6r<span style=\"padding: 0px 30px;\">\u27ad<\/span>\n        Overv\u00e5get samv\u00e6r<span style=\"padding: 0px 30px;\">\u27ad<\/span>\n        Samv\u00e6rslejlighed<span style=\"padding: 0px 30px;\">\u27ad<\/span>\n        Spiseforstyrelse<span style=\"padding: 0px 30px;\">\u27ad<\/span>\n        Familiebehandling<span style=\"padding: 0px 30px;\">\u27ad<\/span>\n        NADA<span style=\"padding: 0px 30px;\">\u27ad<\/span>\n        Fysisktr\u00e6ning<span style=\"padding: 0px 30px;\">\u27ad<\/span>\n        Kostvejledning<span style=\"padding: 0px 30px;\">\u27ad<\/span>\n        Mandagstilbud<span style=\"padding: 0px 30px;\">\u27ad<\/span>\n        Uledsaget flygtninge<span style=\"padding: 0px 30px;\">\u27ad<\/span>\n        ICM<span style=\"padding: 0px 30px;\">\u27ad<\/span>\n        Housing First<span style=\"padding: 0px 30px;\">\u27ad<\/span>\n        M-ACT<span style=\"padding: 0px 30px;\">\u27ad<\/span>\n        <\/div><\/div>\n    <\/div>\n<\/div>\n\n<script>Dynamic Tags\nNeed Help\n\nPage Settings\n\nNavigator\n\nHistory\n\nResponsive Mode\n\nPreview Changes\n\nSave Options\n\ndocument.querySelectorAll('.outer').forEach(el => {\n\tlet content = el.querySelector('.content');\n\n\trepeatContent(content, el.offsetWidth);\n\n\tlet slider = el.querySelector('.loop');\n\tslider.innerHTML = slider.innerHTML + slider.innerHTML;\n});\n\n    \nfunction repeatContent(el, till) {\n    let html = el.innerHTML;\n    let counter = 0; \/\/ prevents infinite loop\n    \n    while (el.offsetWidth < till && counter < 100) {\n        el.innerHTML += html;\n        counter += 1;\n    }\n}\n<\/script>\t\t\t\t<\/div>\n\t\t\t\t<\/div>\n\t\t\t\t<\/div>\n\t\t<div class=\"elementor-element elementor-element-0782b17 e-flex e-con-boxed elementor-invisible e-con e-parent\" data-id=\"0782b17\" data-element_type=\"container\" data-settings=\"{&quot;animation&quot;:&quot;fadeInUp&quot;,&quot;background_background&quot;:&quot;classic&quot;}\">\n\t\t\t\t\t<div class=\"e-con-inner\">\n\t\t<div class=\"elementor-element elementor-element-34be8d2 e-con-full e-flex e-con e-child\" data-id=\"34be8d2\" data-element_type=\"container\">\n\t\t\t\t<div class=\"elementor-element elementor-element-80580b6 elementor-widget elementor-widget-image\" data-id=\"80580b6\" data-element_type=\"widget\" data-widget_type=\"image.default\">\n\t\t\t\t<div class=\"elementor-widget-container\">\n\t\t\t\t\t\t\t\t\t\t\t\t\t\t\t<img fetchpriority=\"high\" decoding=\"async\" width=\"800\" height=\"546\" src=\"https:\/\/nv-aalborg.dk\/wp-content\/uploads\/2024\/10\/Image-13-\u043a\u043e\u043f\u0456\u044f.jpg\" class=\"attachment-large size-large wp-image-720\" alt=\"\" srcset=\"https:\/\/nv-aalborg.dk\/wp-content\/uploads\/2024\/10\/Image-13-\u043a\u043e\u043f\u0456\u044f.jpg 800w, https:\/\/nv-aalborg.dk\/wp-content\/uploads\/2024\/10\/Image-13-\u043a\u043e\u043f\u0456\u044f-300x205.jpg 300w, https:\/\/nv-aalborg.dk\/wp-content\/uploads\/2024\/10\/Image-13-\u043a\u043e\u043f\u0456\u044f-768x524.jpg 768w\" sizes=\"(max-width: 800px) 100vw, 800px\" \/>\t\t\t\t\t\t\t\t\t\t\t\t\t\t\t<\/div>\n\t\t\t\t<\/div>\n\t\t\t\t<\/div>\n\t\t<div class=\"elementor-element elementor-element-86c70c6 e-con-full e-flex e-con e-child\" data-id=\"86c70c6\" data-element_type=\"container\">\n\t\t\t\t<div class=\"elementor-element elementor-element-14cde21 elementor-absolute elementor-widget elementor-widget-menu-anchor\" data-id=\"14cde21\" data-element_type=\"widget\" data-settings=\"{&quot;_position&quot;:&quot;absolute&quot;}\" data-widget_type=\"menu-anchor.default\">\n\t\t\t\t<div class=\"elementor-widget-container\">\n\t\t\t\t\t\t\t<div class=\"elementor-menu-anchor\" id=\"mere\"><\/div>\n\t\t\t\t\t\t<\/div>\n\t\t\t\t<\/div>\n\t\t\t\t<div class=\"elementor-element elementor-element-0d1a001 elementor-widget elementor-widget-heading\" data-id=\"0d1a001\" data-element_type=\"widget\" data-widget_type=\"heading.default\">\n\t\t\t\t<div class=\"elementor-widget-container\">\n\t\t\t\t\t<h3 class=\"elementor-heading-title elementor-size-default\">Helhedsorienteret St\u00f8tte med VUM 2.0: En Individuel Tilgang<\/h3>\t\t\t\t<\/div>\n\t\t\t\t<\/div>\n\t\t\t\t<div class=\"elementor-element elementor-element-96797a3 elementor-widget elementor-widget-text-editor\" data-id=\"96797a3\" data-element_type=\"widget\" data-widget_type=\"text-editor.default\">\n\t\t\t\t<div class=\"elementor-widget-container\">\n\t\t\t\t\t\t\t\t\t<p class=\"p1\">Hos NETV\u00c6RKET arbejder vi ud fra Voksenudredningsmetoden 2.0 (VUM 2.0), som sikrer en systematisk og helhedsorienteret vurdering af borgerens behov. Denne metode giver os mulighed for at udvikle m\u00e5lrettede l\u00f8sninger, der tager udgangspunkt i borgerens ressourcer, \u00f8nsker og behov, og som underst\u00f8tter den enkeltes udvikling og trivsel.<\/p>\t\t\t\t\t\t\t\t<\/div>\n\t\t\t\t<\/div>\n\t\t\t\t<div class=\"elementor-element elementor-element-0321013 elementor-invisible elementor-widget elementor-widget-button\" data-id=\"0321013\" data-element_type=\"widget\" data-settings=\"{&quot;_animation&quot;:&quot;fadeInUp&quot;,&quot;_animation_delay&quot;:200}\" data-widget_type=\"button.default\">\n\t\t\t\t<div class=\"elementor-widget-container\">\n\t\t\t\t\t\t\t\t\t<div class=\"elementor-button-wrapper\">\n\t\t\t\t\t<a class=\"elementor-button elementor-button-link elementor-size-sm elementor-animation-shrink\" href=\"https:\/\/nv-aalborg.dk\/index.php\/moed-os\/\">\n\t\t\t\t\t\t<span class=\"elementor-button-content-wrapper\">\n\t\t\t\t\t\t\t\t\t<span class=\"elementor-button-text\">M\u00f8d teamet her<\/span>\n\t\t\t\t\t<\/span>\n\t\t\t\t\t<\/a>\n\t\t\t\t<\/div>\n\t\t\t\t\t\t\t\t<\/div>\n\t\t\t\t<\/div>\n\t\t\t\t<\/div>\n\t\t\t\t\t<\/div>\n\t\t\t\t<\/div>\n\t\t<div class=\"elementor-element elementor-element-76d5b93 e-flex e-con-boxed e-con e-parent\" data-id=\"76d5b93\" data-element_type=\"container\" data-settings=\"{&quot;animation&quot;:&quot;none&quot;,&quot;background_background&quot;:&quot;classic&quot;}\">\n\t\t\t\t\t<div class=\"e-con-inner\">\n\t\t<div class=\"elementor-element elementor-element-5b44ba5 e-con-full e-flex elementor-invisible e-con e-child\" data-id=\"5b44ba5\" data-element_type=\"container\" data-settings=\"{&quot;animation&quot;:&quot;fadeInRight&quot;,&quot;animation_delay&quot;:300}\">\n\t\t\t\t<div class=\"elementor-element elementor-element-e80cdd8 elementor-widget elementor-widget-image\" data-id=\"e80cdd8\" data-element_type=\"widget\" data-widget_type=\"image.default\">\n\t\t\t\t<div class=\"elementor-widget-container\">\n\t\t\t\t\t\t\t\t\t\t\t\t\t\t\t<img decoding=\"async\" width=\"800\" height=\"229\" src=\"https:\/\/nv-aalborg.dk\/wp-content\/uploads\/2024\/10\/cropped-netvc3a6rket-1024x293.jpeg\" class=\"attachment-large size-large wp-image-926\" alt=\"\" srcset=\"https:\/\/nv-aalborg.dk\/wp-content\/uploads\/2024\/10\/cropped-netvc3a6rket-1024x293.jpeg 1024w, https:\/\/nv-aalborg.dk\/wp-content\/uploads\/2024\/10\/cropped-netvc3a6rket-300x86.jpeg 300w, https:\/\/nv-aalborg.dk\/wp-content\/uploads\/2024\/10\/cropped-netvc3a6rket-768x219.jpeg 768w, https:\/\/nv-aalborg.dk\/wp-content\/uploads\/2024\/10\/cropped-netvc3a6rket.jpeg 1400w\" sizes=\"(max-width: 800px) 100vw, 800px\" \/>\t\t\t\t\t\t\t\t\t\t\t\t\t\t\t<\/div>\n\t\t\t\t<\/div>\n\t\t\t\t<\/div>\n\t\t<div class=\"elementor-element elementor-element-c5e4f0e e-con-full e-flex elementor-invisible e-con e-child\" data-id=\"c5e4f0e\" data-element_type=\"container\" data-settings=\"{&quot;animation&quot;:&quot;fadeInUp&quot;}\">\n\t\t\t\t<div class=\"elementor-element elementor-element-9e84237 elementor-widget elementor-widget-heading\" data-id=\"9e84237\" data-element_type=\"widget\" data-widget_type=\"heading.default\">\n\t\t\t\t<div class=\"elementor-widget-container\">\n\t\t\t\t\t<h3 class=\"elementor-heading-title elementor-size-default\">Samarbejde med kommunen for optimal st\u00f8tte<\/h3>\t\t\t\t<\/div>\n\t\t\t\t<\/div>\n\t\t\t\t<div class=\"elementor-element elementor-element-de04cbe elementor-widget elementor-widget-text-editor\" data-id=\"de04cbe\" data-element_type=\"widget\" data-widget_type=\"text-editor.default\">\n\t\t\t\t<div class=\"elementor-widget-container\">\n\t\t\t\t\t\t\t\t\t<p>Vi udarbejder statusbeskrivelser i tr\u00e5d med VUM 2.0 og er i t\u00e6t samarbejde med kommunens r\u00e5dgiver, hvilket sikrer en grundig og pr\u00e6cis vurdering af borgerens situation. Vi tilpasser indsatsen for at im\u00f8dekomme de specifikke behov og \u00f8nsker, der identificeres under udredningen.<\/p><p>Vi arbejder ud fra den enkelte kommunes kvalitetsstandarder for at sikre en ensartet og professionel sagsbehandling, der opfylder lokale krav og retningslinjer. Dette samarbejde med kommunen er med til at sikre, at borgerne f\u00e5r den bedst mulige st\u00f8tte og de rette ressourcer til at fremme deres trivsel og udvikling.<\/p>\t\t\t\t\t\t\t\t<\/div>\n\t\t\t\t<\/div>\n\t\t\t\t<\/div>\n\t\t\t\t\t<\/div>\n\t\t\t\t<\/div>\n\t\t<div class=\"elementor-element elementor-element-06b367b e-flex e-con-boxed e-con e-parent\" data-id=\"06b367b\" data-element_type=\"container\">\n\t\t\t\t\t<div class=\"e-con-inner\">\n\t\t<div class=\"elementor-element elementor-element-0b5a2fe e-con-full e-flex elementor-invisible e-con e-child\" data-id=\"0b5a2fe\" data-element_type=\"container\" data-settings=\"{&quot;background_background&quot;:&quot;classic&quot;,&quot;animation&quot;:&quot;fadeInUp&quot;}\">\n\t\t<div class=\"elementor-element elementor-element-5b8480a e-con-full e-flex e-con e-child\" data-id=\"5b8480a\" data-element_type=\"container\" data-settings=\"{&quot;animation&quot;:&quot;none&quot;}\">\n\t\t\t\t<div class=\"elementor-element elementor-element-6ca6447 elementor-widget elementor-widget-text-editor\" data-id=\"6ca6447\" data-element_type=\"widget\" data-widget_type=\"text-editor.default\">\n\t\t\t\t<div class=\"elementor-widget-container\">\n\t\t\t\t\t\t\t\t\t<p class=\"p1\">Kontakt os for at h\u00f8re, hvordan vi kan st\u00f8tte dig gennem VUM 2.0 og skr\u00e6ddersyede l\u00f8sninger, der er tilpasaset dine behov.<\/p>\t\t\t\t\t\t\t\t<\/div>\n\t\t\t\t<\/div>\n\t\t\t\t<div class=\"elementor-element elementor-element-b3cc4d0 elementor-widget elementor-widget-button\" data-id=\"b3cc4d0\" data-element_type=\"widget\" data-widget_type=\"button.default\">\n\t\t\t\t<div class=\"elementor-widget-container\">\n\t\t\t\t\t\t\t\t\t<div class=\"elementor-button-wrapper\">\n\t\t\t\t\t<a class=\"elementor-button elementor-button-link elementor-size-sm elementor-animation-shrink\" href=\"https:\/\/nv-aalborg.dk\/index.php\/kontakt\/\">\n\t\t\t\t\t\t<span class=\"elementor-button-content-wrapper\">\n\t\t\t\t\t\t\t\t\t<span class=\"elementor-button-text\">Kontakt os<\/span>\n\t\t\t\t\t<\/span>\n\t\t\t\t\t<\/a>\n\t\t\t\t<\/div>\n\t\t\t\t\t\t\t\t<\/div>\n\t\t\t\t<\/div>\n\t\t\t\t<\/div>\n\t\t<div class=\"elementor-element elementor-element-eb65046 e-con-full e-flex e-con e-child\" data-id=\"eb65046\" data-element_type=\"container\" data-settings=\"{&quot;background_background&quot;:&quot;classic&quot;,&quot;background_motion_fx_motion_fx_scrolling&quot;:&quot;yes&quot;,&quot;background_motion_fx_translateY_effect&quot;:&quot;yes&quot;,&quot;background_motion_fx_translateY_speed&quot;:{&quot;unit&quot;:&quot;px&quot;,&quot;size&quot;:2.5,&quot;sizes&quot;:[]},&quot;background_motion_fx_translateY_affectedRange&quot;:{&quot;unit&quot;:&quot;%&quot;,&quot;size&quot;:&quot;&quot;,&quot;sizes&quot;:{&quot;start&quot;:0,&quot;end&quot;:100}},&quot;background_motion_fx_devices&quot;:[&quot;widescreen&quot;,&quot;desktop&quot;,&quot;laptop&quot;,&quot;tablet_extra&quot;,&quot;tablet&quot;,&quot;mobile&quot;]}\">\n\t\t\t\t<\/div>\n\t\t\t\t<\/div>\n\t\t\t\t\t<\/div>\n\t\t\t\t<\/div>\n\t\t\t\t<\/div>\n\t\t","protected":false},"excerpt":{"rendered":"<p>VUM 2.0 hos NETV\u00c6RKET L\u00e6s mere Kontakt os Et sikker mail Kombiforl\u00f8b \u00a783\/\u00a785\u27ad St\u00f8ttet samv\u00e6r\u27ad Overv\u00e5get samv\u00e6r\u27ad Samv\u00e6rslejlighed\u27ad Spiseforstyrelse\u27ad Familiebehandling\u27ad NADA\u27ad Fysisktr\u00e6ning\u27ad Kostvejledning\u27ad Mandagstilbud\u27ad Uledsaget flygtninge\u27ad ICM\u27ad Housing First\u27ad M-ACT\u27ad Helhedsorienteret St\u00f8tte med VUM 2.0: En Individuel Tilgang Hos NETV\u00c6RKET arbejder vi ud fra Voksenudredningsmetoden 2.0 (VUM 2.0), som sikrer en systematisk og helhedsorienteret vurdering [&hellip;]<\/p>\n","protected":false},"author":2,"featured_media":0,"parent":0,"menu_order":0,"comment_status":"closed","ping_status":"closed","template":"","meta":{"_acf_changed":false,"footnotes":""},"class_list":["post-543","page","type-page","status-publish","hentry"],"acf":[],"_links":{"self":[{"href":"https:\/\/nv-aalborg.dk\/index.php\/wp-json\/wp\/v2\/pages\/543","targetHints":{"allow":["GET"]}}],"collection":[{"href":"https:\/\/nv-aalborg.dk\/index.php\/wp-json\/wp\/v2\/pages"}],"about":[{"href":"https:\/\/nv-aalborg.dk\/index.php\/wp-json\/wp\/v2\/types\/page"}],"author":[{"embeddable":true,"href":"https:\/\/nv-aalborg.dk\/index.php\/wp-json\/wp\/v2\/users\/2"}],"replies":[{"embeddable":true,"href":"https:\/\/nv-aalborg.dk\/index.php\/wp-json\/wp\/v2\/comments?post=543"}],"version-history":[{"count":28,"href":"https:\/\/nv-aalborg.dk\/index.php\/wp-json\/wp\/v2\/pages\/543\/revisions"}],"predecessor-version":[{"id":2659,"href":"https:\/\/nv-aalborg.dk\/index.php\/wp-json\/wp\/v2\/pages\/543\/revisions\/2659"}],"wp:attachment":[{"href":"https:\/\/nv-aalborg.dk\/index.php\/wp-json\/wp\/v2\/media?parent=543"}],"curies":[{"name":"wp","href":"https:\/\/api.w.org\/{rel}","templated":true}]}}