{"id":523,"date":"2024-10-07T15:40:42","date_gmt":"2024-10-07T13:40:42","guid":{"rendered":"https:\/\/nv-aalborg.dk\/?page_id=523"},"modified":"2025-02-19T14:35:09","modified_gmt":"2025-02-19T13:35:09","slug":"velkommen-til-netvaerket","status":"publish","type":"page","link":"https:\/\/nv-aalborg.dk\/index.php\/velkommen-til-netvaerket\/","title":{"rendered":"Velkommen til NETV\u00c6RKET"},"content":{"rendered":"\t\t<div data-elementor-type=\"wp-page\" data-elementor-id=\"523\" class=\"elementor elementor-523\" data-elementor-post-type=\"page\">\n\t\t\t\t<div class=\"elementor-element elementor-element-e6b07bb e-con-full e-flex e-con e-parent\" data-id=\"e6b07bb\" data-element_type=\"container\" data-settings=\"{&quot;background_background&quot;:&quot;classic&quot;,&quot;animation&quot;:&quot;none&quot;}\">\n\t\t<div class=\"elementor-element elementor-element-4c4f042 e-con-full e-flex e-con e-child\" data-id=\"4c4f042\" data-element_type=\"container\">\n\t\t\t\t<div class=\"elementor-element elementor-element-39df632 animated-slow elementor-invisible elementor-widget elementor-widget-heading\" data-id=\"39df632\" data-element_type=\"widget\" data-settings=\"{&quot;_animation&quot;:&quot;fadeInUp&quot;}\" data-widget_type=\"heading.default\">\n\t\t\t\t<div class=\"elementor-widget-container\">\n\t\t\t\t\t<h1 class=\"elementor-heading-title elementor-size-default\">Velkommen til NETV\u00c6RKET<\/h1>\t\t\t\t<\/div>\n\t\t\t\t<\/div>\n\t\t<div class=\"elementor-element elementor-element-0ec3f45 e-con-full animated-slow e-flex elementor-invisible e-con e-child\" data-id=\"0ec3f45\" data-element_type=\"container\" data-settings=\"{&quot;animation&quot;:&quot;fadeInUp&quot;}\">\n\t\t\t\t<div class=\"elementor-element elementor-element-0d1607a elementor-invisible elementor-widget elementor-widget-button\" data-id=\"0d1607a\" data-element_type=\"widget\" data-settings=\"{&quot;_animation&quot;:&quot;fadeInUp&quot;,&quot;_animation_delay&quot;:500}\" data-widget_type=\"button.default\">\n\t\t\t\t<div class=\"elementor-widget-container\">\n\t\t\t\t\t\t\t\t\t<div class=\"elementor-button-wrapper\">\n\t\t\t\t\t<a class=\"elementor-button elementor-button-link elementor-size-sm elementor-animation-shrink\" href=\"#mere\">\n\t\t\t\t\t\t<span class=\"elementor-button-content-wrapper\">\n\t\t\t\t\t\t\t\t\t<span class=\"elementor-button-text\">L\u00e6s mere<\/span>\n\t\t\t\t\t<\/span>\n\t\t\t\t\t<\/a>\n\t\t\t\t<\/div>\n\t\t\t\t\t\t\t\t<\/div>\n\t\t\t\t<\/div>\n\t\t\t\t<div class=\"elementor-element elementor-element-630626d elementor-invisible elementor-widget elementor-widget-button\" data-id=\"630626d\" data-element_type=\"widget\" data-settings=\"{&quot;_animation&quot;:&quot;fadeInUp&quot;,&quot;_animation_delay&quot;:500}\" data-widget_type=\"button.default\">\n\t\t\t\t<div class=\"elementor-widget-container\">\n\t\t\t\t\t\t\t\t\t<div class=\"elementor-button-wrapper\">\n\t\t\t\t\t<a class=\"elementor-button elementor-button-link elementor-size-sm elementor-animation-shrink\" href=\"https:\/\/nv-aalborg.dk\/index.php\/moed-os\/\">\n\t\t\t\t\t\t<span class=\"elementor-button-content-wrapper\">\n\t\t\t\t\t\t\t\t\t<span class=\"elementor-button-text\">M\u00f8d os<\/span>\n\t\t\t\t\t<\/span>\n\t\t\t\t\t<\/a>\n\t\t\t\t<\/div>\n\t\t\t\t\t\t\t\t<\/div>\n\t\t\t\t<\/div>\n\t\t\t\t<div class=\"elementor-element elementor-element-d0cf381 elementor-invisible elementor-widget elementor-widget-button\" data-id=\"d0cf381\" data-element_type=\"widget\" data-settings=\"{&quot;_animation&quot;:&quot;fadeInUp&quot;,&quot;_animation_delay&quot;:500}\" data-widget_type=\"button.default\">\n\t\t\t\t<div class=\"elementor-widget-container\">\n\t\t\t\t\t\t\t\t\t<div class=\"elementor-button-wrapper\">\n\t\t\t\t\t<a class=\"elementor-button elementor-button-link elementor-size-sm elementor-animation-shrink\" href=\"https:\/\/nv-aalborg.dk\/index.php\/kontakt\/\">\n\t\t\t\t\t\t<span class=\"elementor-button-content-wrapper\">\n\t\t\t\t\t\t\t\t\t<span class=\"elementor-button-text\">Kontakt os<\/span>\n\t\t\t\t\t<\/span>\n\t\t\t\t\t<\/a>\n\t\t\t\t<\/div>\n\t\t\t\t\t\t\t\t<\/div>\n\t\t\t\t<\/div>\n\t\t<div class=\"elementor-element elementor-element-c135209 e-con-full e-flex elementor-invisible e-con e-child\" data-id=\"c135209\" data-element_type=\"container\" data-settings=\"{&quot;animation&quot;:&quot;fadeInUp&quot;,&quot;animation_delay&quot;:400}\">\n\t\t\t\t<div class=\"elementor-element elementor-element-bb349f9 e-transform elementor-view-default elementor-widget elementor-widget-icon\" data-id=\"bb349f9\" data-element_type=\"widget\" data-settings=\"{&quot;_transform_flipX_effect&quot;:&quot;transform&quot;}\" data-widget_type=\"icon.default\">\n\t\t\t\t<div class=\"elementor-widget-container\">\n\t\t\t\t\t\t\t<div class=\"elementor-icon-wrapper\">\n\t\t\t<div class=\"elementor-icon\">\n\t\t\t<svg xmlns=\"http:\/\/www.w3.org\/2000\/svg\" height=\"48px\" viewBox=\"0 -960 960 960\" width=\"48px\" fill=\"#5f6368\"><path d=\"M549.54-793q-81 50.92-127.42 133.1-46.43 82.18-46.43 178.44 0 100.86 50.43 185.74 50.43 84.87 138.03 133.49 6.39 3.15 9.58 9.88 3.19 6.73-.35 12.35-3.53 6.38-11.31 7.08-7.77.69-14.84-2.46-93.38-53.08-147.85-145.04-54.46-91.96-54.46-199.27 0-99.37 47-186.91 47-87.55 130.16-142.63h-167q-6.58 0-10.98-4.46-4.41-4.46-4.41-11.11 0-6.66 4.41-10.93 4.4-4.27 10.98-4.27h197.54q11.96 0 19.82 7.87 7.87 7.86 7.87 19.82V-614q0 6.58-4.46 10.98t-11.12 4.4q-6.65 0-10.92-4.4T549.54-614v-179Z\"><\/path><\/svg>\t\t\t<\/div>\n\t\t<\/div>\n\t\t\t\t\t\t<\/div>\n\t\t\t\t<\/div>\n\t\t\t\t<div class=\"elementor-element elementor-element-5d5f764 elementor-widget elementor-widget-text-editor\" data-id=\"5d5f764\" data-element_type=\"widget\" data-widget_type=\"text-editor.default\">\n\t\t\t\t<div class=\"elementor-widget-container\">\n\t\t\t\t\t\t\t\t\t<p>En sikker mailadresse<\/p>\t\t\t\t\t\t\t\t<\/div>\n\t\t\t\t<\/div>\n\t\t\t\t<\/div>\n\t\t\t\t<\/div>\n\t\t\t\t<\/div>\n\t\t<div class=\"elementor-element elementor-element-b1af83f e-con-full e-flex e-con e-child\" data-id=\"b1af83f\" data-element_type=\"container\" data-settings=\"{&quot;background_background&quot;:&quot;classic&quot;}\">\n\t\t\t\t<\/div>\n\t\t\t\t<\/div>\n\t\t<div class=\"elementor-element elementor-element-4aa3330 e-con-full e-flex e-con e-parent\" data-id=\"4aa3330\" data-element_type=\"container\" data-settings=\"{&quot;background_background&quot;:&quot;classic&quot;}\">\n\t\t\t\t<div class=\"elementor-element elementor-element-b4eb79c elementor-widget elementor-widget-html\" data-id=\"b4eb79c\" data-element_type=\"widget\" data-widget_type=\"html.default\">\n\t\t\t\t<div class=\"elementor-widget-container\">\n\t\t\t\t\t<div class=\"outer\">\n    <div>\n        <div class=\"loop\"><div class=\"content\"> \n        Kombiforl\u00f8b \u00a783\/\u00a785<span style=\"padding: 0px 30px;\">\u27ad<\/span>\n        St\u00f8ttet samv\u00e6r<span style=\"padding: 0px 30px;\">\u27ad<\/span>\n        Overv\u00e5get samv\u00e6r<span style=\"padding: 0px 30px;\">\u27ad<\/span>\n        Samv\u00e6rslejlighed<span style=\"padding: 0px 30px;\">\u27ad<\/span>\n        Spiseforstyrelse<span style=\"padding: 0px 30px;\">\u27ad<\/span>\n        Familiebehandling<span style=\"padding: 0px 30px;\">\u27ad<\/span>\n        NADA<span style=\"padding: 0px 30px;\">\u27ad<\/span>\n        Fysisktr\u00e6ning<span style=\"padding: 0px 30px;\">\u27ad<\/span>\n        Kostvejledning<span style=\"padding: 0px 30px;\">\u27ad<\/span>\n        Mandagstilbud<span style=\"padding: 0px 30px;\">\u27ad<\/span>\n        Uledsaget flygtninge<span style=\"padding: 0px 30px;\">\u27ad<\/span>\n        ICM<span style=\"padding: 0px 30px;\">\u27ad<\/span>\n        Housing First<span style=\"padding: 0px 30px;\">\u27ad<\/span>\n        M-ACT<span style=\"padding: 0px 30px;\">\u27ad<\/span>\n        <\/div><\/div>\n    <\/div>\n<\/div>\n\n<script>Dynamic Tags\nNeed Help\n\nPage Settings\n\nNavigator\n\nHistory\n\nResponsive Mode\n\nPreview Changes\n\nSave Options\n\ndocument.querySelectorAll('.outer').forEach(el => {\n\tlet content = el.querySelector('.content');\n\n\trepeatContent(content, el.offsetWidth);\n\n\tlet slider = el.querySelector('.loop');\n\tslider.innerHTML = slider.innerHTML + slider.innerHTML;\n});\n\n    \nfunction repeatContent(el, till) {\n    let html = el.innerHTML;\n    let counter = 0; \/\/ prevents infinite loop\n    \n    while (el.offsetWidth < till && counter < 100) {\n        el.innerHTML += html;\n        counter += 1;\n    }\n}\n<\/script>\t\t\t\t<\/div>\n\t\t\t\t<\/div>\n\t\t\t\t<\/div>\n\t\t<div class=\"elementor-element elementor-element-5c7d919 e-flex e-con-boxed e-con e-parent\" data-id=\"5c7d919\" data-element_type=\"container\" data-settings=\"{&quot;animation&quot;:&quot;none&quot;,&quot;background_background&quot;:&quot;classic&quot;}\">\n\t\t\t\t\t<div class=\"e-con-inner\">\n\t\t<div class=\"elementor-element elementor-element-c410dfc e-con-full e-flex elementor-invisible e-con e-child\" data-id=\"c410dfc\" data-element_type=\"container\" data-settings=\"{&quot;animation&quot;:&quot;fadeInRight&quot;,&quot;animation_delay&quot;:300}\">\n\t\t\t\t<div class=\"elementor-element elementor-element-539b6f9 elementor-widget elementor-widget-image\" data-id=\"539b6f9\" data-element_type=\"widget\" data-widget_type=\"image.default\">\n\t\t\t\t<div class=\"elementor-widget-container\">\n\t\t\t\t\t\t\t\t\t\t\t\t\t\t\t<img fetchpriority=\"high\" decoding=\"async\" width=\"800\" height=\"229\" src=\"https:\/\/nv-aalborg.dk\/wp-content\/uploads\/2024\/10\/cropped-netvc3a6rket-1024x293.jpeg\" class=\"attachment-large size-large wp-image-926\" alt=\"\" srcset=\"https:\/\/nv-aalborg.dk\/wp-content\/uploads\/2024\/10\/cropped-netvc3a6rket-1024x293.jpeg 1024w, https:\/\/nv-aalborg.dk\/wp-content\/uploads\/2024\/10\/cropped-netvc3a6rket-300x86.jpeg 300w, https:\/\/nv-aalborg.dk\/wp-content\/uploads\/2024\/10\/cropped-netvc3a6rket-768x219.jpeg 768w, https:\/\/nv-aalborg.dk\/wp-content\/uploads\/2024\/10\/cropped-netvc3a6rket.jpeg 1400w\" sizes=\"(max-width: 800px) 100vw, 800px\" \/>\t\t\t\t\t\t\t\t\t\t\t\t\t\t\t<\/div>\n\t\t\t\t<\/div>\n\t\t\t\t<\/div>\n\t\t<div class=\"elementor-element elementor-element-d984c29 e-con-full e-flex elementor-invisible e-con e-child\" data-id=\"d984c29\" data-element_type=\"container\" data-settings=\"{&quot;animation&quot;:&quot;fadeInUp&quot;}\">\n\t\t\t\t<div class=\"elementor-element elementor-element-b60adfd elementor-widget elementor-widget-text-editor\" data-id=\"b60adfd\" data-element_type=\"widget\" data-widget_type=\"text-editor.default\">\n\t\t\t\t<div class=\"elementor-widget-container\">\n\t\t\t\t\t\t\t\t\t<p class=\"p1\">Siden 2003 har NETV\u00c6RKET v\u00e6ret et veletableret og anerkendt privat tilbud inden for socialp\u00e6dagogisk st\u00f8tte. Vi samarbejder med kommuner over hele landet for at levere skr\u00e6ddersyede l\u00f8sninger, der skaber varig forandring for vores brugere.<\/p>\t\t\t\t\t\t\t\t<\/div>\n\t\t\t\t<\/div>\n\t\t\t\t<div class=\"elementor-element elementor-element-4e3f12f elementor-absolute elementor-widget elementor-widget-menu-anchor\" data-id=\"4e3f12f\" data-element_type=\"widget\" data-settings=\"{&quot;_position&quot;:&quot;absolute&quot;}\" data-widget_type=\"menu-anchor.default\">\n\t\t\t\t<div class=\"elementor-widget-container\">\n\t\t\t\t\t\t\t<div class=\"elementor-menu-anchor\" id=\"mere\"><\/div>\n\t\t\t\t\t\t<\/div>\n\t\t\t\t<\/div>\n\t\t\t\t<div class=\"elementor-element elementor-element-99a2e82 elementor-widget elementor-widget-heading\" data-id=\"99a2e82\" data-element_type=\"widget\" data-widget_type=\"heading.default\">\n\t\t\t\t<div class=\"elementor-widget-container\">\n\t\t\t\t\t<h3 class=\"elementor-heading-title elementor-size-default\">Med mere end 22 \u00e5rs erfaring tilbyder vi en bred vifte af ydelser, herunder: <\/h3>\t\t\t\t<\/div>\n\t\t\t\t<\/div>\n\t\t\t\t<div class=\"elementor-element elementor-element-c30c0d0 elementor-icon-list--layout-traditional elementor-list-item-link-full_width elementor-widget elementor-widget-icon-list\" data-id=\"c30c0d0\" data-element_type=\"widget\" data-widget_type=\"icon-list.default\">\n\t\t\t\t<div class=\"elementor-widget-container\">\n\t\t\t\t\t\t\t<ul class=\"elementor-icon-list-items\">\n\t\t\t\t\t\t\t<li class=\"elementor-icon-list-item\">\n\t\t\t\t\t\t\t\t\t\t\t<span class=\"elementor-icon-list-icon\">\n\t\t\t\t\t\t\t<i aria-hidden=\"true\" class=\"fas fa-circle\"><\/i>\t\t\t\t\t\t<\/span>\n\t\t\t\t\t\t\t\t\t\t<span class=\"elementor-icon-list-text\">Bost\u00f8tte<\/span>\n\t\t\t\t\t\t\t\t\t<\/li>\n\t\t\t\t\t\t\t\t<li class=\"elementor-icon-list-item\">\n\t\t\t\t\t\t\t\t\t\t\t<span class=\"elementor-icon-list-icon\">\n\t\t\t\t\t\t\t<i aria-hidden=\"true\" class=\"fas fa-circle\"><\/i>\t\t\t\t\t\t<\/span>\n\t\t\t\t\t\t\t\t\t\t<span class=\"elementor-icon-list-text\">Familiebehandling<\/span>\n\t\t\t\t\t\t\t\t\t<\/li>\n\t\t\t\t\t\t\t\t<li class=\"elementor-icon-list-item\">\n\t\t\t\t\t\t\t\t\t\t\t<span class=\"elementor-icon-list-icon\">\n\t\t\t\t\t\t\t<i aria-hidden=\"true\" class=\"fas fa-circle\"><\/i>\t\t\t\t\t\t<\/span>\n\t\t\t\t\t\t\t\t\t\t<span class=\"elementor-icon-list-text\">Efterv\u00e6rn<\/span>\n\t\t\t\t\t\t\t\t\t<\/li>\n\t\t\t\t\t\t\t\t<li class=\"elementor-icon-list-item\">\n\t\t\t\t\t\t\t\t\t\t\t<span class=\"elementor-icon-list-icon\">\n\t\t\t\t\t\t\t<i aria-hidden=\"true\" class=\"fas fa-circle\"><\/i>\t\t\t\t\t\t<\/span>\n\t\t\t\t\t\t\t\t\t\t<span class=\"elementor-icon-list-text\">St\u00f8tte til familier med hjemmeboende b\u00f8rn<\/span>\n\t\t\t\t\t\t\t\t\t<\/li>\n\t\t\t\t\t\t\t\t<li class=\"elementor-icon-list-item\">\n\t\t\t\t\t\t\t\t\t\t\t<span class=\"elementor-icon-list-icon\">\n\t\t\t\t\t\t\t<i aria-hidden=\"true\" class=\"fas fa-circle\"><\/i>\t\t\t\t\t\t<\/span>\n\t\t\t\t\t\t\t\t\t\t<span class=\"elementor-icon-list-text\">Samv\u00e6rsopgaver<\/span>\n\t\t\t\t\t\t\t\t\t<\/li>\n\t\t\t\t\t\t\t\t<li class=\"elementor-icon-list-item\">\n\t\t\t\t\t\t\t\t\t\t\t<span class=\"elementor-icon-list-icon\">\n\t\t\t\t\t\t\t<i aria-hidden=\"true\" class=\"fas fa-circle\"><\/i>\t\t\t\t\t\t<\/span>\n\t\t\t\t\t\t\t\t\t\t<span class=\"elementor-icon-list-text\">Samtaleforl\u00f8b<\/span>\n\t\t\t\t\t\t\t\t\t<\/li>\n\t\t\t\t\t\t\t\t<li class=\"elementor-icon-list-item\">\n\t\t\t\t\t\t\t\t\t\t\t<span class=\"elementor-icon-list-icon\">\n\t\t\t\t\t\t\t<i aria-hidden=\"true\" class=\"fas fa-circle\"><\/i>\t\t\t\t\t\t<\/span>\n\t\t\t\t\t\t\t\t\t\t<span class=\"elementor-icon-list-text\">Akutte opgaver<\/span>\n\t\t\t\t\t\t\t\t\t<\/li>\n\t\t\t\t\t\t\t\t<li class=\"elementor-icon-list-item\">\n\t\t\t\t\t\t\t\t\t\t\t<span class=\"elementor-icon-list-icon\">\n\t\t\t\t\t\t\t<i aria-hidden=\"true\" class=\"fas fa-circle\"><\/i>\t\t\t\t\t\t<\/span>\n\t\t\t\t\t\t\t\t\t\t<span class=\"elementor-icon-list-text\">Specialydelser<\/span>\n\t\t\t\t\t\t\t\t\t<\/li>\n\t\t\t\t\t\t<\/ul>\n\t\t\t\t\t\t<\/div>\n\t\t\t\t<\/div>\n\t\t\t\t<\/div>\n\t\t\t\t\t<\/div>\n\t\t\t\t<\/div>\n\t\t<div class=\"elementor-element elementor-element-1338380 animated-slow e-flex e-con-boxed elementor-invisible e-con e-parent\" data-id=\"1338380\" data-element_type=\"container\" data-settings=\"{&quot;animation&quot;:&quot;fadeInUp&quot;,&quot;animation_delay&quot;:600}\">\n\t\t\t\t\t<div class=\"e-con-inner\">\n\t\t<div class=\"elementor-element elementor-element-f34092a e-con-full e-flex e-con e-child\" data-id=\"f34092a\" data-element_type=\"container\">\n\t\t\t\t<div class=\"elementor-element elementor-element-50cc981 elementor-widget elementor-widget-google_maps\" data-id=\"50cc981\" data-element_type=\"widget\" data-widget_type=\"google_maps.default\">\n\t\t\t\t<div class=\"elementor-widget-container\">\n\t\t\t\t\t\t\t<div class=\"elementor-custom-embed\">\n\t\t\t<iframe loading=\"lazy\"\n\t\t\t\t\tsrc=\"https:\/\/maps.google.com\/maps?q=Vesterbro%2033A%2C%201.%209000%20Aalborg&#038;t=m&#038;z=14&#038;output=embed&#038;iwloc=near\"\n\t\t\t\t\ttitle=\"Vesterbro 33A, 1. 9000 Aalborg\"\n\t\t\t\t\taria-label=\"Vesterbro 33A, 1. 9000 Aalborg\"\n\t\t\t><\/iframe>\n\t\t<\/div>\n\t\t\t\t\t\t<\/div>\n\t\t\t\t<\/div>\n\t\t\t\t<\/div>\n\t\t<div class=\"elementor-element elementor-element-da33734 e-con-full e-flex e-con e-child\" data-id=\"da33734\" data-element_type=\"container\">\n\t\t\t\t<div class=\"elementor-element elementor-element-2c1fdef elementor-widget elementor-widget-heading\" data-id=\"2c1fdef\" data-element_type=\"widget\" data-widget_type=\"heading.default\">\n\t\t\t\t<div class=\"elementor-widget-container\">\n\t\t\t\t\t<h3 class=\"elementor-heading-title elementor-size-default\">Centralt beliggende i Aalborg tilbyder vi et socialp\u00e6dagogisk v\u00e6rested, der er let tilg\u00e6ngeligt - skabt med fokus p\u00e5 tryghed og udvikling.<\/h3>\t\t\t\t<\/div>\n\t\t\t\t<\/div>\n\t\t\t\t<div class=\"elementor-element elementor-element-4e3c1d7 elementor-widget elementor-widget-text-editor\" data-id=\"4e3c1d7\" data-element_type=\"widget\" data-widget_type=\"text-editor.default\">\n\t\t\t\t<div class=\"elementor-widget-container\">\n\t\t\t\t\t\t\t\t\t<p>Vores uddannede personale er dedikeret til at levere kvalitetsorienterede og individuelt tilpassede forl\u00f8b, der im\u00f8dekommer den enkeltes behov. Vi sikrer l\u00f8bende opkvalificering af personale for at opretholde h\u00f8j kvalitet i vores ydelser.<\/p><p>Vi er ogs\u00e5 stolte af at v\u00e6re en b\u00e6redygtig arbejdsplads, der arbejder for at skabe et godt arbejdsmilj\u00f8 og der igennem en positiv indvirkning for vores brugere.<\/p>\t\t\t\t\t\t\t\t<\/div>\n\t\t\t\t<\/div>\n\t\t\t\t<\/div>\n\t\t\t\t\t<\/div>\n\t\t\t\t<\/div>\n\t\t<div class=\"elementor-element elementor-element-a133e9d e-flex e-con-boxed e-con e-parent\" data-id=\"a133e9d\" data-element_type=\"container\">\n\t\t\t\t\t<div class=\"e-con-inner\">\n\t\t<div class=\"elementor-element elementor-element-07d9722 e-con-full e-flex elementor-invisible e-con e-child\" data-id=\"07d9722\" data-element_type=\"container\" data-settings=\"{&quot;background_background&quot;:&quot;classic&quot;,&quot;animation&quot;:&quot;fadeInUp&quot;}\">\n\t\t<div class=\"elementor-element elementor-element-50301de e-con-full e-flex e-con e-child\" data-id=\"50301de\" data-element_type=\"container\" data-settings=\"{&quot;animation&quot;:&quot;none&quot;}\">\n\t\t\t\t<div class=\"elementor-element elementor-element-c111012 elementor-widget elementor-widget-text-editor\" data-id=\"c111012\" data-element_type=\"widget\" data-widget_type=\"text-editor.default\">\n\t\t\t\t<div class=\"elementor-widget-container\">\n\t\t\t\t\t\t\t\t\t<p class=\"p1\">Velkommen til NETV\u00c6RKET \u2013 Her skaber vi sammenh\u00e6ngende og meningsfulde forl\u00f8b, der styrker relationer og trivsel1.<\/p>\t\t\t\t\t\t\t\t<\/div>\n\t\t\t\t<\/div>\n\t\t\t\t<div class=\"elementor-element elementor-element-93383c0 elementor-widget elementor-widget-button\" data-id=\"93383c0\" data-element_type=\"widget\" data-widget_type=\"button.default\">\n\t\t\t\t<div class=\"elementor-widget-container\">\n\t\t\t\t\t\t\t\t\t<div class=\"elementor-button-wrapper\">\n\t\t\t\t\t<a class=\"elementor-button elementor-button-link elementor-size-sm elementor-animation-shrink\" href=\"https:\/\/nv-aalborg.dk\/index.php\/kontakt\/\">\n\t\t\t\t\t\t<span class=\"elementor-button-content-wrapper\">\n\t\t\t\t\t\t\t\t\t<span class=\"elementor-button-text\">Kontakt os<\/span>\n\t\t\t\t\t<\/span>\n\t\t\t\t\t<\/a>\n\t\t\t\t<\/div>\n\t\t\t\t\t\t\t\t<\/div>\n\t\t\t\t<\/div>\n\t\t\t\t<\/div>\n\t\t<div class=\"elementor-element elementor-element-1867b89 e-con-full e-flex e-con e-child\" data-id=\"1867b89\" data-element_type=\"container\" data-settings=\"{&quot;background_background&quot;:&quot;classic&quot;,&quot;background_motion_fx_motion_fx_scrolling&quot;:&quot;yes&quot;,&quot;background_motion_fx_translateY_effect&quot;:&quot;yes&quot;,&quot;background_motion_fx_translateY_speed&quot;:{&quot;unit&quot;:&quot;px&quot;,&quot;size&quot;:2.5,&quot;sizes&quot;:[]},&quot;background_motion_fx_translateY_affectedRange&quot;:{&quot;unit&quot;:&quot;%&quot;,&quot;size&quot;:&quot;&quot;,&quot;sizes&quot;:{&quot;start&quot;:0,&quot;end&quot;:100}},&quot;background_motion_fx_devices&quot;:[&quot;widescreen&quot;,&quot;desktop&quot;,&quot;laptop&quot;,&quot;tablet_extra&quot;,&quot;tablet&quot;,&quot;mobile&quot;]}\">\n\t\t\t\t<\/div>\n\t\t\t\t<\/div>\n\t\t\t\t\t<\/div>\n\t\t\t\t<\/div>\n\t\t\t\t<\/div>\n\t\t","protected":false},"excerpt":{"rendered":"<p>Velkommen til NETV\u00c6RKET L\u00e6s mere M\u00f8d os Kontakt os En sikker mailadresse Kombiforl\u00f8b \u00a783\/\u00a785\u27ad St\u00f8ttet samv\u00e6r\u27ad Overv\u00e5get samv\u00e6r\u27ad Samv\u00e6rslejlighed\u27ad Spiseforstyrelse\u27ad Familiebehandling\u27ad NADA\u27ad Fysisktr\u00e6ning\u27ad Kostvejledning\u27ad Mandagstilbud\u27ad Uledsaget flygtninge\u27ad ICM\u27ad Housing First\u27ad M-ACT\u27ad Siden 2003 har NETV\u00c6RKET v\u00e6ret et veletableret og anerkendt privat tilbud inden for socialp\u00e6dagogisk st\u00f8tte. Vi samarbejder med kommuner over hele landet for at [&hellip;]<\/p>\n","protected":false},"author":2,"featured_media":0,"parent":0,"menu_order":0,"comment_status":"closed","ping_status":"closed","template":"","meta":{"_acf_changed":false,"footnotes":""},"class_list":["post-523","page","type-page","status-publish","hentry"],"acf":[],"_links":{"self":[{"href":"https:\/\/nv-aalborg.dk\/index.php\/wp-json\/wp\/v2\/pages\/523","targetHints":{"allow":["GET"]}}],"collection":[{"href":"https:\/\/nv-aalborg.dk\/index.php\/wp-json\/wp\/v2\/pages"}],"about":[{"href":"https:\/\/nv-aalborg.dk\/index.php\/wp-json\/wp\/v2\/types\/page"}],"author":[{"embeddable":true,"href":"https:\/\/nv-aalborg.dk\/index.php\/wp-json\/wp\/v2\/users\/2"}],"replies":[{"embeddable":true,"href":"https:\/\/nv-aalborg.dk\/index.php\/wp-json\/wp\/v2\/comments?post=523"}],"version-history":[{"count":37,"href":"https:\/\/nv-aalborg.dk\/index.php\/wp-json\/wp\/v2\/pages\/523\/revisions"}],"predecessor-version":[{"id":2621,"href":"https:\/\/nv-aalborg.dk\/index.php\/wp-json\/wp\/v2\/pages\/523\/revisions\/2621"}],"wp:attachment":[{"href":"https:\/\/nv-aalborg.dk\/index.php\/wp-json\/wp\/v2\/media?parent=523"}],"curies":[{"name":"wp","href":"https:\/\/api.w.org\/{rel}","templated":true}]}}