{"id":519,"date":"2024-10-07T15:40:23","date_gmt":"2024-10-07T13:40:23","guid":{"rendered":"https:\/\/nv-aalborg.dk\/?page_id=519"},"modified":"2025-01-23T11:43:12","modified_gmt":"2025-01-23T10:43:12","slug":"special-indsatser","status":"publish","type":"page","link":"https:\/\/nv-aalborg.dk\/index.php\/special-indsatser\/","title":{"rendered":"Special indsatser"},"content":{"rendered":"\t\t<div data-elementor-type=\"wp-page\" data-elementor-id=\"519\" class=\"elementor elementor-519\" data-elementor-post-type=\"page\">\n\t\t\t\t<div class=\"elementor-element elementor-element-8da40b4 e-con-full e-flex e-con e-parent\" data-id=\"8da40b4\" data-element_type=\"container\" data-settings=\"{&quot;background_background&quot;:&quot;classic&quot;,&quot;animation&quot;:&quot;none&quot;}\">\n\t\t<div class=\"elementor-element elementor-element-9d78ed7 e-con-full e-flex e-con e-child\" data-id=\"9d78ed7\" data-element_type=\"container\">\n\t\t\t\t<div class=\"elementor-element elementor-element-c460ffa animated-slow elementor-invisible elementor-widget elementor-widget-heading\" data-id=\"c460ffa\" data-element_type=\"widget\" data-settings=\"{&quot;_animation&quot;:&quot;fadeInUp&quot;}\" data-widget_type=\"heading.default\">\n\t\t\t\t<div class=\"elementor-widget-container\">\n\t\t\t\t\t<h1 class=\"elementor-heading-title elementor-size-default\">Special indsatser<\/h1>\t\t\t\t<\/div>\n\t\t\t\t<\/div>\n\t\t<div class=\"elementor-element elementor-element-1700ea9 e-con-full animated-slow e-flex elementor-invisible e-con e-child\" data-id=\"1700ea9\" data-element_type=\"container\" data-settings=\"{&quot;animation&quot;:&quot;fadeInUp&quot;}\">\n\t\t\t\t<div class=\"elementor-element elementor-element-bf9f84d elementor-invisible elementor-widget elementor-widget-button\" data-id=\"bf9f84d\" data-element_type=\"widget\" data-settings=\"{&quot;_animation&quot;:&quot;fadeInUp&quot;,&quot;_animation_delay&quot;:500}\" data-widget_type=\"button.default\">\n\t\t\t\t<div class=\"elementor-widget-container\">\n\t\t\t\t\t\t\t\t\t<div class=\"elementor-button-wrapper\">\n\t\t\t\t\t<a class=\"elementor-button elementor-button-link elementor-size-sm elementor-animation-shrink\" href=\"#mere\">\n\t\t\t\t\t\t<span class=\"elementor-button-content-wrapper\">\n\t\t\t\t\t\t\t\t\t<span class=\"elementor-button-text\">L\u00e6s mere<\/span>\n\t\t\t\t\t<\/span>\n\t\t\t\t\t<\/a>\n\t\t\t\t<\/div>\n\t\t\t\t\t\t\t\t<\/div>\n\t\t\t\t<\/div>\n\t\t\t\t<\/div>\n\t\t\t\t<\/div>\n\t\t<div class=\"elementor-element elementor-element-ccf34ac e-con-full e-flex e-con e-child\" data-id=\"ccf34ac\" data-element_type=\"container\" data-settings=\"{&quot;background_background&quot;:&quot;classic&quot;}\">\n\t\t\t\t<\/div>\n\t\t\t\t<\/div>\n\t\t<div class=\"elementor-element elementor-element-d5f8c62 e-flex e-con-boxed e-con e-parent\" data-id=\"d5f8c62\" data-element_type=\"container\" data-settings=\"{&quot;animation&quot;:&quot;none&quot;,&quot;background_background&quot;:&quot;classic&quot;}\">\n\t\t\t\t\t<div class=\"e-con-inner\">\n\t\t\t\t<div class=\"elementor-element elementor-element-71697ff elementor-absolute elementor-widget elementor-widget-menu-anchor\" data-id=\"71697ff\" data-element_type=\"widget\" data-settings=\"{&quot;_position&quot;:&quot;absolute&quot;}\" data-widget_type=\"menu-anchor.default\">\n\t\t\t\t<div class=\"elementor-widget-container\">\n\t\t\t\t\t\t\t<div class=\"elementor-menu-anchor\" id=\"mere\"><\/div>\n\t\t\t\t\t\t<\/div>\n\t\t\t\t<\/div>\n\t\t<div class=\"elementor-element elementor-element-96b3fc6 e-con-full e-flex e-con e-child\" data-id=\"96b3fc6\" data-element_type=\"container\">\n\t\t\t\t<div class=\"elementor-element elementor-element-ca56b05 elementor-widget elementor-widget-ucaddon_unlimited_grid\" data-id=\"ca56b05\" data-element_type=\"widget\" data-widget_type=\"ucaddon_unlimited_grid.default\">\n\t\t\t\t<div class=\"elementor-widget-container\">\n\t\t\t\t\t\n<!-- start Unlimited Grid -->\n\t\t<link id='font-awesome-css' href='https:\/\/nv-aalborg.dk\/wp-content\/plugins\/unlimited-elements-for-elementor-premium\/assets_libraries\/font-awesome6\/fontawesome-all.min.css' type='text\/css' rel='stylesheet' >\n\t\t<link id='font-awesome-4-shim-css' href='https:\/\/nv-aalborg.dk\/wp-content\/plugins\/unlimited-elements-for-elementor-premium\/assets_libraries\/font-awesome6\/fontawesome-v4-shims.min.css' type='text\/css' rel='stylesheet' >\n\t\t<link id='fancybox-css' href='https:\/\/nv-aalborg.dk\/wp-content\/plugins\/unlimited-elements-for-elementor-premium\/assets_libraries\/fancybox3\/jquery.fancybox.min.css' type='text\/css' rel='stylesheet' >\n\n<style>\/* widget: Unlimited Grid *\/\n\n\n\n#uc_unlimited_grid_elementor_ca56b05\n{\n  display:grid;\n  grid-auto-rows: 1fr;\n}\n\n.ue-btn\n{\n  text-decoration:none;\n  text-align:center;\n  transition:0.3s;\n}\n\n#uc_unlimited_grid_elementor_ca56b05 .ue-overlay-link\n{\n  display:block;\n  position:absolute;\n  top:0px;\n  bottom:0px;\n  right:0px;\n  left:0px;\n}\n\n#uc_unlimited_grid_elementor_ca56b05 .ue-item\n{\n  position:relative;\n  display:flex;\n  overflow:hidden;\n  background-size:cover;\n}\n\n#uc_unlimited_grid_elementor_ca56b05 .ue-item-overlay\n{\n  position:absolute;\n  top:0;\n  right:0;\n  left:0;\n  bottom:0;\n  transition:0.3s;\n}\n\n#uc_unlimited_grid_elementor_ca56b05 .ue-item-bg\n{\n  position:absolute;\n  top:0;\n  right:0;\n  left:0;\n  bottom:0;\n  transition:1.5s;\n  background-size:cover;\n}\n\n\n\t#uc_unlimited_grid_elementor_ca56b05 .ue-item:hover .ue-item-bg\n      {\n        transform:scale(1.1);\n      }\n\t\n\n\n\n\n\n\n#uc_unlimited_grid_elementor_ca56b05 .ue-graphic-element\n{\n  display:inline-flex;\n  align-items:center;\n  justify-content:center;\n  line-height:1em;\n  overflow:hidden;\n}\n\n#uc_unlimited_grid_elementor_ca56b05 .ue-graphic-element svg\n{\n  height:1em;\n  width:1em;\n}\n\n#uc_unlimited_grid_elementor_ca56b05 .ue-graphic-element img\n{\n  display:block;\n}\n\n\t\n\n.ue-item-title\n{\n  font-size:21px;\n}\n\n#uc_unlimited_grid_elementor_ca56b05 .ue-item-content\n{\n  position:relative;\n  width:100%;\n}\n\n\n\n\t\n\n\n\n\n\n\n\n\n\n\n\n\n\n\n\n\n\n  #uc_unlimited_grid_elementor_ca56b05 #uc_unlimited_grid_elementor_ca56b05_item1 .ue-item-bg\n  {\n    background-image:url(https:\/\/nv-aalborg.dk\/wp-content\/uploads\/2024\/10\/joshua-sazon-ysiOlHXJM38-unsplash.jpg);\n  }\n\n\n\n  #uc_unlimited_grid_elementor_ca56b05 #uc_unlimited_grid_elementor_ca56b05_item2 .ue-item-bg\n  {\n    background-image:url(https:\/\/nv-aalborg.dk\/wp-content\/uploads\/2024\/12\/female-psychologist-listening-to-her-patient-durin-2023-11-27-04-55-41-utc.jpg);\n  }\n\n\n\n  #uc_unlimited_grid_elementor_ca56b05 #uc_unlimited_grid_elementor_ca56b05_item3 .ue-item-bg\n  {\n    background-image:url(https:\/\/nv-aalborg.dk\/wp-content\/uploads\/2024\/12\/female-psychologist-talking-with-teenage-girl-15-2023-11-27-05-12-51-utc.jpg);\n  }\n\n\n\n  #uc_unlimited_grid_elementor_ca56b05 #uc_unlimited_grid_elementor_ca56b05_item4 .ue-item-bg\n  {\n    background-image:url(https:\/\/nv-aalborg.dk\/wp-content\/uploads\/2024\/12\/she-keeps-the-room-engaged-2023-11-27-05-08-21-utc.jpg);\n  }\n\n\n\n  #uc_unlimited_grid_elementor_ca56b05 #uc_unlimited_grid_elementor_ca56b05_item5 .ue-item-bg\n  {\n    background-image:url(https:\/\/nv-aalborg.dk\/wp-content\/uploads\/2024\/12\/advice-of-professional-2023-11-27-04-51-47-utc.jpg);\n  }\n\n\n\n\n\n<\/style>\n\n<div id=\"uc_unlimited_grid_elementor_ca56b05\" class=\"ue-unlimited-grid uc-items-wrapper \" >\n  <div id=\"uc_unlimited_grid_elementor_ca56b05_item1\" class=\"ue-item elementor-repeater-item-394dffe\">\n  <div class=\"ue-item-bg\"><\/div>\n  <div class=\"ue-item-overlay\"><\/div>\n  \n    <div class=\"ue-item-content None\">\n                      <div class=\"ue-item-title\">Spiseforstyrrelse<\/div>\n    <div class=\"ue-item-text\"><\/div>\n    <div class=\"ue-btn-wrapper\"><a class=\"ue-btn \" href=\"https:\/\/nv-aalborg.dk\/index.php\/spiseforstyrrelse\/\" >G\u00e5 til Spiseforstyrrelse<\/a><\/div>  <\/div>\n    \n  \n    \n    \n  \n  \n  \n  \n<\/div>\n<div id=\"uc_unlimited_grid_elementor_ca56b05_item2\" class=\"ue-item elementor-repeater-item-b20106c\">\n  <div class=\"ue-item-bg\"><\/div>\n  <div class=\"ue-item-overlay\"><\/div>\n  \n    <div class=\"ue-item-content None\">\n                      <div class=\"ue-item-title\">Kombinationsydelser<\/div>\n    <div class=\"ue-item-text\"><\/div>\n    <div class=\"ue-btn-wrapper\"><a class=\"ue-btn \" href=\"https:\/\/nv-aalborg.dk\/index.php\/kombinationsydelser\/\" >G\u00e5 til Kombinationsydelser<\/a><\/div>  <\/div>\n    \n  \n    \n    \n  \n  \n  \n  \n<\/div>\n<div id=\"uc_unlimited_grid_elementor_ca56b05_item3\" class=\"ue-item elementor-repeater-item-2f4231d\">\n  <div class=\"ue-item-bg\"><\/div>\n  <div class=\"ue-item-overlay\"><\/div>\n  \n    <div class=\"ue-item-content None\">\n                      <div class=\"ue-item-title\">Uledsaget flygtninge<\/div>\n    <div class=\"ue-item-text\"><\/div>\n    <div class=\"ue-btn-wrapper\"><a class=\"ue-btn \" href=\"https:\/\/nv-aalborg.dk\/index.php\/uledsaget-flygtninge-special-indsatser\/\" >G\u00e5 til Uledsaget flygtninge<\/a><\/div>  <\/div>\n    \n  \n    \n    \n  \n  \n  \n  \n<\/div>\n<div id=\"uc_unlimited_grid_elementor_ca56b05_item4\" class=\"ue-item elementor-repeater-item-3dd728c\">\n  <div class=\"ue-item-bg\"><\/div>\n  <div class=\"ue-item-overlay\"><\/div>\n  \n    <div class=\"ue-item-content None\">\n                      <div class=\"ue-item-title\">Specialopgaver inden for autisme og ADHD<\/div>\n    <div class=\"ue-item-text\"><\/div>\n    <div class=\"ue-btn-wrapper\"><a class=\"ue-btn \" href=\"https:\/\/nv-aalborg.dk\/index.php\/specialopgaver-inden-for-autisme-og-adhd\/\" >G\u00e5 til Specialopgaver inden for autisme og ADHD<\/a><\/div>  <\/div>\n    \n  \n    \n    \n  \n  \n  \n  \n<\/div>\n<div id=\"uc_unlimited_grid_elementor_ca56b05_item5\" class=\"ue-item elementor-repeater-item-4b0ca44\">\n  <div class=\"ue-item-bg\"><\/div>\n  <div class=\"ue-item-overlay\"><\/div>\n  \n    <div class=\"ue-item-content None\">\n                      <div class=\"ue-item-title\">Akutte opgaver<\/div>\n    <div class=\"ue-item-text\"><\/div>\n    <div class=\"ue-btn-wrapper\"><a class=\"ue-btn \" href=\"https:\/\/nv-aalborg.dk\/index.php\/akutte-opgaver\/\" >G\u00e5 til Akutte opgaver<\/a><\/div>  <\/div>\n    \n  \n    \n    \n  \n  \n  \n  \n<\/div>\n\n<\/div>\n<!-- end Unlimited Grid -->\t\t\t\t<\/div>\n\t\t\t\t<\/div>\n\t\t\t\t<\/div>\n\t\t\t\t\t<\/div>\n\t\t\t\t<\/div>\n\t\t\t\t<\/div>\n\t\t","protected":false},"excerpt":{"rendered":"<p>Special indsatser L\u00e6s mere Spiseforstyrrelse G\u00e5 til Spiseforstyrrelse Kombinationsydelser G\u00e5 til Kombinationsydelser Uledsaget flygtninge G\u00e5 til Uledsaget flygtninge Specialopgaver inden for autisme og ADHD G\u00e5 til Specialopgaver inden for autisme og ADHD Akutte opgaver G\u00e5 til Akutte opgaver<\/p>\n","protected":false},"author":2,"featured_media":0,"parent":0,"menu_order":0,"comment_status":"closed","ping_status":"closed","template":"","meta":{"_acf_changed":false,"footnotes":""},"class_list":["post-519","page","type-page","status-publish","hentry"],"acf":[],"_links":{"self":[{"href":"https:\/\/nv-aalborg.dk\/index.php\/wp-json\/wp\/v2\/pages\/519","targetHints":{"allow":["GET"]}}],"collection":[{"href":"https:\/\/nv-aalborg.dk\/index.php\/wp-json\/wp\/v2\/pages"}],"about":[{"href":"https:\/\/nv-aalborg.dk\/index.php\/wp-json\/wp\/v2\/types\/page"}],"author":[{"embeddable":true,"href":"https:\/\/nv-aalborg.dk\/index.php\/wp-json\/wp\/v2\/users\/2"}],"replies":[{"embeddable":true,"href":"https:\/\/nv-aalborg.dk\/index.php\/wp-json\/wp\/v2\/comments?post=519"}],"version-history":[{"count":13,"href":"https:\/\/nv-aalborg.dk\/index.php\/wp-json\/wp\/v2\/pages\/519\/revisions"}],"predecessor-version":[{"id":2417,"href":"https:\/\/nv-aalborg.dk\/index.php\/wp-json\/wp\/v2\/pages\/519\/revisions\/2417"}],"wp:attachment":[{"href":"https:\/\/nv-aalborg.dk\/index.php\/wp-json\/wp\/v2\/media?parent=519"}],"curies":[{"name":"wp","href":"https:\/\/api.w.org\/{rel}","templated":true}]}}