{"id":3,"date":"2024-08-16T14:52:16","date_gmt":"2024-08-16T12:52:16","guid":{"rendered":"https:\/\/nv-aalborg.dk\/?page_id=3"},"modified":"2025-04-10T13:29:55","modified_gmt":"2025-04-10T11:29:55","slug":"privatlivspolitik","status":"publish","type":"page","link":"https:\/\/nv-aalborg.dk\/index.php\/privatlivspolitik\/","title":{"rendered":"Privatlivspolitik"},"content":{"rendered":"\t\t<div data-elementor-type=\"wp-page\" data-elementor-id=\"3\" class=\"elementor elementor-3\" data-elementor-post-type=\"page\">\n\t\t\t\t<div class=\"elementor-element elementor-element-25058d91 e-flex e-con-boxed e-con e-parent\" data-id=\"25058d91\" data-element_type=\"container\">\n\t\t\t\t\t<div class=\"e-con-inner\">\n\t\t\t\t<div class=\"elementor-element elementor-element-8f6680a elementor-widget elementor-widget-heading\" data-id=\"8f6680a\" data-element_type=\"widget\" data-widget_type=\"heading.default\">\n\t\t\t\t<div class=\"elementor-widget-container\">\n\t\t\t\t\t<h1 class=\"elementor-heading-title elementor-size-default\">Privatlivspolitik<\/h1>\t\t\t\t<\/div>\n\t\t\t\t<\/div>\n\t\t\t\t<div class=\"elementor-element elementor-element-b617ef7 elementor-widget__width-initial elementor-widget elementor-widget-text-editor\" data-id=\"b617ef7\" data-element_type=\"widget\" data-widget_type=\"text-editor.default\">\n\t\t\t\t<div class=\"elementor-widget-container\">\n\t\t\t\t\t\t\t\t\t<p>Personoplysninger er enhver information om en identificeret person.<\/p><p>Personoplysninger er opdelt i identificerede personer og identificerbare persondata, som er alle former for data, der i et omfang kan relateres til dig. Vores privatlivspolitik g\u00e6lder for de oplysninger, du giver os og\/eller for de oplysninger, vi indsamler fra dig som bruger af vores tjenester eller ved adf\u00e6rden p\u00e5 vores websteder.<\/p><p>I privatlivspolitikken kan du l\u00e6se, hvordan vi h\u00e5ndterer de data, vi kommer i besiddelse af, og hvor l\u00e6nge vi opbevarer data om dig.<\/p><p>Denne privatlivspolitik g\u00e6lder i de tilf\u00e6lde, hvor NETV\u00c6RKET ApS (<span style=\"color: #000000;\"> <a style=\"color: #000000;\" href=\"https:\/\/nvaalborg.dk\">https:\/\/nvaalborg.dk<\/a><\/span> ) er dataansvarlig for behandlingen af dine personoplysninger.<\/p><h4>1.Dataansvarlig<\/h4><p>Vi er dataansvarlig for behandlingen af de personoplysninger, som vi behandler om vores brugere og samarbejdspartnere. Du finder vores kontaktoplysninger nedenfor.<\/p><p>NETV\u00c6RKET ApS<br \/>Vesterbro 33A, 1. <br \/>9000 Aalborg<br \/>CVR-num.: 27124879<\/p><p>Du er velkommen til at kontakte os p\u00e5 <strong><a href=\"mailto:info@nv-aalborg.dk\">info@nv-aalborg.dk<\/a><\/strong>. Skriv \u201cPrivatlivspolitik\u201d i emnelinjen. Du kan skrive til os, hvis du har sp\u00f8rgsm\u00e5l til behandlingen af dine personoplysninger, hvis du vil g\u00f8re krav p\u00e5 dine rettigheder, hvis du \u00f8nsker at \u00e6ndre eller slette dine registrerede personoplysninger om dig, eller hvis du har sp\u00f8rgsm\u00e5l i forhold til vores privatlivspolitik.<\/p><h4>2.Behandlingsaktiviteter<\/h4><p>Som dataansvarlig jf. GDPR, s\u00e5 har vi f\u00f8lgende behandlingsaktiviteter.<\/p><h6><strong>2.1 Bes\u00f8g p\u00e5 hjemmeside<\/strong><\/h6><p>N\u00e5r du bes\u00f8ger vores hjemmeside ( <span style=\"color: #000000;\"><a style=\"color: #000000;\" href=\"https:\/\/nvaalborg.dk\">https:\/\/nvaalborg.dk<\/a> <\/span>), s\u00e5 anvender vi cookies for at hjemmesiden kan fungere, hvilket du kan l\u00e6se mere om i vores<span style=\"color: #000000;\"><a style=\"color: #000000;\" href=\"https:\/\/nv-aalborg.dk\/index.php\/cookiepolitik-eu\/\">\u00a0cookiepolitik<\/a>.<\/span><\/p><p>Du kan til enhver tid afvise brugen af cookies. Du kan g\u00f8re dette ved at \u00e6ndre de relevante indstillinger i din browser. Instruktioner kan findes her: <span style=\"color: #000000;\"><a style=\"color: #000000;\" href=\"https:\/\/simsoft.dk\/hvordan-sletter-man-cookies\/\">Simsoft slette cookies side<\/a><\/span><\/p><h6><strong>2.2 Kommunikation med brugere<\/strong><\/h6><p>N\u00e5r du har sp\u00f8rgsm\u00e5l til vores side, eller \u00f8nsker at h\u00f8re mere om vores services, s\u00e5 kan du kontakte os via:<\/p><ul><li>E-mail<\/li><li>Telefon<\/li><li>Kontaktformular<\/li><\/ul><p>Herigennem vil vi behandle dine\u00a0personoplysninger, s\u00e5 vi kan indg\u00e5 i en dialog med dig fx svare p\u00e5 sp\u00f8rgsm\u00e5l om vores ydelser. Vi behandler kun den information, som du giver os i forbindelse med vores kommunikation.<\/p><p>Vi vil typisk behandle f\u00f8lgende almindelige oplysninger: navn, email, telefonnummer.<\/p><p>Vores hjemmel til at behandle disse personoplysninger er databeskyttelsesforordningens artikel 6, stk. 1 litra f.<\/p><p>Vi sletter vores kommunikation med dig n\u00e5r det st\u00e5r klart om du \u00f8nsker vores ydelser eller ej.<\/p><p>Skulle der i et s\u00e6rligt tilf\u00e6lde opst\u00e5 et behov for at opbevare dine personoplysninger i l\u00e6ngere tid, s\u00e5 vil dette kunne v\u00e6re tilf\u00e6ldet.<\/p><h6><strong>2.3 Bogf\u00f8ring<\/strong><\/h6><p>Vi skal gemme alle regnskabsbilag jf. bogf\u00f8ringsloven. Det betyder, at vi gemmer fakturaer og lignende bilag til brug for regnskabsf\u00f8ring. Heraf kan der fremg\u00e5 almindelige personoplysninger som navn, adresse, ydelsesbeskrivelse.<\/p><p>Vores hjemmel til at behandle personoplysninger til bogf\u00f8ringen er databeskyttelsesforordningens artikel 6, stk.1 litra f.<\/p><p>Vi opbevarer disse oplysninger i minimum 5 \u00e5r efter at indev\u00e6rende regnskabs\u00e5r er afsluttet.\u00a0<\/p><h6><strong>2.4 Klage<\/strong><\/h6><p>Du kan kontakte os med en klage via <strong><a href=\"mailto:info@nv-aalborg.dk\">info@nv-aalborg.dk<\/a>.\u00a0<\/strong> I overensstemmelse med lovgivningen vil vi behandle din klage senest 28 dage i forvejen, eller vi vil desuden give dig besked om behovet for at forl\u00e6nge fristen for behandling af din klage.<\/p><h4>3.Databehandlere<\/h4><p>F\u00e5 kan klare alt selv, og det samme g\u00e6lder os. Vi har derfor samarbejdspartnere, samt benytter os af leverand\u00f8rer, hvoraf nogle kan v\u00e6re databehandlere. Eksterne leverand\u00f8rer kan eksempelvis levere systemer til at organisere vores arbejde, services, r\u00e5dgivning, IT-hosting eller markedsf\u00f8ring.<\/p><p>Det er vores ansvar at sikre, at dine personoplysninger behandles ordentligt. Derfor stiller vi h\u00f8je krav til vores samarbejdspartnere, og vores partnere skal garantere, at dine personoplysninger er beskyttet.<\/p><p>Vi indg\u00e5r derfor aftaler herom med virksomheder (databehandlere), der h\u00e5ndterer personoplysninger p\u00e5 vores vegne for at h\u00f8jne sikkerheden af dine personoplysninger.<\/p><h4>4.Videregivelse af personoplysninger<\/h4><p>Vi videregiver ikke dine personoplysninger til tredjemand.<\/p><h4>5. Profilering og automatiserede afg\u00f8relser<\/h4><p>Vi foretager ikke profilering eller automatiserede afg\u00f8relser.<\/p><h4>6.Tredjelandeoverf\u00f8rsler<\/h4><p>Vi benytter som udgangspunkt databehandlere i EU\/E\u00d8S, eller som opbevarer data i EU\/E\u00d8S.\u00a0<\/p><p>I nogle tilf\u00e6lde er dette ikke muligt, og her kan der benyttes databehandlere udenfor EU\/E\u00d8S, forudsat at de kan sikre tilstr\u00e6kkelig beskyttelse af dine personoplysninger og tilh\u00f8rer sikre tredjelande.<\/p><h4>7.Behandlingssikkerhed<\/h4><p>Vi holder behandlingen af personoplysninger sikker ved at have indf\u00f8rt passende tekniske og organisatoriske foranstaltninger.<\/p><p>Vi har lavet risikovurderinger af vores behandling af personoplysninger, og har herefter indf\u00f8rt passende tekniske og organisatoriske foranstaltninger for at \u00f8ge behandlingssikkerheden.<\/p><p>En af vores vigtigste foranstaltninger er at holde vores medarbejdere opdaterede om GDPR via l\u00f8bende awareness tr\u00e6ning, GDPR kursus, samt ved at gennemg\u00e5 vores GDPR-procedurer med medarbejderne.<\/p><h4>8. De registreredes rettigheder<\/h4><p>Du har efter databeskyttelsesforordningen en r\u00e6kke rettigheder i forhold til vores behandling af oplysninger om dig.<\/p><p>Hvis du vil g\u00f8re brug af dine rettigheder skal du kontakte os, s\u00e5 vi kan hj\u00e6lpe dig med dette.<\/p><h6><strong>8.1 Ret til at se oplysninger (indsigtsret)<\/strong><\/h6><p>Du har ret til at f\u00e5 indsigt i de oplysninger, som vi behandler om dig, samt en r\u00e6kke yderligere oplysninger.<\/p><h6><strong>8.2 Ret til berigtigelse (rettelse)<\/strong><\/h6><p>Du har ret til at f\u00e5 urigtige oplysninger om dig selv rettet.<\/p><h6><strong>8.3 Ret til sletning<\/strong><\/h6><p>I s\u00e6rlige tilf\u00e6lde har du ret til at f\u00e5 slettet oplysninger om dig, inden tidspunktet for vores almindelige generelle sletning indtr\u00e6ffer.<\/p><h6><strong>8.4 Ret til begr\u00e6nsning af behandling<\/strong><\/h6><p>Du har i visse tilf\u00e6lde ret til at f\u00e5 behandlingen af dine personoplysninger begr\u00e6nset. Hvis du har ret til at f\u00e5 begr\u00e6nset behandlingen, m\u00e5 vi fremover kun behandle oplysningerne \u2013 bortset fra opbevaring \u2013 med dit samtykke, eller med henblik p\u00e5 at retskrav kan fastl\u00e6gges, g\u00f8res g\u00e6ldende eller forsvares, eller for at beskytte en person eller vigtige samfundsinteresser.<\/p><h6><strong>8.5 Ret til indsigelse<\/strong><\/h6><p>Du har i visse tilf\u00e6lde ret til at g\u00f8re indsigelse mod vores ellers lovlige behandling af dine personoplysninger. Du kan ogs\u00e5 g\u00f8re indsigelse mod behandling af dine oplysninger til direkte markedsf\u00f8ring.<\/p><h6><strong>8.6 Ret til at transmittere oplysninger (dataportabilitet)<\/strong><\/h6><p>Du har i visse tilf\u00e6lde ret til at modtage dine personoplysninger i et struktureret, almindeligt anvendt og maskinl\u00e6sbart format samt at f\u00e5 overf\u00f8rt disse personoplysninger fra \u00e9n dataansvarlig til en anden uden hindring.<\/p><p>Du kan l\u00e6se mere om dine rettigheder i Datatilsynets vejledning om de registreredes rettigheder, som du finder p\u00e5\u00a0<span style=\"color: #000000;\"><a style=\"color: #000000;\" href=\"http:\/\/www.datatilsynet.dk\/\">www.datatilsynet.dk<\/a>.<\/span><\/p><p>N\u00e5r vores behandling af dine personoplysninger er baseret p\u00e5 dit samtykke, s\u00e5 har du ret til at tr\u00e6kke dit samtykke tilbage.\u00a0<\/p><h4>9.Opbevaring og sletning<\/h4><p>Vi sletter dine personoplysninger, n\u00e5r vi ikke l\u00e6ngere beh\u00f8ver at behandle dem for at opfylde et eller flere af form\u00e5lene n\u00e6vnt ovenfor.<\/p><p>Vi opbevarer dine oplysninger i henhold til g\u00e6ldende lovgivning.<\/p><p>Oplysningerne kan ogs\u00e5 behandles og opbevares l\u00e6ngere, hvis de er anonymiserede.<\/p><p>10. Klage til Datatilsynet<\/p><p>Du har ret til at indgive en klage til Datatilsynet, hvis du er utilfreds med den m\u00e5de, vi behandler dine personoplysninger p\u00e5. Du finder Datatilsynets kontaktoplysninger p\u00e5\u00a0<span style=\"color: #000000;\"><a style=\"color: #000000;\" href=\"http:\/\/www.datatilsynet.dk\/\">www.datatilsynet.dk<\/a>.<\/span><\/p><p>Kontaktoplysninger:\u00a0<\/p><p>Carl Jacobsens Vej 35<br \/>2500 Valby<br \/>Phone: +45 3319 3200<br \/>E-mail:<span style=\"color: #000000;\">\u00a0<a style=\"color: #000000;\" href=\"mailto:dt@datatilsynet.dk\">dt@datatilsynet.dk<\/a><\/span><\/p>\t\t\t\t\t\t\t\t<\/div>\n\t\t\t\t<\/div>\n\t\t\t\t\t<\/div>\n\t\t\t\t<\/div>\n\t\t\t\t<\/div>\n\t\t","protected":false},"excerpt":{"rendered":"<p>Privatlivspolitik Personoplysninger er enhver information om en identificeret person. Personoplysninger er opdelt i identificerede personer og identificerbare persondata, som er alle former for data, der i et omfang kan relateres til dig. Vores privatlivspolitik g\u00e6lder for de oplysninger, du giver os og\/eller for de oplysninger, vi indsamler fra dig som bruger af vores tjenester eller [&hellip;]<\/p>\n","protected":false},"author":1,"featured_media":0,"parent":0,"menu_order":0,"comment_status":"closed","ping_status":"open","template":"","meta":{"_acf_changed":false,"footnotes":""},"class_list":["post-3","page","type-page","status-publish","hentry"],"acf":[],"_links":{"self":[{"href":"https:\/\/nv-aalborg.dk\/index.php\/wp-json\/wp\/v2\/pages\/3","targetHints":{"allow":["GET"]}}],"collection":[{"href":"https:\/\/nv-aalborg.dk\/index.php\/wp-json\/wp\/v2\/pages"}],"about":[{"href":"https:\/\/nv-aalborg.dk\/index.php\/wp-json\/wp\/v2\/types\/page"}],"author":[{"embeddable":true,"href":"https:\/\/nv-aalborg.dk\/index.php\/wp-json\/wp\/v2\/users\/1"}],"replies":[{"embeddable":true,"href":"https:\/\/nv-aalborg.dk\/index.php\/wp-json\/wp\/v2\/comments?post=3"}],"version-history":[{"count":21,"href":"https:\/\/nv-aalborg.dk\/index.php\/wp-json\/wp\/v2\/pages\/3\/revisions"}],"predecessor-version":[{"id":2677,"href":"https:\/\/nv-aalborg.dk\/index.php\/wp-json\/wp\/v2\/pages\/3\/revisions\/2677"}],"wp:attachment":[{"href":"https:\/\/nv-aalborg.dk\/index.php\/wp-json\/wp\/v2\/media?parent=3"}],"curies":[{"name":"wp","href":"https:\/\/api.w.org\/{rel}","templated":true}]}}